{"id":710133,"date":"2025-08-27T16:32:49","date_gmt":"2025-08-27T13:32:49","guid":{"rendered":"https:\/\/roveyayinevi.com.tr\/index.php\/urun\/eglenceli-bilgi-17-bilim-akilalmaz-deneyler\/"},"modified":"2026-04-16T02:18:51","modified_gmt":"2026-04-15T23:18:51","slug":"eglenceli-bilgi-17-bilim-akilalmaz-deneyler","status":"publish","type":"product","link":"https:\/\/roveyayinevi.com.tr\/index.php\/urun\/eglenceli-bilgi-17-bilim-akilalmaz-deneyler\/","title":{"rendered":"E\u011flenceli Bilgi 17 (Bilim) &#8211; Ak\u0131lalmaz Deneyler"},"content":{"rendered":"<p>\u00c7ok komik, \u00e7ok e\u011flenceli, \u00e7ok keyifli! \u0130\u00e7inizde hi\u00e7 deney yapmak i\u00e7in dayan\u0131lmaz bir istek duydunuz mu? Bu deney kitab\u0131n\u0131n i\u00e7erisinde bir s\u00fcr\u00fc g\u00fcr\u00fclt\u00fcl\u00fc, \u0131slak, \u00e7\u0131lg\u0131n deney var. Size garanti ediyoruz, arkada\u015flar\u0131n\u0131z ve \u00f6\u011fretmenleriniz deliye d\u00f6necek! Merak ettiniz mi? Acaba hangi garip bilim adamlar\u0131 deney u\u011fruna b\u00f6cek yedi? \u00c7al\u0131\u015fmadan nas\u0131l para kazanabilirsiniz? De\u011fi\u015fik ve i\u011fren\u00e7 yemek tarifl erini nereden bulabilirsiniz? <\/p>\n","protected":false},"excerpt":{"rendered":"<p>\u00c7ok komik, \u00e7ok e\u011flenceli, \u00e7ok keyifli! \u0130\u00e7inizde hi\u00e7 deney yapmak i\u00e7in dayan\u0131lmaz bir istek duydunuz mu? Bu deney kitab\u0131n\u0131n i\u00e7erisinde bir s\u00fcr\u00fc g\u00fcr\u00fclt\u00fcl\u00fc, \u0131slak, \u00e7\u0131lg\u0131n deney<span class=\"excerpt-hellip\"> [\u2026]<\/span><\/p>\n","protected":false},"featured_media":0,"template":"","meta":{"_monsterinsights_skip_tracking":false,"_monsterinsights_sitenote_active":false,"_monsterinsights_sitenote_note":"","_monsterinsights_sitenote_category":0},"product_brand":[],"product_cat":[13829,12274],"product_tag":[],"class_list":{"0":"post-710133","1":"product","2":"type-product","3":"status-publish","5":"product_cat-bilimsel-kitaplar","6":"product_cat-cocuk-ve-genclik-kitaplari","7":"pa_cilt-ciltsiz","8":"pa_tur-kitap","9":"pa_yayinevi-timas-cocuk","10":"pa_yazar-nick-arnold","12":"first","13":"instock","14":"sale","15":"shipping-taxable","16":"purchasable","17":"product-type-simple"},"_links":{"self":[{"href":"https:\/\/roveyayinevi.com.tr\/index.php\/wp-json\/wp\/v2\/product\/710133","targetHints":{"allow":["GET"]}}],"collection":[{"href":"https:\/\/roveyayinevi.com.tr\/index.php\/wp-json\/wp\/v2\/product"}],"about":[{"href":"https:\/\/roveyayinevi.com.tr\/index.php\/wp-json\/wp\/v2\/types\/product"}],"wp:attachment":[{"href":"https:\/\/roveyayinevi.com.tr\/index.php\/wp-json\/wp\/v2\/media?parent=710133"}],"wp:term":[{"taxonomy":"product_brand","embeddable":true,"href":"https:\/\/roveyayinevi.com.tr\/index.php\/wp-json\/wp\/v2\/product_brand?post=710133"},{"taxonomy":"product_cat","embeddable":true,"href":"https:\/\/roveyayinevi.com.tr\/index.php\/wp-json\/wp\/v2\/product_cat?post=710133"},{"taxonomy":"product_tag","embeddable":true,"href":"https:\/\/roveyayinevi.com.tr\/index.php\/wp-json\/wp\/v2\/product_tag?post=710133"}],"curies":[{"name":"wp","href":"https:\/\/api.w.org\/{rel}","templated":true}]}}