{"id":710132,"date":"2025-08-27T16:32:49","date_gmt":"2025-08-27T13:32:49","guid":{"rendered":"https:\/\/roveyayinevi.com.tr\/index.php\/urun\/benim-atim-farkli\/"},"modified":"2026-04-16T02:18:51","modified_gmt":"2026-04-15T23:18:51","slug":"benim-atim-farkli","status":"publish","type":"product","link":"https:\/\/roveyayinevi.com.tr\/index.php\/urun\/benim-atim-farkli\/","title":{"rendered":"Benim At\u0131m Farkl\u0131"},"content":{"rendered":"<p>Minikler okusun da b\u00fcy\u00fcs\u00fcn.Yaren, at e\u011fitimi yapan bir \u00e7iftlikte hayvan dostlar\u0131yla birlikte b\u00fcy\u00fcyen bir k\u0131zd\u0131r. Bir g\u00fcn \u00e7iftliklerine bir at gelir. Yaren bu bembeyaz at\u0131 g\u00f6r\u00fcr g\u00f6rmez \u00e7ok sever. Ama at birazc\u0131k inat\u00e7\u0131d\u0131r, bu y\u00fczden Yaren\u2019in ailesi at\u0131n e\u011fitime uygun olmad\u0131\u011f\u0131n\u0131 d\u00fc\u015f\u00fcn\u00fcr. Ondan vazge\u00e7eceklerini \u00f6\u011frenen Yaren, acaba ailesini bu g\u00fczel at\u0131n onlarla kalmas\u0131 i\u00e7in ikna edebilecek mi? <\/p>\n","protected":false},"excerpt":{"rendered":"<p>Minikler okusun da b\u00fcy\u00fcs\u00fcn.Yaren, at e\u011fitimi yapan bir \u00e7iftlikte hayvan dostlar\u0131yla birlikte b\u00fcy\u00fcyen bir k\u0131zd\u0131r. Bir g\u00fcn \u00e7iftliklerine bir at gelir. Yaren bu bembeyaz at\u0131 g\u00f6r\u00fcr<span class=\"excerpt-hellip\"> [\u2026]<\/span><\/p>\n","protected":false},"featured_media":0,"template":"","meta":{"_monsterinsights_skip_tracking":false,"_monsterinsights_sitenote_active":false,"_monsterinsights_sitenote_note":"","_monsterinsights_sitenote_category":0},"product_brand":[],"product_cat":[12913,12274],"product_tag":[],"class_list":{"0":"post-710132","1":"product","2":"type-product","3":"status-publish","5":"product_cat-3-6-yas-kitaplari","6":"product_cat-cocuk-ve-genclik-kitaplari","7":"pa_cilt-ciltsiz","8":"pa_tur-kitap","9":"pa_yayinevi-timas-cocuk","10":"pa_yazar-esin-bacaci-taner","12":"first","13":"instock","14":"sale","15":"shipping-taxable","16":"purchasable","17":"product-type-simple"},"_links":{"self":[{"href":"https:\/\/roveyayinevi.com.tr\/index.php\/wp-json\/wp\/v2\/product\/710132","targetHints":{"allow":["GET"]}}],"collection":[{"href":"https:\/\/roveyayinevi.com.tr\/index.php\/wp-json\/wp\/v2\/product"}],"about":[{"href":"https:\/\/roveyayinevi.com.tr\/index.php\/wp-json\/wp\/v2\/types\/product"}],"wp:attachment":[{"href":"https:\/\/roveyayinevi.com.tr\/index.php\/wp-json\/wp\/v2\/media?parent=710132"}],"wp:term":[{"taxonomy":"product_brand","embeddable":true,"href":"https:\/\/roveyayinevi.com.tr\/index.php\/wp-json\/wp\/v2\/product_brand?post=710132"},{"taxonomy":"product_cat","embeddable":true,"href":"https:\/\/roveyayinevi.com.tr\/index.php\/wp-json\/wp\/v2\/product_cat?post=710132"},{"taxonomy":"product_tag","embeddable":true,"href":"https:\/\/roveyayinevi.com.tr\/index.php\/wp-json\/wp\/v2\/product_tag?post=710132"}],"curies":[{"name":"wp","href":"https:\/\/api.w.org\/{rel}","templated":true}]}}