{"id":710130,"date":"2025-08-27T16:32:47","date_gmt":"2025-08-27T13:32:47","guid":{"rendered":"https:\/\/roveyayinevi.com.tr\/index.php\/urun\/eglenceli-bilgi-18-hobi-nefis-cikolata\/"},"modified":"2026-04-16T02:18:51","modified_gmt":"2026-04-15T23:18:51","slug":"eglenceli-bilgi-18-hobi-nefis-cikolata","status":"publish","type":"product","link":"https:\/\/roveyayinevi.com.tr\/index.php\/urun\/eglenceli-bilgi-18-hobi-nefis-cikolata\/","title":{"rendered":"E\u011flenceli Bilgi 18 (Hobi) &#8211; Nefis \u00c7ikolata"},"content":{"rendered":"<p>Her \u015fey bir \u00e7ekirdekle ba\u015flad\u0131!Bir paket \u00e7ikolatay\u0131 ortaya koyarsan, an\u0131nda bir dolu yeni arkada\u015f\u0131n olur ama birinin \u00e7ikolatas\u0131ndan bir \u0131s\u0131r\u0131k almay\u0131 denersen y\u00fcz\u00fcndeki deh\u015feti g\u00f6rebilirsin. Evet, ba\u015fka hi\u00e7bir \u015fey \u00e7ikolatayla ayn\u0131 etkiye sahip olamaz. Kakao \u00e7ekirdekleri, s\u0131cak \u00e7ikolatalar ve \u00e7ikolata barlar\u0131yla dolu bu kitap hem \u00e7ocuklar\u0131 hem de yeti\u015fkinleri \u00e7\u0131lg\u0131na \u00e7evirecek. Orta Amerika\u2019da ba\u015flayan ve t\u00fcm d\u00fcnyay\u0131 yava\u015f yava\u015f saran bu lezzet f\u0131rt\u0131nas\u0131 hakk\u0131nda en ilgin\u00e7 bilgiler, en tuhaf tarifler, en garip hik\u00e2yeler, en komik karikat\u00fcrler Nefi s \u00c7ikolata kitab\u0131nda\u2026 <\/p>\n","protected":false},"excerpt":{"rendered":"<p>Her \u015fey bir \u00e7ekirdekle ba\u015flad\u0131!Bir paket \u00e7ikolatay\u0131 ortaya koyarsan, an\u0131nda bir dolu yeni arkada\u015f\u0131n olur ama birinin \u00e7ikolatas\u0131ndan bir \u0131s\u0131r\u0131k almay\u0131 denersen y\u00fcz\u00fcndeki deh\u015feti g\u00f6rebilirsin. Evet,<span class=\"excerpt-hellip\"> [\u2026]<\/span><\/p>\n","protected":false},"featured_media":0,"template":"","meta":{"_monsterinsights_skip_tracking":false,"_monsterinsights_sitenote_active":false,"_monsterinsights_sitenote_note":"","_monsterinsights_sitenote_category":0},"product_brand":[],"product_cat":[13829,12274],"product_tag":[],"class_list":{"0":"post-710130","1":"product","2":"type-product","3":"status-publish","5":"product_cat-bilimsel-kitaplar","6":"product_cat-cocuk-ve-genclik-kitaplari","7":"pa_cilt-ciltsiz","8":"pa_tur-kitap","9":"pa_yayinevi-timas-cocuk","10":"pa_yazar-alan-macdonald","12":"first","13":"instock","14":"sale","15":"shipping-taxable","16":"purchasable","17":"product-type-simple"},"_links":{"self":[{"href":"https:\/\/roveyayinevi.com.tr\/index.php\/wp-json\/wp\/v2\/product\/710130","targetHints":{"allow":["GET"]}}],"collection":[{"href":"https:\/\/roveyayinevi.com.tr\/index.php\/wp-json\/wp\/v2\/product"}],"about":[{"href":"https:\/\/roveyayinevi.com.tr\/index.php\/wp-json\/wp\/v2\/types\/product"}],"wp:attachment":[{"href":"https:\/\/roveyayinevi.com.tr\/index.php\/wp-json\/wp\/v2\/media?parent=710130"}],"wp:term":[{"taxonomy":"product_brand","embeddable":true,"href":"https:\/\/roveyayinevi.com.tr\/index.php\/wp-json\/wp\/v2\/product_brand?post=710130"},{"taxonomy":"product_cat","embeddable":true,"href":"https:\/\/roveyayinevi.com.tr\/index.php\/wp-json\/wp\/v2\/product_cat?post=710130"},{"taxonomy":"product_tag","embeddable":true,"href":"https:\/\/roveyayinevi.com.tr\/index.php\/wp-json\/wp\/v2\/product_tag?post=710130"}],"curies":[{"name":"wp","href":"https:\/\/api.w.org\/{rel}","templated":true}]}}