{"id":710129,"date":"2025-08-27T16:32:47","date_gmt":"2025-08-27T13:32:47","guid":{"rendered":"https:\/\/roveyayinevi.com.tr\/index.php\/urun\/eglenceli-bilgi-16-bilim-obur-etoburlar\/"},"modified":"2026-04-16T02:18:51","modified_gmt":"2026-04-15T23:18:51","slug":"eglenceli-bilgi-16-bilim-obur-etoburlar","status":"publish","type":"product","link":"https:\/\/roveyayinevi.com.tr\/index.php\/urun\/eglenceli-bilgi-16-bilim-obur-etoburlar\/","title":{"rendered":"E\u011flenceli Bilgi 16 (Bilim) &#8211; Obur Etoburlar"},"content":{"rendered":"<p>\u00c7ok komik, \u00e7ok \u015fa\u015f\u0131rt\u0131c\u0131, \u00e7ok keyifli! En Ac\u0131mas\u0131z Yarat\u0131k Yar\u0131\u015fmas\u0131\u2019na ho\u015f geldiniz! Bu yar\u0131\u015fmada d\u00fcnyadaki en vah\u015fi yarat\u0131klar korkusuz j\u00fcrimiz taraf\u0131ndan belirleniyor! Vah\u015fi k\u00f6pek bal\u0131klar\u0131, kurnaz timsahlar, sinsi y\u0131lanlar, devasa kediler, ezici ay\u0131lar\u2026 Acaba hangisi kazanacak? \u201cD\u00fcnyan\u0131n en ac\u0131mas\u0131z yarat\u0131\u011f\u0131\u201d Obur Etoburlar\u2019da! Ve tabii ki \u00e7\u0131lg\u0131n testler, ilgin\u00e7 haberler ve bu vah\u015fi yarat\u0131klardan ka\u00e7\u0131nma y\u00f6ntemleri de bu kitapta! <\/p>\n","protected":false},"excerpt":{"rendered":"<p>\u00c7ok komik, \u00e7ok \u015fa\u015f\u0131rt\u0131c\u0131, \u00e7ok keyifli! En Ac\u0131mas\u0131z Yarat\u0131k Yar\u0131\u015fmas\u0131\u2019na ho\u015f geldiniz! Bu yar\u0131\u015fmada d\u00fcnyadaki en vah\u015fi yarat\u0131klar korkusuz j\u00fcrimiz taraf\u0131ndan belirleniyor! Vah\u015fi k\u00f6pek bal\u0131klar\u0131, kurnaz<span class=\"excerpt-hellip\"> [\u2026]<\/span><\/p>\n","protected":false},"featured_media":0,"template":"","meta":{"_monsterinsights_skip_tracking":false,"_monsterinsights_sitenote_active":false,"_monsterinsights_sitenote_note":"","_monsterinsights_sitenote_category":0},"product_brand":[],"product_cat":[13829,12274],"product_tag":[],"class_list":{"0":"post-710129","1":"product","2":"type-product","3":"status-publish","5":"product_cat-bilimsel-kitaplar","6":"product_cat-cocuk-ve-genclik-kitaplari","7":"pa_cilt-ciltsiz","8":"pa_tur-kitap","9":"pa_yayinevi-timas-cocuk","10":"pa_yazar-nick-arnold","12":"first","13":"instock","14":"sale","15":"shipping-taxable","16":"purchasable","17":"product-type-simple"},"_links":{"self":[{"href":"https:\/\/roveyayinevi.com.tr\/index.php\/wp-json\/wp\/v2\/product\/710129","targetHints":{"allow":["GET"]}}],"collection":[{"href":"https:\/\/roveyayinevi.com.tr\/index.php\/wp-json\/wp\/v2\/product"}],"about":[{"href":"https:\/\/roveyayinevi.com.tr\/index.php\/wp-json\/wp\/v2\/types\/product"}],"wp:attachment":[{"href":"https:\/\/roveyayinevi.com.tr\/index.php\/wp-json\/wp\/v2\/media?parent=710129"}],"wp:term":[{"taxonomy":"product_brand","embeddable":true,"href":"https:\/\/roveyayinevi.com.tr\/index.php\/wp-json\/wp\/v2\/product_brand?post=710129"},{"taxonomy":"product_cat","embeddable":true,"href":"https:\/\/roveyayinevi.com.tr\/index.php\/wp-json\/wp\/v2\/product_cat?post=710129"},{"taxonomy":"product_tag","embeddable":true,"href":"https:\/\/roveyayinevi.com.tr\/index.php\/wp-json\/wp\/v2\/product_tag?post=710129"}],"curies":[{"name":"wp","href":"https:\/\/api.w.org\/{rel}","templated":true}]}}