{"id":710128,"date":"2025-08-27T16:32:46","date_gmt":"2025-08-27T13:32:46","guid":{"rendered":"https:\/\/roveyayinevi.com.tr\/index.php\/urun\/galiba-hicbirimiz-bu-dunyadan-sag-cikamiycaz\/"},"modified":"2026-04-16T02:18:51","modified_gmt":"2026-04-15T23:18:51","slug":"galiba-hicbirimiz-bu-dunyadan-sag-cikamiycaz","status":"publish","type":"product","link":"https:\/\/roveyayinevi.com.tr\/index.php\/urun\/galiba-hicbirimiz-bu-dunyadan-sag-cikamiycaz\/","title":{"rendered":"Galiba Hi\u00e7birimiz Bu D\u00fcnyadan Sa\u011f \u00c7\u0131kam\u0131ycaz!"},"content":{"rendered":"<p>E\u011flenerek \u00f6\u011frenmek isteyenlere&#8230; \u0130nsana, \u201cSen ka\u00e7, ben onu oyalar\u0131m\u201ddiyen d\u00fcnya hayat\u0131na aldan\u0131p, \u00f6l\u00fcmden ka\u00e7abilece\u011fini zannedenler&#8230; \u0130mam\u0131n kay\u0131\u011f\u0131na binince, \u201cKaptan m\u00fcsait bir yerde indiriver!\u201d deyip yar\u0131 yolda inece\u011fini d\u00fc- \u015f\u00fcnenler&#8230; \u201cAy hepimizin git\u00e7eee yer oras\u0131\u201dgenellemesiyle kendine teselli arayanlar&#8230;\u201dBenim g\u00f6z\u00fcm topra\u011fa bak\u0131yor. Anam burnuma helva da kokuyor. Gidiciyim ben gidiciii!\u201ddiye korkudan kafay\u0131 yiyip, \u00f6lmekten beter olanlar&#8230; M\u00fcjde! Bu sat\u0131rlar\u0131 okuyorsan\u0131z h\u00e2l\u00e2 ya\u015f\u0131- yorsunuz demektir. Evet, davay\u0131 \u00e7oktan \u00e7akt\u0131\u011f\u0131n\u0131z \u00fczere bu kitap \u00f6l\u00fcmden bahsediyor. \u201c2012\u2019de k\u0131yamet kopacak!\u201d diye k\u0131yametleri koparan Mayalardan tutun, d\u00fcnyaya kaz\u0131k \u00e7akmak i\u00e7in elinden geleni yapan insano\u011flunun \u00f6l\u00fcms\u00fczl\u00fck aray\u0131\u015flar\u0131na, ya\u015fanm\u0131\u015f ilgin\u00e7 \u00f6l\u00fcm \u015fekillerinden, \u00f6lmek i\u00e7in gerekli malzemelere kadar \u00f6l\u00fcmle ilgili akla gelen her \u015fey bu kitapta! \u0130yisi mi siz bu kitab\u0131 \u00f6lmeden \u00f6nce bir okuyun. \u00c7\u00fcnk\u00fc \u201cYalan! Ba\u015fkas\u0131 yalan! D\u00fcnyada \u00f6l\u00fcmden ba\u015fkas\u0131 yalan!\u201d \u015fark\u0131s\u0131nda da \u015fey edildi\u011fi gibi hepimiz bir g\u00fcn \u00f6lece\u011fiz. Ne oldu? Korktunuz mu? Korkmay\u0131n korkmay\u0131n. \u00c7\u00fcnk\u00fc korkunun ecele hi\u00e7bir faydas\u0131 yoktur! Nihahaha! <\/p>\n","protected":false},"excerpt":{"rendered":"<p>E\u011flenerek \u00f6\u011frenmek isteyenlere&#8230; \u0130nsana, \u201cSen ka\u00e7, ben onu oyalar\u0131m\u201ddiyen d\u00fcnya hayat\u0131na aldan\u0131p, \u00f6l\u00fcmden ka\u00e7abilece\u011fini zannedenler&#8230; \u0130mam\u0131n kay\u0131\u011f\u0131na binince, \u201cKaptan m\u00fcsait bir yerde indiriver!\u201d deyip yar\u0131 yolda<span class=\"excerpt-hellip\"> [\u2026]<\/span><\/p>\n","protected":false},"featured_media":0,"template":"","meta":{"_monsterinsights_skip_tracking":false,"_monsterinsights_sitenote_active":false,"_monsterinsights_sitenote_note":"","_monsterinsights_sitenote_category":0},"product_brand":[],"product_cat":[12274,15842],"product_tag":[],"class_list":{"0":"post-710128","1":"product","2":"type-product","3":"status-publish","5":"product_cat-cocuk-ve-genclik-kitaplari","6":"product_cat-egitici-kitaplar","7":"pa_cilt-ciltsiz","8":"pa_tur-kitap","9":"pa_yayinevi-timas-cocuk","10":"pa_yazar-cigdem-can","12":"first","13":"instock","14":"sale","15":"shipping-taxable","16":"purchasable","17":"product-type-simple"},"_links":{"self":[{"href":"https:\/\/roveyayinevi.com.tr\/index.php\/wp-json\/wp\/v2\/product\/710128","targetHints":{"allow":["GET"]}}],"collection":[{"href":"https:\/\/roveyayinevi.com.tr\/index.php\/wp-json\/wp\/v2\/product"}],"about":[{"href":"https:\/\/roveyayinevi.com.tr\/index.php\/wp-json\/wp\/v2\/types\/product"}],"wp:attachment":[{"href":"https:\/\/roveyayinevi.com.tr\/index.php\/wp-json\/wp\/v2\/media?parent=710128"}],"wp:term":[{"taxonomy":"product_brand","embeddable":true,"href":"https:\/\/roveyayinevi.com.tr\/index.php\/wp-json\/wp\/v2\/product_brand?post=710128"},{"taxonomy":"product_cat","embeddable":true,"href":"https:\/\/roveyayinevi.com.tr\/index.php\/wp-json\/wp\/v2\/product_cat?post=710128"},{"taxonomy":"product_tag","embeddable":true,"href":"https:\/\/roveyayinevi.com.tr\/index.php\/wp-json\/wp\/v2\/product_tag?post=710128"}],"curies":[{"name":"wp","href":"https:\/\/api.w.org\/{rel}","templated":true}]}}