{"id":710126,"date":"2025-08-27T16:32:45","date_gmt":"2025-08-27T13:32:45","guid":{"rendered":"https:\/\/roveyayinevi.com.tr\/index.php\/urun\/bilimsel-arastirma-yontemleri-gercek-dunya-arastirmasi\/"},"modified":"2026-04-16T02:18:51","modified_gmt":"2026-04-15T23:18:51","slug":"bilimsel-arastirma-yontemleri-gercek-dunya-arastirmasi","status":"publish","type":"product","link":"https:\/\/roveyayinevi.com.tr\/index.php\/urun\/bilimsel-arastirma-yontemleri-gercek-dunya-arastirmasi\/","title":{"rendered":"Bilimsel Ara\u015ft\u0131rma Y\u00f6ntemleri &#8211; Ger\u00e7ek D\u00fcnya Ara\u015ft\u0131rmas\u0131"},"content":{"rendered":"<p>\u201cGer\u00e7ek D\u00fcnya Ara\u015ft\u0131rmas\u0131\u201dn\u0131 \u00e7evirmek istememizin en \u00f6nemli nedeni, sos-yal bilimciler i\u00e7in nicel ve nitel ara\u015ft\u0131rma y\u00f6ntem bilimine ili\u015fkin en kapsaml\u0131 veri kaynaklar\u0131ndan birisi olmas\u0131d\u0131r. Kitap ba\u015fta \u00f6\u011frenciler, akademisyenler, \u00f6\u011fretmenler, sosyal \u00e7al\u0131\u015fmac\u0131lar, \u00e7e\u015fitli i\u015f kollar\u0131ndaki y\u00f6neticiler ve uzmanlar olmak \u00fczere pek \u00e7ok uygulamac\u0131 ve profesyonelin ara\u015ft\u0131rma y\u00f6ntem bilimine ili\u015fkin sorular\u0131na \u0131\u015f\u0131k tutabilecek niteliktedir. Robson\u2019\u0131n ger\u00e7ek bir d\u00fcnya problemini ara\u015ft\u0131r\u0131rken, \u00f6rnekler \u00fczerinden \u00e7izdi\u011fi a\u00e7\u0131k yol haritas\u0131 ve bu yol haritas\u0131nda izlenecek ad\u0131mlar\u0131 basit ve ayr\u0131nt\u0131l\u0131 bir bi\u00e7imde a\u00e7\u0131klayarak ara\u015ft\u0131rmac\u0131lar\u0131 d\u00fc\u015f\u00fcnmeye sevk etmesi bu kitab\u0131 \u00e7evirmek i\u00e7in de\u011ferli k\u0131lan nedenler aras\u0131ndad\u0131r. Di\u011fer yandan, kitapta a\u00e7\u0131klanan konulara ili\u015fkin web sitesindeki ara\u015ft\u0131rma konular\u0131, yararl\u0131 ba\u011flant\u0131lar, ileri okuma \u00f6nerilerine ili\u015fkin geni\u015f kapsaml\u0131 ek okuma kaynaklar\u0131 okuyucu i\u00e7in zengin bir i\u00e7erik ve referans kayna\u011f\u0131 sunmaktad\u0131r. \ufffcTan\u0131t\u0131m Metni<\/p>\n","protected":false},"excerpt":{"rendered":"<p>\u201cGer\u00e7ek D\u00fcnya Ara\u015ft\u0131rmas\u0131\u201dn\u0131 \u00e7evirmek istememizin en \u00f6nemli nedeni, sos-yal bilimciler i\u00e7in nicel ve nitel ara\u015ft\u0131rma y\u00f6ntem bilimine ili\u015fkin en kapsaml\u0131 veri kaynaklar\u0131ndan birisi olmas\u0131d\u0131r. Kitap ba\u015fta<span class=\"excerpt-hellip\"> [\u2026]<\/span><\/p>\n","protected":false},"featured_media":0,"template":"","meta":{"_monsterinsights_skip_tracking":false,"_monsterinsights_sitenote_active":false,"_monsterinsights_sitenote_note":"","_monsterinsights_sitenote_category":0},"product_brand":[],"product_cat":[12573,12566],"product_tag":[],"class_list":{"0":"post-710126","1":"product","2":"type-product","3":"status-publish","5":"product_cat-akademik-kitaplar","6":"product_cat-egitim","7":"pa_cilt-ciltsiz","8":"pa_tur-kitap","9":"pa_yayinevi-ani-yayincilik","10":"pa_yazar-sahir-cinkir-ve-nihan-demirkasimoglu","12":"first","13":"instock","14":"sale","15":"shipping-taxable","16":"purchasable","17":"product-type-simple"},"_links":{"self":[{"href":"https:\/\/roveyayinevi.com.tr\/index.php\/wp-json\/wp\/v2\/product\/710126","targetHints":{"allow":["GET"]}}],"collection":[{"href":"https:\/\/roveyayinevi.com.tr\/index.php\/wp-json\/wp\/v2\/product"}],"about":[{"href":"https:\/\/roveyayinevi.com.tr\/index.php\/wp-json\/wp\/v2\/types\/product"}],"wp:attachment":[{"href":"https:\/\/roveyayinevi.com.tr\/index.php\/wp-json\/wp\/v2\/media?parent=710126"}],"wp:term":[{"taxonomy":"product_brand","embeddable":true,"href":"https:\/\/roveyayinevi.com.tr\/index.php\/wp-json\/wp\/v2\/product_brand?post=710126"},{"taxonomy":"product_cat","embeddable":true,"href":"https:\/\/roveyayinevi.com.tr\/index.php\/wp-json\/wp\/v2\/product_cat?post=710126"},{"taxonomy":"product_tag","embeddable":true,"href":"https:\/\/roveyayinevi.com.tr\/index.php\/wp-json\/wp\/v2\/product_tag?post=710126"}],"curies":[{"name":"wp","href":"https:\/\/api.w.org\/{rel}","templated":true}]}}