{"id":710125,"date":"2025-08-27T16:32:45","date_gmt":"2025-08-27T13:32:45","guid":{"rendered":"https:\/\/roveyayinevi.com.tr\/index.php\/urun\/siradaki-tesekkurum-bana-yanlis-yapanlara\/"},"modified":"2026-04-16T02:18:51","modified_gmt":"2026-04-15T23:18:51","slug":"siradaki-tesekkurum-bana-yanlis-yapanlara","status":"publish","type":"product","link":"https:\/\/roveyayinevi.com.tr\/index.php\/urun\/siradaki-tesekkurum-bana-yanlis-yapanlara\/","title":{"rendered":"S\u0131radaki Te\u015fekk\u00fcr\u00fcm Bana Yanl\u0131\u015f Yapanlara"},"content":{"rendered":"<p>\u201cHayat\u0131 boyunca hep \u00e7al\u0131\u015fm\u0131\u015f, olup biteni ve sevdiklerini anlamaya \u00e7al\u0131\u015fm\u0131\u015f, k\u0131r\u0131lm\u0131\u015f, can\u0131 o kadar yanm\u0131\u015f ki, belki zaman zaman bu y\u00fczden k\u0131rm\u0131\u015f, hep sava\u015fm\u0131\u015f, anla\u015f\u0131lamamaktan yorulmu\u015f ama hep yeniden ba\u015flam\u0131\u015f, ba\u015f\u0131na gelen hayat dedi\u011fimiz \u015fahane hadisenin f\u0131rt\u0131nal\u0131 g\u00fcnlerinden sonra dost bildiklerini post edip \u00e7\u0131karm\u0131\u015f, olmad\u0131k malzemeden olmad\u0131k g\u00fczellikler olu\u015fturmay\u0131 ba\u015farm\u0131\u015f becerikli kad\u0131nlar&#8230; Size yap\u0131lan yanl\u0131\u015flar\u0131 bir bir ard\u0131n\u0131zda b\u0131rak\u0131rken, Nilg\u00fcn sat\u0131rlar\u0131yla yol arkada\u015f\u0131n\u0131z olacak. Okurken g\u00fcl\u00fcmseyecek, g\u00fcl\u00fcmserken kim bilir neler hat\u0131rlayacaks\u0131n\u0131z.\u201d Her g\u00fcne g\u00fcl\u00fcmseyerek ba\u015flamak i\u00e7in bir sebep bulmak, can\u0131n\u0131z\u0131 s\u0131kanlar\u0131 umursamaman\u0131z gerekti\u011fini hat\u0131rlamak, standart kusursuz hayatlar yerine kendi hayalinizi ya\u015faman\u0131n o kadar da zor olmad\u0131\u011f\u0131n\u0131 fark etmek, kendi de\u011ferinize, sa\u011fl\u0131\u011f\u0131n\u0131za, huzurunuza sahip \u00e7\u0131kmak, herkese yetmek, her i\u015fe yeti\u015fmek her zaman kolay de\u011fil belki. Ancak bir yol arkada\u015f\u0131 elinizden tutarsa ba\u015fka&#8230;Hayat\u0131 boyunca biraz daha fazla kahkahan\u0131n pe\u015finde ko\u015fan, an\u0131lar biriktiren, hayaller kuran, yorulup t\u00f6kezledik\u00e7e yeniden aya\u011fa kalkmaktan usanmayan, gelece\u011fi hep umutla bekleyen, g\u00f6zya\u015f\u0131na da, hatalar\u0131na da sahip \u00e7\u0131kan, ne\u015fesinden kolay kolay vazge\u00e7meyen bir kad\u0131n\u0131n hik\u00e2yesi bu. Herkese tan\u0131d\u0131k gelecek.<\/p>\n","protected":false},"excerpt":{"rendered":"<p>\u201cHayat\u0131 boyunca hep \u00e7al\u0131\u015fm\u0131\u015f, olup biteni ve sevdiklerini anlamaya \u00e7al\u0131\u015fm\u0131\u015f, k\u0131r\u0131lm\u0131\u015f, can\u0131 o kadar yanm\u0131\u015f ki, belki zaman zaman bu y\u00fczden k\u0131rm\u0131\u015f, hep sava\u015fm\u0131\u015f, anla\u015f\u0131lamamaktan yorulmu\u015f<span class=\"excerpt-hellip\"> [\u2026]<\/span><\/p>\n","protected":false},"featured_media":0,"template":"","meta":{"_monsterinsights_skip_tracking":false,"_monsterinsights_sitenote_active":false,"_monsterinsights_sitenote_note":"","_monsterinsights_sitenote_category":0},"product_brand":[],"product_cat":[12777,12291],"product_tag":[],"class_list":{"0":"post-710125","1":"product","2":"type-product","3":"status-publish","5":"product_cat-deneme","6":"product_cat-edebiyat","7":"pa_cilt-ciltsiz","8":"pa_tur-kitap","9":"pa_yayinevi-artemis-yayinlari","10":"pa_yazar-nilgun-bodur","12":"first","13":"instock","14":"sale","15":"shipping-taxable","16":"purchasable","17":"product-type-simple"},"_links":{"self":[{"href":"https:\/\/roveyayinevi.com.tr\/index.php\/wp-json\/wp\/v2\/product\/710125","targetHints":{"allow":["GET"]}}],"collection":[{"href":"https:\/\/roveyayinevi.com.tr\/index.php\/wp-json\/wp\/v2\/product"}],"about":[{"href":"https:\/\/roveyayinevi.com.tr\/index.php\/wp-json\/wp\/v2\/types\/product"}],"wp:attachment":[{"href":"https:\/\/roveyayinevi.com.tr\/index.php\/wp-json\/wp\/v2\/media?parent=710125"}],"wp:term":[{"taxonomy":"product_brand","embeddable":true,"href":"https:\/\/roveyayinevi.com.tr\/index.php\/wp-json\/wp\/v2\/product_brand?post=710125"},{"taxonomy":"product_cat","embeddable":true,"href":"https:\/\/roveyayinevi.com.tr\/index.php\/wp-json\/wp\/v2\/product_cat?post=710125"},{"taxonomy":"product_tag","embeddable":true,"href":"https:\/\/roveyayinevi.com.tr\/index.php\/wp-json\/wp\/v2\/product_tag?post=710125"}],"curies":[{"name":"wp","href":"https:\/\/api.w.org\/{rel}","templated":true}]}}