{"id":710122,"date":"2025-08-27T16:32:43","date_gmt":"2025-08-27T13:32:43","guid":{"rendered":"https:\/\/roveyayinevi.com.tr\/index.php\/urun\/korku-yokus-asagiydi\/"},"modified":"2025-10-22T04:17:06","modified_gmt":"2025-10-22T01:17:06","slug":"korku-yokus-asagiydi","status":"publish","type":"product","link":"https:\/\/roveyayinevi.com.tr\/index.php\/urun\/korku-yokus-asagiydi\/","title":{"rendered":"Korku Yoku\u015f A\u015fa\u011f\u0131yd\u0131"},"content":{"rendered":"<p>Herkesin bildi\u011fi, birbirinden saklad\u0131\u011f\u0131 hik\u00e2yeler\u2026\u0130\u00e7ime, tam da g\u00f6\u011fs\u00fcm\u00fcn ortas\u0131na bir efk\u00e2r geldi \u00e7\u00f6kt\u00fc. \u00c7\u00fcnk\u00fc insan delirmeye yaln\u0131z kald\u0131\u011f\u0131 anlarda ba\u015fl\u0131yor. Eline t \u00fct\u00fcn sar\u0131s\u0131 \u00e7\u00f6kt\u00fc\u011f\u00fcnde maziye tutunmak istiyor. Yaln\u0131zl\u0131ktan ci\u011feri soldu\u011funda hat\u0131rl\u0131yor ilk a\u015fk\u0131n\u0131, sevi\u015fti\u011fi ilk kad\u0131n\u0131. Annesine babas\u0131na yak\u0131\u015fmayan bir adam oldu\u011funu hat\u0131rlat\u0131yor kendine. Bir de t\u00fcrk\u00fc tutturuyor, yar\u0131 f\u0131s\u0131ldar yar\u0131 ba\u011f\u0131r\u0131r s\u00f6yl\u00fcyor. Balkondan de\u011fil, camdan, damdan de\u011fil, t\u00fcm metaforlar\u0131 ve \u00e7a\u011fr\u0131\u015ft\u0131rd\u0131klar\u0131yla \u201ckendinden\u201d atlamak isteyen karakterleri konu al\u0131yor Korku Yoku\u015f A\u015fa\u011f\u0131yd\u0131\u2026Bu karakterlere zaman, olay, mek\u00e2n yard\u0131m ve yatakl\u0131k ediyor. An\u0131l Mert \u00d6zsoy, herkesin bildi\u011fini birbirinden saklad\u0131\u011f\u0131 hik\u00e2yeleri hat\u0131rlat\u0131yor okura\u2026Soka\u011f\u0131n dibini g\u00f6rm\u00fc\u015f, g\u00f6r\u00fcp de susamam\u0131\u015f insanlar\u0131n arka sokaklardaki hararetli kavgas\u0131n\u0131\u2026Korku Yoku\u015f A\u015fa\u011f\u0131yd\u0131, bi\u00e7imi, dili ve rengiyle yetenekli bir yazar\u0131 m\u00fcjdeliyor. <\/p>\n","protected":false},"excerpt":{"rendered":"<p>Herkesin bildi\u011fi, birbirinden saklad\u0131\u011f\u0131 hik\u00e2yeler\u2026\u0130\u00e7ime, tam da g\u00f6\u011fs\u00fcm\u00fcn ortas\u0131na bir efk\u00e2r geldi \u00e7\u00f6kt\u00fc. \u00c7\u00fcnk\u00fc insan delirmeye yaln\u0131z kald\u0131\u011f\u0131 anlarda ba\u015fl\u0131yor. Eline t \u00fct\u00fcn sar\u0131s\u0131 \u00e7\u00f6kt\u00fc\u011f\u00fcnde maziye<span class=\"excerpt-hellip\"> [\u2026]<\/span><\/p>\n","protected":false},"featured_media":0,"template":"","meta":{"_monsterinsights_skip_tracking":false,"_monsterinsights_sitenote_active":false,"_monsterinsights_sitenote_note":"","_monsterinsights_sitenote_category":0},"product_brand":[],"product_cat":[12291,12711],"product_tag":[],"class_list":{"0":"post-710122","1":"product","2":"type-product","3":"status-publish","5":"product_cat-edebiyat","6":"product_cat-roman-oyku","7":"pa_cilt-ciltsiz","8":"pa_tur-kitap","9":"pa_yayinevi-dogan-kitap","10":"pa_yazar-anil-mert-ozsoy","12":"first","13":"instock","14":"sale","15":"shipping-taxable","16":"purchasable","17":"product-type-simple"},"_links":{"self":[{"href":"https:\/\/roveyayinevi.com.tr\/index.php\/wp-json\/wp\/v2\/product\/710122","targetHints":{"allow":["GET"]}}],"collection":[{"href":"https:\/\/roveyayinevi.com.tr\/index.php\/wp-json\/wp\/v2\/product"}],"about":[{"href":"https:\/\/roveyayinevi.com.tr\/index.php\/wp-json\/wp\/v2\/types\/product"}],"wp:attachment":[{"href":"https:\/\/roveyayinevi.com.tr\/index.php\/wp-json\/wp\/v2\/media?parent=710122"}],"wp:term":[{"taxonomy":"product_brand","embeddable":true,"href":"https:\/\/roveyayinevi.com.tr\/index.php\/wp-json\/wp\/v2\/product_brand?post=710122"},{"taxonomy":"product_cat","embeddable":true,"href":"https:\/\/roveyayinevi.com.tr\/index.php\/wp-json\/wp\/v2\/product_cat?post=710122"},{"taxonomy":"product_tag","embeddable":true,"href":"https:\/\/roveyayinevi.com.tr\/index.php\/wp-json\/wp\/v2\/product_tag?post=710122"}],"curies":[{"name":"wp","href":"https:\/\/api.w.org\/{rel}","templated":true}]}}