{"id":710120,"date":"2025-08-27T16:32:42","date_gmt":"2025-08-27T13:32:42","guid":{"rendered":"https:\/\/roveyayinevi.com.tr\/index.php\/urun\/edebiyat-ve-egitim\/"},"modified":"2026-04-16T02:18:51","modified_gmt":"2026-04-15T23:18:51","slug":"edebiyat-ve-egitim","status":"publish","type":"product","link":"https:\/\/roveyayinevi.com.tr\/index.php\/urun\/edebiyat-ve-egitim\/","title":{"rendered":"Edebiyat ve E\u011fitim"},"content":{"rendered":"<p>\u0130nsan\u0131 konu alma ve onu her y\u00f6n\u00fcyle iyiye g\u00f6t\u00fcrme \u00e7abas\u0131 bak\u0131m\u0131ndan edebi-yatla e\u011fitim aras\u0131nda s\u0131k\u0131 bir yak\u0131nl\u0131k vard\u0131r. Bu iki alan, ki\u015finin kendini tan\u0131mas\u0131n\u0131, s\u00fcrekli olarak iyiyi ve g\u00fczeli aramas\u0131n\u0131, daha uyumlu ya\u015famas\u0131n\u0131 ama\u00e7lar. Her ikisi de iyi yurtta\u015flar, \u00e7al\u0131\u015fkan ve yarat\u0131c\u0131 bireyler, erdemli ki\u015filer yeti\u015ftirme \u00e7abas\u0131 g\u00fcder, insanl\u0131\u011fa sayg\u0131y\u0131, yurt ve ulus sevgisini, ki\u015filik ve ba\u011f\u0131ms\u0131zl\u0131k onurunu \u00f6\u011fretir, bunlar\u0131 g\u00f6n\u00fcllerde yerle\u015ftirmeye \u00e7al\u0131\u015f\u0131r. B\u00fct\u00fcn bunlar\u0131 e\u011fitim okul kanal\u0131yla, bir g\u00fczel sanat olan edebiyat ise estetik yolla sa\u011flar. Ger\u00e7ek e\u011fitim, insan\u0131n \u00f6nce kendisini tan\u0131mas\u0131 yolunda ortam haz\u0131rlar, bu tan\u0131may\u0131 ger\u00e7ekle\u015ftirir. Bu yap\u0131l\u0131rsa ki\u015finin kendini olumlu ve olumsuz yanlar\u0131yla kabul etmesi, ya\u015fam plan\u0131n\u0131 ona g\u00f6re yapmas\u0131 ve ba\u015fkalar\u0131yla sa\u011fl\u0131kl\u0131 ili\u015fki kurmas\u0131 kolayla\u015facakt\u0131r. Sanat ve edebiyat da, insan\u0131n kendi \u00f6zelliklerini bilmesi yolunda \u00f6nemli hizmetlerde bulunur. Onun \u00f6n\u00fcne de\u011fi\u015fik se\u00e7enekler ve zengin ya\u015fant\u0131 \u00f6rnekleri getirir. <\/p>\n","protected":false},"excerpt":{"rendered":"<p>\u0130nsan\u0131 konu alma ve onu her y\u00f6n\u00fcyle iyiye g\u00f6t\u00fcrme \u00e7abas\u0131 bak\u0131m\u0131ndan edebi-yatla e\u011fitim aras\u0131nda s\u0131k\u0131 bir yak\u0131nl\u0131k vard\u0131r. Bu iki alan, ki\u015finin kendini tan\u0131mas\u0131n\u0131, s\u00fcrekli olarak<span class=\"excerpt-hellip\"> [\u2026]<\/span><\/p>\n","protected":false},"featured_media":0,"template":"","meta":{"_monsterinsights_skip_tracking":false,"_monsterinsights_sitenote_active":false,"_monsterinsights_sitenote_note":"","_monsterinsights_sitenote_category":0},"product_brand":[],"product_cat":[12573,12566],"product_tag":[],"class_list":{"0":"post-710120","1":"product","2":"type-product","3":"status-publish","5":"product_cat-akademik-kitaplar","6":"product_cat-egitim","7":"pa_cilt-ciltsiz","8":"pa_tur-kitap","9":"pa_yayinevi-ani-yayincilik","10":"pa_yazar-cahit-kavcar","12":"first","13":"instock","14":"sale","15":"shipping-taxable","16":"purchasable","17":"product-type-simple"},"_links":{"self":[{"href":"https:\/\/roveyayinevi.com.tr\/index.php\/wp-json\/wp\/v2\/product\/710120","targetHints":{"allow":["GET"]}}],"collection":[{"href":"https:\/\/roveyayinevi.com.tr\/index.php\/wp-json\/wp\/v2\/product"}],"about":[{"href":"https:\/\/roveyayinevi.com.tr\/index.php\/wp-json\/wp\/v2\/types\/product"}],"wp:attachment":[{"href":"https:\/\/roveyayinevi.com.tr\/index.php\/wp-json\/wp\/v2\/media?parent=710120"}],"wp:term":[{"taxonomy":"product_brand","embeddable":true,"href":"https:\/\/roveyayinevi.com.tr\/index.php\/wp-json\/wp\/v2\/product_brand?post=710120"},{"taxonomy":"product_cat","embeddable":true,"href":"https:\/\/roveyayinevi.com.tr\/index.php\/wp-json\/wp\/v2\/product_cat?post=710120"},{"taxonomy":"product_tag","embeddable":true,"href":"https:\/\/roveyayinevi.com.tr\/index.php\/wp-json\/wp\/v2\/product_tag?post=710120"}],"curies":[{"name":"wp","href":"https:\/\/api.w.org\/{rel}","templated":true}]}}