{"id":710119,"date":"2025-08-27T16:32:42","date_gmt":"2025-08-27T13:32:42","guid":{"rendered":"https:\/\/roveyayinevi.com.tr\/index.php\/urun\/anadolunun-umudu\/"},"modified":"2026-04-16T02:18:51","modified_gmt":"2026-04-15T23:18:51","slug":"anadolunun-umudu","status":"publish","type":"product","link":"https:\/\/roveyayinevi.com.tr\/index.php\/urun\/anadolunun-umudu\/","title":{"rendered":"Anadolu&#8217;nun Umudu"},"content":{"rendered":"<p>De\u011ferli yazar \u00d6ner Ya\u011fc\u0131 kendisine 2016 Vedat G\u00fcnyol Deneme \u00d6d\u00fcl\u00fc\u2019n\u00fc kazand\u0131ran bu kitab\u0131nda okuyaca\u011f\u0131n\u0131z denemeleriyle, Anadolu\u2019ya borcunu \u00f6d\u00fcyor. Anadolu\u2019nun Umudu: Ayd\u0131nl\u0131k, \u00fczerinde ya\u015fad\u0131\u011f\u0131m\u0131z topraklar\u0131n bereketini ve Anadolu\u2019nun en de\u011ferli meyvesinin Cumhuriyet oldu\u011funu anlat\u0131yor. \u00d6ner Ya\u011fc\u0131, emperyalizme, k\u00fcreselle\u015fmeye, postmodernizme kar\u015f\u0131, okurun \u00f6n\u00fcne cesareti ve \u00fctopyay\u0131 koyuyor. \u201cYeni d\u00fcnya d\u00fczeni\u201dnin yaln\u0131zca korkun\u00e7 bir sava\u015f d\u00f6nemine kar\u015f\u0131l\u0131k geldi\u011fini g\u00f6stererek, \u201cb\u00fcy\u00fck insanl\u0131k\u201da sesleniyor. Vedat G\u00fcnyol \u00d6d\u00fcl\u00fc Se\u00e7ici Kurulu \u00d6ner Ya\u011fc\u0131\u2019ya \u00f6d\u00fcl\u00fc a\u015fa\u011f\u0131daki gerek\u00e7eyle verdi: \u201cBat\u0131da reform ve r\u00f6nesans ayd\u0131nl\u0131\u011f\u0131nda geli\u015fen sanat ve k\u00fclt\u00fcr birikiminin, \u00fclkemizdeki c\u0131l\u0131z g\u00f6r\u00fcnt\u00fcs\u00fcnden kurtularak ba\u015far\u0131ya ula\u015fma \u00e7abas\u0131n\u0131 g\u00fc\u00e7lendiren olgular; klasiklerin T\u00fcrk\u00e7e\u2019ye kazand\u0131r\u0131lmas\u0131, K\u00f6y Enstit\u00fcleri ve Halkevlerinin e\u011fitim ve k\u00fclt\u00fcr merkezlerine d\u00f6n\u00fc\u015fmesi, Mustafa Kemal ayd\u0131nlanmas\u0131 olarak nitelenen s\u00fcrecin tohumlar\u0131n\u0131n at\u0131lmas\u0131na neden olmu\u015ftur. Ayd\u0131nlanma \u00fczerine biriktirdi\u011fi ve sistemli bir d\u00fc\u015f\u00fcnce haline getirdi\u011fi Anadolu Ayd\u0131nl\u0131\u011f\u0131n\u0131 yeniden umuda \u00e7evirme ba\u015far\u0131s\u0131n\u0131 g\u00f6steren \u00d6ner Ya\u011fc\u0131, bu s\u00fcreci; ak\u0131c\u0131, etkileyici, okurlar\u0131 ile payla\u015f\u0131r bi\u00e7imde yal\u0131n ve duru bir T\u00fcrk\u00e7eyle anlatmay\u0131 ba\u015fard\u0131\u011f\u0131 i\u00e7in Anadolu\u2019nun Umudu: Ayd\u0131nl\u0131k ba\u015fl\u0131kl\u0131 yay\u0131nlanmam\u0131\u015f yap\u0131t\u0131yla 1. Vedat G\u00fcnyol Deneme \u00d6d\u00fcl\u00fc\u2019n\u00fc kazanm\u0131\u015ft\u0131r.\u201d <\/p>\n","protected":false},"excerpt":{"rendered":"<p>De\u011ferli yazar \u00d6ner Ya\u011fc\u0131 kendisine 2016 Vedat G\u00fcnyol Deneme \u00d6d\u00fcl\u00fc\u2019n\u00fc kazand\u0131ran bu kitab\u0131nda okuyaca\u011f\u0131n\u0131z denemeleriyle, Anadolu\u2019ya borcunu \u00f6d\u00fcyor. Anadolu\u2019nun Umudu: Ayd\u0131nl\u0131k, \u00fczerinde ya\u015fad\u0131\u011f\u0131m\u0131z topraklar\u0131n bereketini ve<span class=\"excerpt-hellip\"> [\u2026]<\/span><\/p>\n","protected":false},"featured_media":0,"template":"","meta":{"_monsterinsights_skip_tracking":false,"_monsterinsights_sitenote_active":false,"_monsterinsights_sitenote_note":"","_monsterinsights_sitenote_category":0},"product_brand":[],"product_cat":[12777,12291],"product_tag":[],"class_list":{"0":"post-710119","1":"product","2":"type-product","3":"status-publish","5":"product_cat-deneme","6":"product_cat-edebiyat","7":"pa_cilt-ciltsiz","8":"pa_tur-kitap","9":"pa_yayinevi-kirmizi-kedi-yayinevi","10":"pa_yazar-oner-yagci","12":"first","13":"instock","14":"sale","15":"shipping-taxable","16":"purchasable","17":"product-type-simple"},"_links":{"self":[{"href":"https:\/\/roveyayinevi.com.tr\/index.php\/wp-json\/wp\/v2\/product\/710119","targetHints":{"allow":["GET"]}}],"collection":[{"href":"https:\/\/roveyayinevi.com.tr\/index.php\/wp-json\/wp\/v2\/product"}],"about":[{"href":"https:\/\/roveyayinevi.com.tr\/index.php\/wp-json\/wp\/v2\/types\/product"}],"wp:attachment":[{"href":"https:\/\/roveyayinevi.com.tr\/index.php\/wp-json\/wp\/v2\/media?parent=710119"}],"wp:term":[{"taxonomy":"product_brand","embeddable":true,"href":"https:\/\/roveyayinevi.com.tr\/index.php\/wp-json\/wp\/v2\/product_brand?post=710119"},{"taxonomy":"product_cat","embeddable":true,"href":"https:\/\/roveyayinevi.com.tr\/index.php\/wp-json\/wp\/v2\/product_cat?post=710119"},{"taxonomy":"product_tag","embeddable":true,"href":"https:\/\/roveyayinevi.com.tr\/index.php\/wp-json\/wp\/v2\/product_tag?post=710119"}],"curies":[{"name":"wp","href":"https:\/\/api.w.org\/{rel}","templated":true}]}}