{"id":710118,"date":"2025-08-27T16:32:41","date_gmt":"2025-08-27T13:32:41","guid":{"rendered":"https:\/\/roveyayinevi.com.tr\/index.php\/urun\/assassins-creed-suikastcinin-inanci-sahipsiz\/"},"modified":"2026-04-16T02:18:51","modified_gmt":"2026-04-15T23:18:51","slug":"assassins-creed-suikastcinin-inanci-sahipsiz","status":"publish","type":"product","link":"https:\/\/roveyayinevi.com.tr\/index.php\/urun\/assassins-creed-suikastcinin-inanci-sahipsiz\/","title":{"rendered":"Assassin&#8217;s Creed: Suikast\u00e7\u0131n\u0131n \u0130nanc\u0131 Sahipsiz"},"content":{"rendered":"<p>HAK\u0130KAT KANLA YAZILACAK!\u201cBen k\u0131l\u0131\u00e7 kullanmakta ustay\u0131m. Ve ben \u00f6ldu\u0308rme i\u015finde yetenekliyim.Bu yetene\u011fimden zevk alm\u0131yorum. Bu i\u015fte sadece iyiyim, o kadar.\u201d1735 LondraHaytham Kenway k\u0131l\u0131\u00e7 tutabilecek ya\u015fa geldi\u011finde beri silah e\u011fitimi al\u0131yordu. Ailesiyle birlikte ya\u015fad\u0131\u011f\u0131 ev sald\u0131r\u0131ya u\u011frad\u0131\u011f\u0131nda -babas\u0131 \u00f6ldu\u0308ru\u0308lmu\u0308\u015f ve k\u0131z karde\u015fi silahl\u0131 adamlarca ka\u00e7\u0131r\u0131lm\u0131\u015ft\u0131- Haytham yuvas\u0131n\u0131 yapabilece\u011fi tek \u015fekilde savundu: \u00d6ldu\u0308rerek.Art\u0131k bir ailesi olmad\u0131\u011f\u0131ndan, gizemli bir e\u011fitmen taraf\u0131ndan al\u0131n\u0131p e\u011fitildi ve \u00f6lu\u0308mcu\u0308l bir katile d\u00f6nu\u0308\u015ftu\u0308. \u00d6\u00e7 alma iste\u011fi onu tu\u0308ketti\u011finde, Haytham intikam almak i\u00e7in ara\u015ft\u0131rmaya ba\u015flad\u0131. Art\u0131k kimseye gu\u0308venmiyor ve bugu\u0308ne kadar bildi\u011fi her \u015feyi sorguluyordu.Assasinler ve Tap\u0131nak\u00e7\u0131lar aras\u0131nda yu\u0308zlerce y\u0131ld\u0131r devam eden sava\u015f\u0131n ortas\u0131na su\u0308ru\u0308klendi\u011finde etraf\u0131 komplo ve ihanetle sar\u0131ld\u0131.Ama o \u00f6ldu\u0308rmek i\u00e7in do\u011fmu\u015f ve e\u011fitilmi\u015fti, kar\u015f\u0131s\u0131na kim \u00e7\u0131karsa \u00e7\u0131ks\u0131n durmayacakt\u0131. <\/p>\n","protected":false},"excerpt":{"rendered":"<p>HAK\u0130KAT KANLA YAZILACAK!\u201cBen k\u0131l\u0131\u00e7 kullanmakta ustay\u0131m. Ve ben \u00f6ldu\u0308rme i\u015finde yetenekliyim.Bu yetene\u011fimden zevk alm\u0131yorum. Bu i\u015fte sadece iyiyim, o kadar.\u201d1735 LondraHaytham Kenway k\u0131l\u0131\u00e7 tutabilecek ya\u015fa geldi\u011finde<span class=\"excerpt-hellip\"> [\u2026]<\/span><\/p>\n","protected":false},"featured_media":0,"template":"","meta":{"_monsterinsights_skip_tracking":false,"_monsterinsights_sitenote_active":false,"_monsterinsights_sitenote_note":"","_monsterinsights_sitenote_category":0},"product_brand":[],"product_cat":[12803,12291],"product_tag":[],"class_list":{"0":"post-710118","1":"product","2":"type-product","3":"status-publish","5":"product_cat-aksiyon-macera","6":"product_cat-edebiyat","7":"pa_cilt-ciltsiz","8":"pa_tur-kitap","9":"pa_yayinevi-epsilon-yayinlari","10":"pa_yazar-oliver-bowden","12":"first","13":"instock","14":"sale","15":"shipping-taxable","16":"purchasable","17":"product-type-simple"},"_links":{"self":[{"href":"https:\/\/roveyayinevi.com.tr\/index.php\/wp-json\/wp\/v2\/product\/710118","targetHints":{"allow":["GET"]}}],"collection":[{"href":"https:\/\/roveyayinevi.com.tr\/index.php\/wp-json\/wp\/v2\/product"}],"about":[{"href":"https:\/\/roveyayinevi.com.tr\/index.php\/wp-json\/wp\/v2\/types\/product"}],"wp:attachment":[{"href":"https:\/\/roveyayinevi.com.tr\/index.php\/wp-json\/wp\/v2\/media?parent=710118"}],"wp:term":[{"taxonomy":"product_brand","embeddable":true,"href":"https:\/\/roveyayinevi.com.tr\/index.php\/wp-json\/wp\/v2\/product_brand?post=710118"},{"taxonomy":"product_cat","embeddable":true,"href":"https:\/\/roveyayinevi.com.tr\/index.php\/wp-json\/wp\/v2\/product_cat?post=710118"},{"taxonomy":"product_tag","embeddable":true,"href":"https:\/\/roveyayinevi.com.tr\/index.php\/wp-json\/wp\/v2\/product_tag?post=710118"}],"curies":[{"name":"wp","href":"https:\/\/api.w.org\/{rel}","templated":true}]}}