{"id":710117,"date":"2025-08-27T16:32:40","date_gmt":"2025-08-27T13:32:40","guid":{"rendered":"https:\/\/roveyayinevi.com.tr\/index.php\/urun\/amok-kosucusu-5\/"},"modified":"2026-04-16T02:18:51","modified_gmt":"2026-04-15T23:18:51","slug":"amok-kosucusu-5","status":"publish","type":"product","link":"https:\/\/roveyayinevi.com.tr\/index.php\/urun\/amok-kosucusu-5\/","title":{"rendered":"Amok Ko\u015fucusu"},"content":{"rendered":"<p>Amok Ko\u015fucusu ikilemlerin hik\u00e2yesidir, vicdan\u0131yla akl\u0131 aras\u0131nda kalanlar\u0131n hik\u00e2yesi\u2026 Ayn\u0131 zamanda bir delilik hali&#8230;Hint Adalar\u0131\u2019nda doktorluk yapan adama g\u00fcn\u00fcn birinde zengin bir kad\u0131n gelir, \u00e7aresizce doktordan yard\u0131m ister, fakat doktor onu reddeder. Kad\u0131n\u0131n zenginli\u011fi ve tav\u0131rlar\u0131 onu \u00f6fkelendirir. Fakat sonras\u0131nda, bir insan\u0131n hayat\u0131n\u0131 hi\u00e7e sayd\u0131\u011f\u0131n\u0131 d\u00fc\u015f\u00fcnen doktor, kad\u0131na yard\u0131m etmedi\u011fi i\u00e7in pi\u015fman olur ve ko\u015fmaya ba\u015flar, halk aras\u0131nda Amok diye bilinen \u00f6l\u00fcmc\u00fcl delilik halinin pen\u00e7esine d\u00fc\u015fm\u00fc\u015ft\u00fcr. \u00d6n\u00fcne gelen her \u015feyi yok ederek ko\u015far ve en sonunda kendisi de yok olur.Stefan Zweig, hayat\u0131n\u0131n bir yans\u0131mas\u0131n\u0131 aktard\u0131\u011f\u0131 bu hik\u00e2yede, intihar kavram\u0131n\u0131, korkular\u0131 ve bir insan\u0131n ya\u015fad\u0131\u011f\u0131 \u00e7\u0131kmazlar\u0131 kendine has tarz\u0131yla okurlar\u0131na aktarmay\u0131 ba\u015far\u0131yor. <\/p>\n","protected":false},"excerpt":{"rendered":"<p>Amok Ko\u015fucusu ikilemlerin hik\u00e2yesidir, vicdan\u0131yla akl\u0131 aras\u0131nda kalanlar\u0131n hik\u00e2yesi\u2026 Ayn\u0131 zamanda bir delilik hali&#8230;Hint Adalar\u0131\u2019nda doktorluk yapan adama g\u00fcn\u00fcn birinde zengin bir kad\u0131n gelir, \u00e7aresizce doktordan<span class=\"excerpt-hellip\"> [\u2026]<\/span><\/p>\n","protected":false},"featured_media":0,"template":"","meta":{"_monsterinsights_skip_tracking":false,"_monsterinsights_sitenote_active":false,"_monsterinsights_sitenote_note":"","_monsterinsights_sitenote_category":0},"product_brand":[],"product_cat":[12782,12291],"product_tag":[],"class_list":{"0":"post-710117","1":"product","2":"type-product","3":"status-publish","5":"product_cat-alman-edebiyati","6":"product_cat-edebiyat","7":"pa_cilt-ciltsiz","8":"pa_tur-kitap","9":"pa_yayinevi-indigo-kitap","10":"pa_yazar-stefan-zweig","12":"first","13":"instock","14":"sale","15":"shipping-taxable","16":"purchasable","17":"product-type-simple"},"_links":{"self":[{"href":"https:\/\/roveyayinevi.com.tr\/index.php\/wp-json\/wp\/v2\/product\/710117","targetHints":{"allow":["GET"]}}],"collection":[{"href":"https:\/\/roveyayinevi.com.tr\/index.php\/wp-json\/wp\/v2\/product"}],"about":[{"href":"https:\/\/roveyayinevi.com.tr\/index.php\/wp-json\/wp\/v2\/types\/product"}],"wp:attachment":[{"href":"https:\/\/roveyayinevi.com.tr\/index.php\/wp-json\/wp\/v2\/media?parent=710117"}],"wp:term":[{"taxonomy":"product_brand","embeddable":true,"href":"https:\/\/roveyayinevi.com.tr\/index.php\/wp-json\/wp\/v2\/product_brand?post=710117"},{"taxonomy":"product_cat","embeddable":true,"href":"https:\/\/roveyayinevi.com.tr\/index.php\/wp-json\/wp\/v2\/product_cat?post=710117"},{"taxonomy":"product_tag","embeddable":true,"href":"https:\/\/roveyayinevi.com.tr\/index.php\/wp-json\/wp\/v2\/product_tag?post=710117"}],"curies":[{"name":"wp","href":"https:\/\/api.w.org\/{rel}","templated":true}]}}