{"id":710115,"date":"2025-08-27T16:32:39","date_gmt":"2025-08-27T13:32:39","guid":{"rendered":"https:\/\/roveyayinevi.com.tr\/index.php\/urun\/issiz-donme-dolap\/"},"modified":"2026-04-16T02:18:51","modified_gmt":"2026-04-15T23:18:51","slug":"issiz-donme-dolap","status":"publish","type":"product","link":"https:\/\/roveyayinevi.com.tr\/index.php\/urun\/issiz-donme-dolap\/","title":{"rendered":"Iss\u0131z D\u00f6nme Dolap"},"content":{"rendered":"<p>\u201cG\u00f6ky\u00fcz\u00fcne bakt\u0131m, siyah bulutlar gri bulutlar\u0131 yutarak yakla\u015ft\u0131lar, k\u00f6pr\u00fcden nehri seyrediyordum, \u0131l\u0131k sert bir damla indi ba\u015f\u0131ma, ard\u0131ndan tufan koptu, m\u00fcthi\u015f bir sa\u011fanak ba\u015flad\u0131. Yar\u0131m saat sonra Place Dauphine\u2019deydim, kul yoktu meydanda, a\u011fa\u00e7lardan \u00e7\u00f6ken koku topraktan do\u011fan kokuyla birle\u015fmi\u015fti: Yery\u00fcz\u00fcn\u00fcn ve g\u00f6ky\u00fcz\u00fcn\u00fcn \u0131ss\u0131zl\u0131\u011f\u0131 ad\u0131na bir susku molas\u0131 ba\u015flas\u0131n, hem de nas\u0131l istedim.D\u00f6nme dolab\u0131n r\u00fczg\u00e2rda hafif\u00e7e sallanan oturma kabinlerinin \u00fczerine d\u00fc\u015fen ya\u011fmur damlalar\u0131n\u0131n sesini duydum, oturdu\u011fum \u0131slak tahta s\u0131radan kalkt\u0131m, gecenin y\u0131kanm\u0131\u015f \u0131\u015f\u0131klar\u0131 aras\u0131ndan yeniden y\u00fcr\u00fcmeye koyuldum.\u201dIss\u0131z D\u00f6nme Dolap Enis Batur\u2019un \u201cyazm\u0131\u015f olduklar\u0131na oldu\u011fu \u00f6l\u00e7\u00fcde yazmaya giri\u015ftiklerine, haz\u0131rland\u0131klar\u0131na da a\u00e7\u0131lan, beslenme a\u011f\u0131n\u0131n ipu\u00e7lar\u0131n\u0131 bar\u0131nd\u0131ran par\u00e7alardan kurulu bir b\u00fct\u00fcnl\u00fck.\u201d <\/p>\n","protected":false},"excerpt":{"rendered":"<p>\u201cG\u00f6ky\u00fcz\u00fcne bakt\u0131m, siyah bulutlar gri bulutlar\u0131 yutarak yakla\u015ft\u0131lar, k\u00f6pr\u00fcden nehri seyrediyordum, \u0131l\u0131k sert bir damla indi ba\u015f\u0131ma, ard\u0131ndan tufan koptu, m\u00fcthi\u015f bir sa\u011fanak ba\u015flad\u0131. Yar\u0131m saat<span class=\"excerpt-hellip\"> [\u2026]<\/span><\/p>\n","protected":false},"featured_media":0,"template":"","meta":{"_monsterinsights_skip_tracking":false,"_monsterinsights_sitenote_active":false,"_monsterinsights_sitenote_note":"","_monsterinsights_sitenote_category":0},"product_brand":[],"product_cat":[12777,12291],"product_tag":[],"class_list":{"0":"post-710115","1":"product","2":"type-product","3":"status-publish","5":"product_cat-deneme","6":"product_cat-edebiyat","7":"pa_cilt-ciltsiz","8":"pa_tur-kitap","9":"pa_yayinevi-kirmizi-kedi-yayinevi","10":"pa_yazar-enis-batur","12":"first","13":"instock","14":"sale","15":"shipping-taxable","16":"purchasable","17":"product-type-simple"},"_links":{"self":[{"href":"https:\/\/roveyayinevi.com.tr\/index.php\/wp-json\/wp\/v2\/product\/710115","targetHints":{"allow":["GET"]}}],"collection":[{"href":"https:\/\/roveyayinevi.com.tr\/index.php\/wp-json\/wp\/v2\/product"}],"about":[{"href":"https:\/\/roveyayinevi.com.tr\/index.php\/wp-json\/wp\/v2\/types\/product"}],"wp:attachment":[{"href":"https:\/\/roveyayinevi.com.tr\/index.php\/wp-json\/wp\/v2\/media?parent=710115"}],"wp:term":[{"taxonomy":"product_brand","embeddable":true,"href":"https:\/\/roveyayinevi.com.tr\/index.php\/wp-json\/wp\/v2\/product_brand?post=710115"},{"taxonomy":"product_cat","embeddable":true,"href":"https:\/\/roveyayinevi.com.tr\/index.php\/wp-json\/wp\/v2\/product_cat?post=710115"},{"taxonomy":"product_tag","embeddable":true,"href":"https:\/\/roveyayinevi.com.tr\/index.php\/wp-json\/wp\/v2\/product_tag?post=710115"}],"curies":[{"name":"wp","href":"https:\/\/api.w.org\/{rel}","templated":true}]}}