{"id":710110,"date":"2025-08-27T16:32:37","date_gmt":"2025-08-27T13:32:37","guid":{"rendered":"https:\/\/roveyayinevi.com.tr\/index.php\/urun\/turkiye-ve-tanzimat\/"},"modified":"2026-03-30T02:20:44","modified_gmt":"2026-03-29T23:20:44","slug":"turkiye-ve-tanzimat","status":"publish","type":"product","link":"https:\/\/roveyayinevi.com.tr\/index.php\/urun\/turkiye-ve-tanzimat\/","title":{"rendered":"T\u00fcrkiye ve Tanzimat"},"content":{"rendered":"<p>Osmanl\u0131 Devlet&#8217;inde 20 y\u0131la yak\u0131n bir s\u00fcre diplomatik g\u00f6revlerde bulunan Frans\u0131z sefirlerinden Eduarda Philippe Engerlhart, Sultan \u0130kinci Mahmud&#8217;un saltanat\u0131n\u0131n sonlar\u0131ndan 1882&#8217;ye kadar ger\u00e7ekle\u015fen m\u00fchim olaylar ve &#8220;Tanz\u00eemat&#8221; hakk\u0131nda derini\u011fine tedk\u00eeklerde bulunmu\u015f, bir \u00e7ok ves\u00eekalar toplam\u0131\u015f, nihayet tedk\u00eeklerinin net\u00eecelerini T\u00fcrkiye ve Tanz\u00eemat &#8211; Devlet-i Osmaniye&#8217;nin T\u00e2rih-i Islahat\u0131 1826&#8217;dan 1882&#8217;ye- kitab\u0131 ile ne\u015fretmi\u015ftir. T\u00fcrkiye ve Tanz\u00eemat kitab\u0131n\u0131 okuyup bug\u00fcnle mukayese etti\u011finizde, Avrupa&#8217;n\u0131n h\u00e2l\u00e2 bizim i\u00e7 mes&#8217;elelerimize, &#8220;onlar meden\u00ee biz barbar imi\u015fiz gibi&#8221; bakmaya ve m\u00fcd\u00e2hale etmeye devam etti\u011fini ve tarih\u00ee mes&#8217;elelerimizi kendi h\u00fcr fikrimizle, ara\u015ft\u0131rarak ve yorumlayarak ele alman\u0131n ne kadar zarur\u00ee bir ihtiya\u00e7 oldu\u011funu hissedeceksiniz. <\/p>\n","protected":false},"excerpt":{"rendered":"<p>Osmanl\u0131 Devlet&#8217;inde 20 y\u0131la yak\u0131n bir s\u00fcre diplomatik g\u00f6revlerde bulunan Frans\u0131z sefirlerinden Eduarda Philippe Engerlhart, Sultan \u0130kinci Mahmud&#8217;un saltanat\u0131n\u0131n sonlar\u0131ndan 1882&#8217;ye kadar ger\u00e7ekle\u015fen m\u00fchim olaylar ve<span class=\"excerpt-hellip\"> [\u2026]<\/span><\/p>\n","protected":false},"featured_media":0,"template":"","meta":{"_monsterinsights_skip_tracking":false,"_monsterinsights_sitenote_active":false,"_monsterinsights_sitenote_note":"","_monsterinsights_sitenote_category":0},"product_brand":[],"product_cat":[12304,13650],"product_tag":[],"class_list":{"0":"post-710110","1":"product","2":"type-product","3":"status-publish","5":"product_cat-tarih","6":"product_cat-turk-tarihi-arastirmalari","7":"pa_cilt-ciltsiz","8":"pa_tur-kitap","9":"pa_yayinevi-otuken-nesriyat","10":"pa_yazar-eduard-philippe-engelhardt","12":"first","13":"instock","14":"sale","15":"shipping-taxable","16":"purchasable","17":"product-type-simple"},"_links":{"self":[{"href":"https:\/\/roveyayinevi.com.tr\/index.php\/wp-json\/wp\/v2\/product\/710110","targetHints":{"allow":["GET"]}}],"collection":[{"href":"https:\/\/roveyayinevi.com.tr\/index.php\/wp-json\/wp\/v2\/product"}],"about":[{"href":"https:\/\/roveyayinevi.com.tr\/index.php\/wp-json\/wp\/v2\/types\/product"}],"wp:attachment":[{"href":"https:\/\/roveyayinevi.com.tr\/index.php\/wp-json\/wp\/v2\/media?parent=710110"}],"wp:term":[{"taxonomy":"product_brand","embeddable":true,"href":"https:\/\/roveyayinevi.com.tr\/index.php\/wp-json\/wp\/v2\/product_brand?post=710110"},{"taxonomy":"product_cat","embeddable":true,"href":"https:\/\/roveyayinevi.com.tr\/index.php\/wp-json\/wp\/v2\/product_cat?post=710110"},{"taxonomy":"product_tag","embeddable":true,"href":"https:\/\/roveyayinevi.com.tr\/index.php\/wp-json\/wp\/v2\/product_tag?post=710110"}],"curies":[{"name":"wp","href":"https:\/\/api.w.org\/{rel}","templated":true}]}}