{"id":710106,"date":"2025-08-27T16:32:34","date_gmt":"2025-08-27T13:32:34","guid":{"rendered":"https:\/\/roveyayinevi.com.tr\/index.php\/urun\/otostopcunun-galaksi-rehberi-serisi-6-kuskucu-somon\/"},"modified":"2026-04-16T02:18:51","modified_gmt":"2026-04-15T23:18:51","slug":"otostopcunun-galaksi-rehberi-serisi-6-kuskucu-somon","status":"publish","type":"product","link":"https:\/\/roveyayinevi.com.tr\/index.php\/urun\/otostopcunun-galaksi-rehberi-serisi-6-kuskucu-somon\/","title":{"rendered":"Otostop\u00e7unun Galaksi Rehberi Serisi 6 &#8211; Ku\u015fkucu Somon"},"content":{"rendered":"<p>Douglas Noel Adams neredeyse her sat\u0131r\u0131nda zek\u00e2 \u015fim\u015fekleri \u00e7akan Otostop\u00e7unun Galaksi Rehberi serisiyle, bilimkurgu t\u00fcr\u00fcn\u00fcn dokusunda geri d\u00f6n\u00fclmez de\u011fi\u015fimler yaratmay\u0131 ba\u015farm\u0131\u015ft\u0131. Ama sonras\u0131nda, herkes ondan yepyeni maceralar beklerken, ne yaz\u0131k ki \u00e7ok gen\u00e7 denebilecek bir ya\u015fta aram\u0131zdan ayr\u0131ld\u0131. B\u00fcy\u00fck bir \u015fa\u015fk\u0131nl\u0131k i\u00e7ine d\u00fc\u015fm\u00fc\u015f dostlar\u0131 i\u00e7in yap\u0131lacak tek bir \u015fey kalm\u0131\u015ft\u0131: Douglas Adams\u2019\u0131n o \u00e7ok sevdi\u011fi bilgisayar\u0131n\u0131n i\u00e7inde derin bir ara\u015ft\u0131rmaya giri\u015fmek ve en az\u0131ndan son kez bile olsa galakside yeniden otostop \u00e7ekebilmek.Ku\u015fkucu Somon\u2019un ortaya \u00e7\u0131k\u0131\u015f maceras\u0131 i\u015fte b\u00f6yle \u00f6zetlenebilir. DNA\u2019n\u0131n o e\u015fsiz k\u0131vrakl\u0131ktaki zek\u00e2s\u0131 bir kez daha kar\u015f\u0131n\u0131zda. \u201cHayat\u201d, \u201cEvren\u201d, \u201cVe Her \u015eey\u201d ad\u0131yla \u00fc\u00e7 temel par\u00e7aya b\u00f6l\u00fcnerek haz\u0131rlanm\u0131\u015f bu \u00e7al\u0131\u015fma, tan\u0131yan herkesin sevdi\u011fi Douglas Adams\u2019a g\u00f6nderilen bir sayg\u0131 ve sevgi selam\u0131 olmas\u0131n\u0131n yan\u0131 s\u0131ra usta yazar\u0131n okurlar\u0131na g\u00fcl\u00fcmseyerek ba\u015f parma\u011f\u0131n\u0131 bir kez daha havaya kald\u0131rmas\u0131d\u0131r asl\u0131nda.En sinirli, en umutsuz okurlar\u0131n bile t\u00fcm beklentilerini rahat rahat kar\u015f\u0131layan bu k\u00fc\u00e7\u00fck kitapta sevgili dostumuz DNA\u2019ya dair daha \u00f6nce kimsenin bilmedi\u011fi ger\u00e7ekleri de \u00f6\u011freneceksiniz. Sonu\u00e7ta pani\u011fe kap\u0131lman\u0131za hi\u00e7 gerek yok, yeter ki havlunuzu yan\u0131n\u0131za almay\u0131 unutmay\u0131n\u2026 <\/p>\n","protected":false},"excerpt":{"rendered":"<p>Douglas Noel Adams neredeyse her sat\u0131r\u0131nda zek\u00e2 \u015fim\u015fekleri \u00e7akan Otostop\u00e7unun Galaksi Rehberi serisiyle, bilimkurgu t\u00fcr\u00fcn\u00fcn dokusunda geri d\u00f6n\u00fclmez de\u011fi\u015fimler yaratmay\u0131 ba\u015farm\u0131\u015ft\u0131. Ama sonras\u0131nda, herkes ondan yepyeni<span class=\"excerpt-hellip\"> [\u2026]<\/span><\/p>\n","protected":false},"featured_media":0,"template":"","meta":{"_monsterinsights_skip_tracking":false,"_monsterinsights_sitenote_active":false,"_monsterinsights_sitenote_note":"","_monsterinsights_sitenote_category":0},"product_brand":[],"product_cat":[12540,12291],"product_tag":[],"class_list":{"0":"post-710106","1":"product","2":"type-product","3":"status-publish","5":"product_cat-bilim-kurgu","6":"product_cat-edebiyat","7":"pa_cilt-ciltsiz","8":"pa_tur-kitap","9":"pa_yayinevi-alfa-yayinlari","10":"pa_yazar-douglas-adams","12":"first","13":"instock","14":"sale","15":"shipping-taxable","16":"purchasable","17":"product-type-simple"},"_links":{"self":[{"href":"https:\/\/roveyayinevi.com.tr\/index.php\/wp-json\/wp\/v2\/product\/710106","targetHints":{"allow":["GET"]}}],"collection":[{"href":"https:\/\/roveyayinevi.com.tr\/index.php\/wp-json\/wp\/v2\/product"}],"about":[{"href":"https:\/\/roveyayinevi.com.tr\/index.php\/wp-json\/wp\/v2\/types\/product"}],"wp:attachment":[{"href":"https:\/\/roveyayinevi.com.tr\/index.php\/wp-json\/wp\/v2\/media?parent=710106"}],"wp:term":[{"taxonomy":"product_brand","embeddable":true,"href":"https:\/\/roveyayinevi.com.tr\/index.php\/wp-json\/wp\/v2\/product_brand?post=710106"},{"taxonomy":"product_cat","embeddable":true,"href":"https:\/\/roveyayinevi.com.tr\/index.php\/wp-json\/wp\/v2\/product_cat?post=710106"},{"taxonomy":"product_tag","embeddable":true,"href":"https:\/\/roveyayinevi.com.tr\/index.php\/wp-json\/wp\/v2\/product_tag?post=710106"}],"curies":[{"name":"wp","href":"https:\/\/api.w.org\/{rel}","templated":true}]}}