{"id":710105,"date":"2025-08-27T16:32:34","date_gmt":"2025-08-27T13:32:34","guid":{"rendered":"https:\/\/roveyayinevi.com.tr\/index.php\/urun\/muhafazakarlik-nedir\/"},"modified":"2026-04-16T02:18:50","modified_gmt":"2026-04-15T23:18:50","slug":"muhafazakarlik-nedir","status":"publish","type":"product","link":"https:\/\/roveyayinevi.com.tr\/index.php\/urun\/muhafazakarlik-nedir\/","title":{"rendered":"Muhafazakarl\u0131k Nedir?"},"content":{"rendered":"<p>En ciddi fikirlerin bile basit bir dille anlat\u0131lmas\u0131 m\u00fcmk\u00fcn m\u00fcd\u00fcr? Kesinlikle evet\u2026Elinizdeki \u00e7al\u0131\u015fma tam da bunu yapmay\u0131 ama\u00e7l\u0131yor. Bir \u201cd\u00fc\u015f\u00fcnce gelene\u011fi\u201d ve bir \u201cideoloji\u201d olarak muhafazak\u00e2rl\u0131\u011f\u0131, en temel \u00e7izgileriyle anlatmay\u0131 ama\u00e7l\u0131yor. Hem de anlamdan t\u00e2viz vermeden, her okuyucuya hitap edecek bi\u00e7imde ve s\u00f6z\u00fc uzatmadan\u2026Onun anlam\u0131n\u0131, di\u011fer ideolojiler aras\u0131ndaki yerini, ilkelerini ve d\u00fc\u015f\u00fcn\u00fcrlerini, ona y\u00f6nelik ele\u015ftirileri ve k\u0131sacas\u0131 ona dair bilinmesi gereken en temel bilgileri bu kitap\u00e7\u0131kta bulacaks\u0131n\u0131z.En az\u0131ndan biz \u00f6yle umuyoruz.<\/p>\n","protected":false},"excerpt":{"rendered":"<p>En ciddi fikirlerin bile basit bir dille anlat\u0131lmas\u0131 m\u00fcmk\u00fcn m\u00fcd\u00fcr? Kesinlikle evet\u2026Elinizdeki \u00e7al\u0131\u015fma tam da bunu yapmay\u0131 ama\u00e7l\u0131yor. Bir \u201cd\u00fc\u015f\u00fcnce gelene\u011fi\u201d ve bir \u201cideoloji\u201d olarak muhafazak\u00e2rl\u0131\u011f\u0131,<span class=\"excerpt-hellip\"> [\u2026]<\/span><\/p>\n","protected":false},"featured_media":0,"template":"","meta":{"_monsterinsights_skip_tracking":false,"_monsterinsights_sitenote_active":false,"_monsterinsights_sitenote_note":"","_monsterinsights_sitenote_category":0},"product_brand":[],"product_cat":[12835,12324],"product_tag":[],"class_list":{"0":"post-710105","1":"product","2":"type-product","3":"status-publish","5":"product_cat-genel-sosyoloji","6":"product_cat-sosyoloji","7":"pa_cilt-ciltsiz","8":"pa_tur-kitap","9":"pa_yayinevi-liberte-yayinlari","10":"pa_yazar-bekir-berat-ozipek","12":"first","13":"instock","14":"sale","15":"shipping-taxable","16":"purchasable","17":"product-type-simple"},"_links":{"self":[{"href":"https:\/\/roveyayinevi.com.tr\/index.php\/wp-json\/wp\/v2\/product\/710105","targetHints":{"allow":["GET"]}}],"collection":[{"href":"https:\/\/roveyayinevi.com.tr\/index.php\/wp-json\/wp\/v2\/product"}],"about":[{"href":"https:\/\/roveyayinevi.com.tr\/index.php\/wp-json\/wp\/v2\/types\/product"}],"wp:attachment":[{"href":"https:\/\/roveyayinevi.com.tr\/index.php\/wp-json\/wp\/v2\/media?parent=710105"}],"wp:term":[{"taxonomy":"product_brand","embeddable":true,"href":"https:\/\/roveyayinevi.com.tr\/index.php\/wp-json\/wp\/v2\/product_brand?post=710105"},{"taxonomy":"product_cat","embeddable":true,"href":"https:\/\/roveyayinevi.com.tr\/index.php\/wp-json\/wp\/v2\/product_cat?post=710105"},{"taxonomy":"product_tag","embeddable":true,"href":"https:\/\/roveyayinevi.com.tr\/index.php\/wp-json\/wp\/v2\/product_tag?post=710105"}],"curies":[{"name":"wp","href":"https:\/\/api.w.org\/{rel}","templated":true}]}}