{"id":710103,"date":"2025-08-27T16:32:33","date_gmt":"2025-08-27T13:32:33","guid":{"rendered":"https:\/\/roveyayinevi.com.tr\/index.php\/urun\/nazar-baskasi-nasil-gorur\/"},"modified":"2026-04-16T02:18:50","modified_gmt":"2026-04-15T23:18:50","slug":"nazar-baskasi-nasil-gorur","status":"publish","type":"product","link":"https:\/\/roveyayinevi.com.tr\/index.php\/urun\/nazar-baskasi-nasil-gorur\/","title":{"rendered":"Nazar &#8211; Ba\u015fkas\u0131 Nas\u0131l G\u00f6r\u00fcr?"},"content":{"rendered":"<p>Nazar, her zaman bir ba\u015fkas\u0131ndan gelir. En bilinen tarifiyle, sahip olduklar\u0131ma, g\u00fczelli\u011fime dikilen kem bir bak\u0131\u015ft\u0131r. Ancak nazar, ben ve ba\u015fkas\u0131 aras\u0131nda cereyan eden say\u0131s\u0131z g\u00f6rme, g\u00f6r\u00fclme, bakma, bak\u0131lma, bak\u0131\u015fma yollar\u0131ndan sadece birisidir. E\u011fer ikimiz aras\u0131nda kem bir nazar varsa, \u201cadil\u201d bi\u00e7imde ili\u015fki kurmad\u0131\u011f\u0131m\u0131z i\u00e7indir. Ba\u015f- kas\u0131n\u0131n bak\u0131\u015f\u0131, \u201cdo\u011fru\u201d bir ili\u015fkide, bak\u0131lana zarar veren bir g\u00f6r\u00fcng\u00fc olmaktan \u00e7\u0131kar. Hatt\u00e2 bu bak\u0131\u015f, kendim olmak i\u00e7in zorunlu bir ba\u011flant\u0131 da olabilir. Ba\u015fkas\u0131n\u0131n g\u00f6rme ve g\u00f6r\u00fcnme bi\u00e7imleri, benim de g\u00f6rebilmemin ko\u015fullar\u0131n\u0131 yarat\u0131r.\u00d6zg\u00fcr Taburo\u011flu, nazar \u00fczerine yap\u0131lan etnolojik nitelikte \u00e7al\u0131\u015fmalar\u0131n \u00f6tesine ge\u00e7erek, farkl\u0131 bakma ve g\u00f6r\u00fcnme bi\u00e7imlerini ay\u0131rt ediyor. Bak\u0131\u015f\u0131n, ben ve ba\u015fkas\u0131 aras\u0131nda bir \u00e7at\u0131\u015fma ve uzla\u015fma alan\u0131 oldu\u011funu ortaya koyuyor. Nazar\u0131n en bilinen anlam\u0131 yan\u0131nda, felsefesini, ruhbilimsel y\u00f6nlerini, g\u00f6r\u00fcng\u00fcbilimini ve varl\u0131kbilimini yokluyor. Bu s\u0131rada farkl\u0131 d\u00fc\u015f\u00fcn\u00fcrleri okuyor: Nietzsche, Scheler, Sartre, Merleau-Ponty, C\u00e9zanne, Levinas, Lacan, Uexk\u00fcll, Deleuze, Agamben, Irigaray, Hadot, \u017di\u017eek ve Vertov. Bu kadar hayat\u0131n i\u00e7erisinden bir g\u00f6r\u00fcng\u00fc \u00fczerine \u00f6nceden dile gelmemi\u015f \u00e7ok say\u0131da ba\u011flant\u0131y\u0131 a\u00e7\u0131\u011fa \u00e7\u0131kar\u0131yor. Nazar\u0131n sadece kem etkilerini de\u011fil, yarat\u0131c\u0131 taraflar\u0131n\u0131 da i\u015faret ediyor. <\/p>\n","protected":false},"excerpt":{"rendered":"<p>Nazar, her zaman bir ba\u015fkas\u0131ndan gelir. En bilinen tarifiyle, sahip olduklar\u0131ma, g\u00fczelli\u011fime dikilen kem bir bak\u0131\u015ft\u0131r. Ancak nazar, ben ve ba\u015fkas\u0131 aras\u0131nda cereyan eden say\u0131s\u0131z g\u00f6rme,<span class=\"excerpt-hellip\"> [\u2026]<\/span><\/p>\n","protected":false},"featured_media":0,"template":"","meta":{"_monsterinsights_skip_tracking":false,"_monsterinsights_sitenote_active":false,"_monsterinsights_sitenote_note":"","_monsterinsights_sitenote_category":0},"product_brand":[],"product_cat":[12312,12304],"product_tag":[],"class_list":{"0":"post-710103","1":"product","2":"type-product","3":"status-publish","5":"product_cat-diger","6":"product_cat-tarih","7":"pa_cilt-ciltsiz","8":"pa_tur-kitap","9":"pa_yayinevi-dogu-bati-yayinlari","10":"pa_yazar-ozgur-taburoglu","12":"first","13":"instock","14":"sale","15":"shipping-taxable","16":"purchasable","17":"product-type-simple"},"_links":{"self":[{"href":"https:\/\/roveyayinevi.com.tr\/index.php\/wp-json\/wp\/v2\/product\/710103","targetHints":{"allow":["GET"]}}],"collection":[{"href":"https:\/\/roveyayinevi.com.tr\/index.php\/wp-json\/wp\/v2\/product"}],"about":[{"href":"https:\/\/roveyayinevi.com.tr\/index.php\/wp-json\/wp\/v2\/types\/product"}],"wp:attachment":[{"href":"https:\/\/roveyayinevi.com.tr\/index.php\/wp-json\/wp\/v2\/media?parent=710103"}],"wp:term":[{"taxonomy":"product_brand","embeddable":true,"href":"https:\/\/roveyayinevi.com.tr\/index.php\/wp-json\/wp\/v2\/product_brand?post=710103"},{"taxonomy":"product_cat","embeddable":true,"href":"https:\/\/roveyayinevi.com.tr\/index.php\/wp-json\/wp\/v2\/product_cat?post=710103"},{"taxonomy":"product_tag","embeddable":true,"href":"https:\/\/roveyayinevi.com.tr\/index.php\/wp-json\/wp\/v2\/product_tag?post=710103"}],"curies":[{"name":"wp","href":"https:\/\/api.w.org\/{rel}","templated":true}]}}