{"id":710095,"date":"2025-08-27T16:32:29","date_gmt":"2025-08-27T13:32:29","guid":{"rendered":"https:\/\/roveyayinevi.com.tr\/index.php\/urun\/hamlet-turuncu-seri\/"},"modified":"2026-04-16T02:18:50","modified_gmt":"2026-04-15T23:18:50","slug":"hamlet-turuncu-seri","status":"publish","type":"product","link":"https:\/\/roveyayinevi.com.tr\/index.php\/urun\/hamlet-turuncu-seri\/","title":{"rendered":"Hamlet (Turuncu Seri)"},"content":{"rendered":"<p>Hamlet, William Shakespeare\u2019in en \u00fcnl\u00fc eserlerinden biridir. Danimarka karl\u0131 beklenmedik bir bi\u00e7imde hayat\u0131n\u0131 kaybeder. Babas\u0131n\u0131n bu ani \u00f6l\u00fcm\u00fc nedeniyle, Prens Hamlet b\u00fcy\u00fck bir \u00fcz\u00fcnt\u00fc ve keder i\u00e7indedir. \u00dcst\u00fcne \u00fcstl\u00fck annesi de babas\u0131n\u0131n \u00f6l\u00fcm\u00fcn\u00fcn hemen ard\u0131ndan amcas\u0131 Claudius\u2019la evlenir. Y\u00fcre\u011fi ac\u0131 ve \u00f6fkeyle dolu olan Hamlet, bir g\u00fcn babas\u0131n\u0131n hayaletini g\u00f6r\u00fcr. Onunla konu\u015ftu\u011funda babas\u0131n\u0131n \u00f6l\u00fcm\u00fcyle ilgili korkun\u00e7 ger\u00e7e\u011fi \u00f6\u011frenir ve onun intikam\u0131n\u0131 almaya yemin eder. <\/p>\n","protected":false},"excerpt":{"rendered":"<p>Hamlet, William Shakespeare\u2019in en \u00fcnl\u00fc eserlerinden biridir. Danimarka karl\u0131 beklenmedik bir bi\u00e7imde hayat\u0131n\u0131 kaybeder. Babas\u0131n\u0131n bu ani \u00f6l\u00fcm\u00fc nedeniyle, Prens Hamlet b\u00fcy\u00fck bir \u00fcz\u00fcnt\u00fc ve keder<span class=\"excerpt-hellip\"> [\u2026]<\/span><\/p>\n","protected":false},"featured_media":0,"template":"","meta":{"_monsterinsights_skip_tracking":false,"_monsterinsights_sitenote_active":false,"_monsterinsights_sitenote_note":"","_monsterinsights_sitenote_category":0},"product_brand":[],"product_cat":[12274,12284],"product_tag":[],"class_list":{"0":"post-710095","1":"product","2":"type-product","3":"status-publish","5":"product_cat-cocuk-ve-genclik-kitaplari","6":"product_cat-hikayeler","7":"pa_cilt-ciltsiz","8":"pa_tur-kitap","9":"pa_yayinevi-arkadas-yayinlari","10":"pa_yazar-william-shakespeare","12":"first","13":"instock","14":"sale","15":"shipping-taxable","16":"purchasable","17":"product-type-simple"},"_links":{"self":[{"href":"https:\/\/roveyayinevi.com.tr\/index.php\/wp-json\/wp\/v2\/product\/710095","targetHints":{"allow":["GET"]}}],"collection":[{"href":"https:\/\/roveyayinevi.com.tr\/index.php\/wp-json\/wp\/v2\/product"}],"about":[{"href":"https:\/\/roveyayinevi.com.tr\/index.php\/wp-json\/wp\/v2\/types\/product"}],"wp:attachment":[{"href":"https:\/\/roveyayinevi.com.tr\/index.php\/wp-json\/wp\/v2\/media?parent=710095"}],"wp:term":[{"taxonomy":"product_brand","embeddable":true,"href":"https:\/\/roveyayinevi.com.tr\/index.php\/wp-json\/wp\/v2\/product_brand?post=710095"},{"taxonomy":"product_cat","embeddable":true,"href":"https:\/\/roveyayinevi.com.tr\/index.php\/wp-json\/wp\/v2\/product_cat?post=710095"},{"taxonomy":"product_tag","embeddable":true,"href":"https:\/\/roveyayinevi.com.tr\/index.php\/wp-json\/wp\/v2\/product_tag?post=710095"}],"curies":[{"name":"wp","href":"https:\/\/api.w.org\/{rel}","templated":true}]}}