{"id":710094,"date":"2025-08-27T16:32:28","date_gmt":"2025-08-27T13:32:28","guid":{"rendered":"https:\/\/roveyayinevi.com.tr\/index.php\/urun\/ogretmen-2-0-tasarimci-teknolojiyle-zenginlestirilmis-dersler-tasarlayin\/"},"modified":"2026-04-16T02:18:50","modified_gmt":"2026-04-15T23:18:50","slug":"ogretmen-2-0-tasarimci-teknolojiyle-zenginlestirilmis-dersler-tasarlayin","status":"publish","type":"product","link":"https:\/\/roveyayinevi.com.tr\/index.php\/urun\/ogretmen-2-0-tasarimci-teknolojiyle-zenginlestirilmis-dersler-tasarlayin\/","title":{"rendered":"\u00d6\u011fretmen 2.0 Tasar\u0131mc\u0131 &#8211; Teknolojiyle Zenginle\u015ftirilmi\u015f Dersler Tasarlay\u0131n!"},"content":{"rendered":"<p>\u00d6\u011frencilerinizin anlad\u0131\u011f\u0131ndan emin olam\u0131yor musunuz?M\u00fcfredat\u0131 zaman\u0131nda yeti\u015ftiremiyor musunuz?\u00dcnite ve ders plan\u0131 yaparken zorlan\u0131yor musunuz?Anlamay\u0131 te\u015fvik eden plan \u00f6rneklerine mi ihtiyac\u0131n\u0131z var?\u00d6\u011frenme ortam\u0131 tasar\u0131m\u0131na odaklanan ve \u00d6\u011fretmen 2.0\u2019\u0131n el kitab\u0131 olarak haz\u0131rlanan bu kitapta, \u00f6\u011frencilerinizin plan\u0131n\u0131zda koydu\u011funuz hedeflere ula\u015faca\u011f\u0131ndan nas\u0131l emin olaca\u011f\u0131n\u0131z\u0131 ve bunu yaparken de teknolojiyi etkili ve verimli bir \u015fekilde dersinize nas\u0131l entegre edece\u011finizi \u00f6\u011freneceksiniz. Bu kitap \u00d6\u011fretmen 2.0\u2019da sunulan fikirleri, Understanding by Design (UbD) \u00e7er\u00e7evesine ba\u011fl\u0131 kalarak derinle\u015ftiriyor. UbD hakk\u0131nda yaz\u0131lm\u0131\u015f ilk T\u00fcrk\u00e7e kaynak olarak haz\u0131rlanan bu kitapta \u00f6\u011fretmenlerin haz\u0131rlad\u0131\u011f\u0131 \u00f6rnek planlar, MEB kazan\u0131mlar\u0131 \u00fczerine in\u015fa edilmi\u015f ders planlar\u0131 ve teknolojiyle zenginle\u015ftirilmi\u015f \u00f6rnek uygulamalar yer al\u0131yor. Bu kitab\u0131n sonunda, kal\u0131c\u0131 anlamay\u0131 te\u015fvik eden, teknolojinin zenginle\u015ftirdi\u011fi iyi bir ders plan\u0131 yapabilir hale geleceksiniz!Bu kitap kimler i\u00e7in?\u00d6\u011fretmenler, \u00f6\u011fretmen adaylar\u0131, mesleki geli\u015fim planlay\u0131c\u0131lar\u0131, okul liderleri, program geli\u015ftirme ve \u00f6l\u00e7me-de\u011ferlendirme uzmanlar\u0131 ve akademisyenler. <\/p>\n","protected":false},"excerpt":{"rendered":"<p>\u00d6\u011frencilerinizin anlad\u0131\u011f\u0131ndan emin olam\u0131yor musunuz?M\u00fcfredat\u0131 zaman\u0131nda yeti\u015ftiremiyor musunuz?\u00dcnite ve ders plan\u0131 yaparken zorlan\u0131yor musunuz?Anlamay\u0131 te\u015fvik eden plan \u00f6rneklerine mi ihtiyac\u0131n\u0131z var?\u00d6\u011frenme ortam\u0131 tasar\u0131m\u0131na odaklanan ve \u00d6\u011fretmen<span class=\"excerpt-hellip\"> [\u2026]<\/span><\/p>\n","protected":false},"featured_media":0,"template":"","meta":{"_monsterinsights_skip_tracking":false,"_monsterinsights_sitenote_active":false,"_monsterinsights_sitenote_note":"","_monsterinsights_sitenote_category":0},"product_brand":[],"product_cat":[12312,12304],"product_tag":[],"class_list":{"0":"post-710094","1":"product","2":"type-product","3":"status-publish","5":"product_cat-diger","6":"product_cat-tarih","7":"pa_cilt-ciltsiz","8":"pa_tur-kitap","9":"pa_yayinevi-abakus-kitap","10":"pa_yazar-burcu-aybat-selcuk-dogan","12":"first","13":"instock","14":"sale","15":"shipping-taxable","16":"purchasable","17":"product-type-simple"},"_links":{"self":[{"href":"https:\/\/roveyayinevi.com.tr\/index.php\/wp-json\/wp\/v2\/product\/710094","targetHints":{"allow":["GET"]}}],"collection":[{"href":"https:\/\/roveyayinevi.com.tr\/index.php\/wp-json\/wp\/v2\/product"}],"about":[{"href":"https:\/\/roveyayinevi.com.tr\/index.php\/wp-json\/wp\/v2\/types\/product"}],"wp:attachment":[{"href":"https:\/\/roveyayinevi.com.tr\/index.php\/wp-json\/wp\/v2\/media?parent=710094"}],"wp:term":[{"taxonomy":"product_brand","embeddable":true,"href":"https:\/\/roveyayinevi.com.tr\/index.php\/wp-json\/wp\/v2\/product_brand?post=710094"},{"taxonomy":"product_cat","embeddable":true,"href":"https:\/\/roveyayinevi.com.tr\/index.php\/wp-json\/wp\/v2\/product_cat?post=710094"},{"taxonomy":"product_tag","embeddable":true,"href":"https:\/\/roveyayinevi.com.tr\/index.php\/wp-json\/wp\/v2\/product_tag?post=710094"}],"curies":[{"name":"wp","href":"https:\/\/api.w.org\/{rel}","templated":true}]}}