{"id":710093,"date":"2025-08-27T16:32:28","date_gmt":"2025-08-27T13:32:28","guid":{"rendered":"https:\/\/roveyayinevi.com.tr\/index.php\/urun\/utangac-ayi-monti\/"},"modified":"2026-04-16T02:18:50","modified_gmt":"2026-04-15T23:18:50","slug":"utangac-ayi-monti","status":"publish","type":"product","link":"https:\/\/roveyayinevi.com.tr\/index.php\/urun\/utangac-ayi-monti\/","title":{"rendered":"Utanga\u00e7 Ay\u0131 Monti"},"content":{"rendered":"<p>Evvel zaman i\u00e7inde bir ay\u0131 vard\u0131 Monti\u2019ydi onun ad\u0131.G\u00f6zlerini dikip bakmaya, herkesi seyretmeye bay\u0131l\u0131rd\u0131.Asl\u0131nda Ay\u0131 Monti kabal\u0131k etmek istemiyordu, ama \u00f6yle merakl\u0131yd\u0131 ki kendini tutam\u0131yordu&#8230;Ama hi\u00e7 kimse s\u00fcrekli \u00fczerine dikilen bak\u0131\u015flardan ho\u015flanmaz, eh zaten Ay\u0131 Monti\u2019nin ba\u015f\u0131 da \u00e7ok ge\u00e7meden derde girdi.Neyse ki patlak g\u00f6zl\u00fc bir kurba\u011fa, Monti\u2019ye do\u011fru yolu g\u00f6sterecekti!Heyecan verici gen\u00e7 yetenek Duncan Beedie\u2019den \u00c7ok sevimli ve e\u011flenceli bir resimli kitap! <\/p>\n","protected":false},"excerpt":{"rendered":"<p>Evvel zaman i\u00e7inde bir ay\u0131 vard\u0131 Monti\u2019ydi onun ad\u0131.G\u00f6zlerini dikip bakmaya, herkesi seyretmeye bay\u0131l\u0131rd\u0131.Asl\u0131nda Ay\u0131 Monti kabal\u0131k etmek istemiyordu, ama \u00f6yle merakl\u0131yd\u0131 ki kendini tutam\u0131yordu&#8230;Ama hi\u00e7<span class=\"excerpt-hellip\"> [\u2026]<\/span><\/p>\n","protected":false},"featured_media":0,"template":"","meta":{"_monsterinsights_skip_tracking":false,"_monsterinsights_sitenote_active":false,"_monsterinsights_sitenote_note":"","_monsterinsights_sitenote_category":0},"product_brand":[],"product_cat":[12913,12274],"product_tag":[],"class_list":{"0":"post-710093","1":"product","2":"type-product","3":"status-publish","5":"product_cat-3-6-yas-kitaplari","6":"product_cat-cocuk-ve-genclik-kitaplari","7":"pa_cilt-ciltsiz","8":"pa_tur-kitap","9":"pa_yayinevi-is-bankasi-kultur-yayinlari","10":"pa_yazar-duncan-beedie","12":"first","13":"instock","14":"sale","15":"shipping-taxable","16":"purchasable","17":"product-type-simple"},"_links":{"self":[{"href":"https:\/\/roveyayinevi.com.tr\/index.php\/wp-json\/wp\/v2\/product\/710093","targetHints":{"allow":["GET"]}}],"collection":[{"href":"https:\/\/roveyayinevi.com.tr\/index.php\/wp-json\/wp\/v2\/product"}],"about":[{"href":"https:\/\/roveyayinevi.com.tr\/index.php\/wp-json\/wp\/v2\/types\/product"}],"wp:attachment":[{"href":"https:\/\/roveyayinevi.com.tr\/index.php\/wp-json\/wp\/v2\/media?parent=710093"}],"wp:term":[{"taxonomy":"product_brand","embeddable":true,"href":"https:\/\/roveyayinevi.com.tr\/index.php\/wp-json\/wp\/v2\/product_brand?post=710093"},{"taxonomy":"product_cat","embeddable":true,"href":"https:\/\/roveyayinevi.com.tr\/index.php\/wp-json\/wp\/v2\/product_cat?post=710093"},{"taxonomy":"product_tag","embeddable":true,"href":"https:\/\/roveyayinevi.com.tr\/index.php\/wp-json\/wp\/v2\/product_tag?post=710093"}],"curies":[{"name":"wp","href":"https:\/\/api.w.org\/{rel}","templated":true}]}}