{"id":710090,"date":"2025-08-27T16:32:26","date_gmt":"2025-08-27T13:32:26","guid":{"rendered":"https:\/\/roveyayinevi.com.tr\/index.php\/urun\/superman-action-comics-cilt-4-melez-iceriden-gelen-tehdit\/"},"modified":"2026-04-16T02:18:50","modified_gmt":"2026-04-15T23:18:50","slug":"superman-action-comics-cilt-4-melez-iceriden-gelen-tehdit","status":"publish","type":"product","link":"https:\/\/roveyayinevi.com.tr\/index.php\/urun\/superman-action-comics-cilt-4-melez-iceriden-gelen-tehdit\/","title":{"rendered":"Superman Action Comics Cilt 4: Melez &#8211; \u0130\u00e7eriden Gelen Tehdit!"},"content":{"rendered":"<p>Superman d\u00fcnyan\u0131n en b\u00fcy\u00fck kahraman\u0131d\u0131r, galaksileraras\u0131 gezegen cellatlar\u0131yla, psi\u015fik sava\u015f\u00e7\u0131larla ve kar\u015f\u0131s\u0131na ne \u00e7\u0131karsa, hepsiyle g\u00f6ze g\u00f6z, di\u015fe di\u015f m\u00fccadele edebilir. Ama ya tehdit v\u00fccudunun i\u00e7inden gelirse? Lex Luthor, Superman\u2019in v\u00fccudunu ona kar\u015f\u0131 kullanman\u0131n bir yolunu ke\u015ffetmi\u015fti. Yapay h\u00fccreler ve Kryptonlu biyolojisinden do\u011fan melez bir vir\u00fcs, \u00c7elik Adam\u2019\u0131 \u00f6l\u00fcm\u00fcn e\u015fi\u011fine getirmi\u015fti&#8230; Ama tek numaras\u0131 bu de\u011fildi. K\u0131sa s\u00fcre i\u00e7inde enfekte h\u00fccreler bilin\u00e7 kazanm\u0131\u015f ve \u00e7ok daha b\u00fcy\u00fck bir tehlike do\u011fmu\u015ftu. Ona Melez dediler. Ve onun insan \u0131rk\u0131n\u0131 yok etme kapasitesi, Superman\u2019in onlar\u0131 kurtarma kapasitesi kadar b\u00fcy\u00fckt\u00fc. G\u00fc\u00e7leri t\u00fckenmi\u015fken, Superman kendi v\u00fccudundan do\u011fmu\u015f olan bu canavar\u0131 durdurabilecek miydi? Yoksa Lex Luthor, Superman\u2019i yok edecek ve d\u00fcnyan\u0131n kurtar\u0131c\u0131s\u0131 m\u0131 olacak? <\/p>\n","protected":false},"excerpt":{"rendered":"<p>Superman d\u00fcnyan\u0131n en b\u00fcy\u00fck kahraman\u0131d\u0131r, galaksileraras\u0131 gezegen cellatlar\u0131yla, psi\u015fik sava\u015f\u00e7\u0131larla ve kar\u015f\u0131s\u0131na ne \u00e7\u0131karsa, hepsiyle g\u00f6ze g\u00f6z, di\u015fe di\u015f m\u00fccadele edebilir. Ama ya tehdit v\u00fccudunun i\u00e7inden<span class=\"excerpt-hellip\"> [\u2026]<\/span><\/p>\n","protected":false},"featured_media":0,"template":"","meta":{"_monsterinsights_skip_tracking":false,"_monsterinsights_sitenote_active":false,"_monsterinsights_sitenote_note":"","_monsterinsights_sitenote_category":0},"product_brand":[],"product_cat":[12689,12274],"product_tag":[],"class_list":{"0":"post-710090","1":"product","2":"type-product","3":"status-publish","5":"product_cat-cizgi-roman-cocuk-ve-genclik-kitaplari","6":"product_cat-cocuk-ve-genclik-kitaplari","7":"pa_cilt-ciltsiz","8":"pa_tur-kitap","9":"pa_yayinevi-yapi-kredi-yayinlari","10":"pa_yazar-andy-diggle-tony-s-daniel-scott-lobdell-tyler-kirkham","12":"first","13":"instock","14":"sale","15":"shipping-taxable","16":"purchasable","17":"product-type-simple"},"_links":{"self":[{"href":"https:\/\/roveyayinevi.com.tr\/index.php\/wp-json\/wp\/v2\/product\/710090","targetHints":{"allow":["GET"]}}],"collection":[{"href":"https:\/\/roveyayinevi.com.tr\/index.php\/wp-json\/wp\/v2\/product"}],"about":[{"href":"https:\/\/roveyayinevi.com.tr\/index.php\/wp-json\/wp\/v2\/types\/product"}],"wp:attachment":[{"href":"https:\/\/roveyayinevi.com.tr\/index.php\/wp-json\/wp\/v2\/media?parent=710090"}],"wp:term":[{"taxonomy":"product_brand","embeddable":true,"href":"https:\/\/roveyayinevi.com.tr\/index.php\/wp-json\/wp\/v2\/product_brand?post=710090"},{"taxonomy":"product_cat","embeddable":true,"href":"https:\/\/roveyayinevi.com.tr\/index.php\/wp-json\/wp\/v2\/product_cat?post=710090"},{"taxonomy":"product_tag","embeddable":true,"href":"https:\/\/roveyayinevi.com.tr\/index.php\/wp-json\/wp\/v2\/product_tag?post=710090"}],"curies":[{"name":"wp","href":"https:\/\/api.w.org\/{rel}","templated":true}]}}