{"id":710089,"date":"2025-08-27T16:32:25","date_gmt":"2025-08-27T13:32:25","guid":{"rendered":"https:\/\/roveyayinevi.com.tr\/index.php\/urun\/disisel-gerilim\/"},"modified":"2026-04-11T02:23:55","modified_gmt":"2026-04-10T23:23:55","slug":"disisel-gerilim","status":"publish","type":"product","link":"https:\/\/roveyayinevi.com.tr\/index.php\/urun\/disisel-gerilim\/","title":{"rendered":"Di\u015fisel Gerilim"},"content":{"rendered":"<p>Sevgilisi olmad\u0131\u011f\u0131 halde,  sevgilisi olan arkada\u015flar\u0131na  ak\u0131l veren o ki\u015fi benim.  Bran\u015f\u0131m, Di\u015fisel Geli\u015fim&#8230;  \u00c7ok Sayd\u0131m, tam 44 foto\u011fraf\u0131m\u0131 bir \u00e7\u0131rp\u0131da like\u2019lad\u0131n.  Ne bileyim sen \u00f6yle art arda foto\u011fraflar\u0131 be\u011fenince,  ben de gittim d\u00fc\u011f\u00fcn salonu kiralad\u0131m! Saat 10.00 civar\u0131nda Mert\u2019ten bir  whatsapp mesaj\u0131 geldi.  Mesajda \u201cG\u00fcnayd\u0131n\u201d yaz\u0131l\u0131yd\u0131.  Ben kar\u015f\u0131 cinsten en son \u201cG\u00fcnayd\u0131n\u201d mesaj\u0131 ald\u0131\u011f\u0131mda \u00e7eyrek alt\u0131n 100 lirayd\u0131! <\/p>\n","protected":false},"excerpt":{"rendered":"<p>Sevgilisi olmad\u0131\u011f\u0131 halde, sevgilisi olan arkada\u015flar\u0131na ak\u0131l veren o ki\u015fi benim. Bran\u015f\u0131m, Di\u015fisel Geli\u015fim&#8230; \u00c7ok Sayd\u0131m, tam 44 foto\u011fraf\u0131m\u0131 bir \u00e7\u0131rp\u0131da like\u2019lad\u0131n. Ne bileyim sen \u00f6yle<span class=\"excerpt-hellip\"> [\u2026]<\/span><\/p>\n","protected":false},"featured_media":0,"template":"","meta":{"_monsterinsights_skip_tracking":false,"_monsterinsights_sitenote_active":false,"_monsterinsights_sitenote_note":"","_monsterinsights_sitenote_category":0},"product_brand":[],"product_cat":[12291,12711],"product_tag":[],"class_list":{"0":"post-710089","1":"product","2":"type-product","3":"status-publish","5":"product_cat-edebiyat","6":"product_cat-roman-oyku","7":"pa_cilt-ciltsiz","8":"pa_tur-kitap","9":"pa_yayinevi-epsilon-yayinlari","10":"pa_yazar-yasemin-ozcelik","12":"first","13":"instock","14":"sale","15":"shipping-taxable","16":"purchasable","17":"product-type-simple"},"_links":{"self":[{"href":"https:\/\/roveyayinevi.com.tr\/index.php\/wp-json\/wp\/v2\/product\/710089","targetHints":{"allow":["GET"]}}],"collection":[{"href":"https:\/\/roveyayinevi.com.tr\/index.php\/wp-json\/wp\/v2\/product"}],"about":[{"href":"https:\/\/roveyayinevi.com.tr\/index.php\/wp-json\/wp\/v2\/types\/product"}],"wp:attachment":[{"href":"https:\/\/roveyayinevi.com.tr\/index.php\/wp-json\/wp\/v2\/media?parent=710089"}],"wp:term":[{"taxonomy":"product_brand","embeddable":true,"href":"https:\/\/roveyayinevi.com.tr\/index.php\/wp-json\/wp\/v2\/product_brand?post=710089"},{"taxonomy":"product_cat","embeddable":true,"href":"https:\/\/roveyayinevi.com.tr\/index.php\/wp-json\/wp\/v2\/product_cat?post=710089"},{"taxonomy":"product_tag","embeddable":true,"href":"https:\/\/roveyayinevi.com.tr\/index.php\/wp-json\/wp\/v2\/product_tag?post=710089"}],"curies":[{"name":"wp","href":"https:\/\/api.w.org\/{rel}","templated":true}]}}