{"id":710088,"date":"2025-08-27T16:32:25","date_gmt":"2025-08-27T13:32:25","guid":{"rendered":"https:\/\/roveyayinevi.com.tr\/index.php\/urun\/babamin-vasiyeti\/"},"modified":"2026-04-16T02:18:50","modified_gmt":"2026-04-15T23:18:50","slug":"babamin-vasiyeti","status":"publish","type":"product","link":"https:\/\/roveyayinevi.com.tr\/index.php\/urun\/babamin-vasiyeti\/","title":{"rendered":"Babam\u0131n Vasiyeti"},"content":{"rendered":"<p>Ya\u011fmur do\u011fdu\u011fu g\u00fcn annesini kaybetmi\u015f oldu\u011fundan babas\u0131na \u00e7ok ba\u011fl\u0131d\u0131r. Tek dile\u011fi ise, \u00fcniversiteden mezun olup babas\u0131yla birlikte aile \u015firketini y\u00f6netmektir. Ahmet Bey, k\u0131z\u0131n\u0131n mezuniyet g\u00fcn\u00fcnde fenala\u015f\u0131r ve hastaneye kald\u0131r\u0131l\u0131r. Ya\u011fmur o g\u00fcn babas\u0131n\u0131n kanser oldu\u011funu \u00f6\u011frenir. Ald\u0131\u011f\u0131 bu k\u00f6t\u00fc haberden sonra d\u00fcnyas\u0131 ba\u015f\u0131na y\u0131k\u0131l\u0131r ve hayata kar\u015f\u0131 t\u00fcm ne\u015fesini yitirir. K\u0131z\u0131n\u0131n gelece\u011finden endi\u015felenen Ahmet Bey bir g\u00fcn k\u0131z\u0131na son iste\u011fini a\u00e7\u0131klar\u2026Ya\u011fmur babas\u0131n\u0131n son iste\u011fini kabul edecek mi yoksa hayal etti\u011fi hayat\u0131 m\u0131 ya\u015fayacak? <\/p>\n","protected":false},"excerpt":{"rendered":"<p>Ya\u011fmur do\u011fdu\u011fu g\u00fcn annesini kaybetmi\u015f oldu\u011fundan babas\u0131na \u00e7ok ba\u011fl\u0131d\u0131r. Tek dile\u011fi ise, \u00fcniversiteden mezun olup babas\u0131yla birlikte aile \u015firketini y\u00f6netmektir. Ahmet Bey, k\u0131z\u0131n\u0131n mezuniyet g\u00fcn\u00fcnde fenala\u015f\u0131r<span class=\"excerpt-hellip\"> [\u2026]<\/span><\/p>\n","protected":false},"featured_media":0,"template":"","meta":{"_monsterinsights_skip_tracking":false,"_monsterinsights_sitenote_active":false,"_monsterinsights_sitenote_note":"","_monsterinsights_sitenote_category":0},"product_brand":[],"product_cat":[12291,12711],"product_tag":[],"class_list":{"0":"post-710088","1":"product","2":"type-product","3":"status-publish","5":"product_cat-edebiyat","6":"product_cat-roman-oyku","7":"pa_cilt-ciltsiz","8":"pa_tur-kitap","9":"pa_yayinevi-epsilon-yayinlari","10":"pa_yazar-dilara-gurel","12":"first","13":"instock","14":"sale","15":"shipping-taxable","16":"purchasable","17":"product-type-simple"},"_links":{"self":[{"href":"https:\/\/roveyayinevi.com.tr\/index.php\/wp-json\/wp\/v2\/product\/710088","targetHints":{"allow":["GET"]}}],"collection":[{"href":"https:\/\/roveyayinevi.com.tr\/index.php\/wp-json\/wp\/v2\/product"}],"about":[{"href":"https:\/\/roveyayinevi.com.tr\/index.php\/wp-json\/wp\/v2\/types\/product"}],"wp:attachment":[{"href":"https:\/\/roveyayinevi.com.tr\/index.php\/wp-json\/wp\/v2\/media?parent=710088"}],"wp:term":[{"taxonomy":"product_brand","embeddable":true,"href":"https:\/\/roveyayinevi.com.tr\/index.php\/wp-json\/wp\/v2\/product_brand?post=710088"},{"taxonomy":"product_cat","embeddable":true,"href":"https:\/\/roveyayinevi.com.tr\/index.php\/wp-json\/wp\/v2\/product_cat?post=710088"},{"taxonomy":"product_tag","embeddable":true,"href":"https:\/\/roveyayinevi.com.tr\/index.php\/wp-json\/wp\/v2\/product_tag?post=710088"}],"curies":[{"name":"wp","href":"https:\/\/api.w.org\/{rel}","templated":true}]}}