{"id":710087,"date":"2025-08-27T16:32:24","date_gmt":"2025-08-27T13:32:24","guid":{"rendered":"https:\/\/roveyayinevi.com.tr\/index.php\/urun\/gettysburg-konusmasi\/"},"modified":"2026-04-16T02:18:50","modified_gmt":"2026-04-15T23:18:50","slug":"gettysburg-konusmasi","status":"publish","type":"product","link":"https:\/\/roveyayinevi.com.tr\/index.php\/urun\/gettysburg-konusmasi\/","title":{"rendered":"Gettysburg Konu\u015fmas\u0131"},"content":{"rendered":"<p>Tarihin en b\u00fcy\u00fck hatiplerinden Abraham Lincoln\u2019\u0131n \u00f6nemli konu\u015fmalar\u0131ndan olu\u015fan bu derleme, efsanevi Gettysburg Konu\u015fmas\u0131\u2019n\u0131n yan\u0131 s\u0131ra, Lincoln\u2019\u0131n k\u00f6lelik kar\u015f\u0131t\u0131 fikirlerini ve bu konudaki tutkusunu, insanl\u0131k onuruna olan inanc\u0131n\u0131, \u00f6zg\u00fcrl\u00fc\u011f\u00fcn galip gelece\u011fi yeni bir \u00e7a\u011fa y\u00f6nelik umudunu ve hitabet yetene\u011fini ortaya koyan di\u011fer pek \u00e7ok etkili konu\u015fmas\u0131n\u0131 da i\u00e7eriyor.Tarih boyunca baz\u0131 kitaplar d\u00fcnyay\u0131 de\u011fi\u015ftirdi. Bununla kalmay\u0131p; bizleri ve birbirimizi g\u00f6rme bi\u00e7imimizi etkiledi. O kitaplar ki tart\u0131\u015fmalara, muhalif fikirlere, sava\u015f ve devrimlere esin kayna\u011f\u0131 oldular. Ayd\u0131nlatt\u0131lar, harekete ge\u00e7irdiler, k\u0131\u015fk\u0131rtt\u0131lar, teselli ettiler. Ya\u015fam\u0131m\u0131z\u0131 zenginle\u015ftirdiler ve bizleri ayr\u0131 ayr\u0131 kendi ya\u015famlar\u0131m\u0131z\u0131 sorgulamaya y\u00f6nelttiler. \u015eimdi Kafka Kitap sizlere uygarl\u0131\u011f\u0131 sarsan, insanl\u0131k tarihine y\u00f6n veren ve kendimizi ke\u015ffetmemize yard\u0131m eden fikirleriyle; b\u00fcy\u00fck d\u00fc\u015f\u00fcn\u00fcrlerin, \u00e7\u0131\u011f\u0131r a\u00e7anlar\u0131n, radikallerin ve ileriyi g\u00f6renlerin eserlerini sunuyor. <\/p>\n","protected":false},"excerpt":{"rendered":"<p>Tarihin en b\u00fcy\u00fck hatiplerinden Abraham Lincoln\u2019\u0131n \u00f6nemli konu\u015fmalar\u0131ndan olu\u015fan bu derleme, efsanevi Gettysburg Konu\u015fmas\u0131\u2019n\u0131n yan\u0131 s\u0131ra, Lincoln\u2019\u0131n k\u00f6lelik kar\u015f\u0131t\u0131 fikirlerini ve bu konudaki tutkusunu, insanl\u0131k onuruna<span class=\"excerpt-hellip\"> [\u2026]<\/span><\/p>\n","protected":false},"featured_media":0,"template":"","meta":{"_monsterinsights_skip_tracking":false,"_monsterinsights_sitenote_active":false,"_monsterinsights_sitenote_note":"","_monsterinsights_sitenote_category":0},"product_brand":[],"product_cat":[12312,12304],"product_tag":[],"class_list":{"0":"post-710087","1":"product","2":"type-product","3":"status-publish","5":"product_cat-diger","6":"product_cat-tarih","7":"pa_cilt-ciltsiz","8":"pa_tur-kitap","9":"pa_yayinevi-kafka-yayinevi","10":"pa_yazar-abraham-lincoln","12":"first","13":"instock","14":"sale","15":"shipping-taxable","16":"purchasable","17":"product-type-simple"},"_links":{"self":[{"href":"https:\/\/roveyayinevi.com.tr\/index.php\/wp-json\/wp\/v2\/product\/710087","targetHints":{"allow":["GET"]}}],"collection":[{"href":"https:\/\/roveyayinevi.com.tr\/index.php\/wp-json\/wp\/v2\/product"}],"about":[{"href":"https:\/\/roveyayinevi.com.tr\/index.php\/wp-json\/wp\/v2\/types\/product"}],"wp:attachment":[{"href":"https:\/\/roveyayinevi.com.tr\/index.php\/wp-json\/wp\/v2\/media?parent=710087"}],"wp:term":[{"taxonomy":"product_brand","embeddable":true,"href":"https:\/\/roveyayinevi.com.tr\/index.php\/wp-json\/wp\/v2\/product_brand?post=710087"},{"taxonomy":"product_cat","embeddable":true,"href":"https:\/\/roveyayinevi.com.tr\/index.php\/wp-json\/wp\/v2\/product_cat?post=710087"},{"taxonomy":"product_tag","embeddable":true,"href":"https:\/\/roveyayinevi.com.tr\/index.php\/wp-json\/wp\/v2\/product_tag?post=710087"}],"curies":[{"name":"wp","href":"https:\/\/api.w.org\/{rel}","templated":true}]}}