{"id":710086,"date":"2025-08-27T16:32:24","date_gmt":"2025-08-27T13:32:24","guid":{"rendered":"https:\/\/roveyayinevi.com.tr\/index.php\/urun\/turk-ordusunun-bugunku-ideolojik-cizgisi\/"},"modified":"2026-04-16T02:18:50","modified_gmt":"2026-04-15T23:18:50","slug":"turk-ordusunun-bugunku-ideolojik-cizgisi","status":"publish","type":"product","link":"https:\/\/roveyayinevi.com.tr\/index.php\/urun\/turk-ordusunun-bugunku-ideolojik-cizgisi\/","title":{"rendered":"T\u00fcrk Ordusunun Bug\u00fcnk\u00fc \u0130deolojik \u00c7izgisi"},"content":{"rendered":"<p>Bu kitap, temel olarak 30 Aral\u0131k 2016 tarihli \u201cF ethullah\u00e7\u0131 Ter\u00f6r \u00d6rg\u00fct\u00fc\/Paralel Devlet Yap\u0131lanmas\u0131 (FET\u00d6\/PDY) ve T\u00fcrk Silahl\u0131 Kuvvetleri\u201d ba\u015fl\u0131kl\u0131 Genelkurmay Ba\u015fkanl\u0131\u011f\u0131\u2019n\u0131n raporundan olu\u015fuyor. Rapor, T\u00fcrk ordusunun bug\u00fcnk\u00fc ideolojik \u00e7izgisini yans\u0131t\u0131yor. T\u00fcrk ordusunun komuta merkezi,kendi ideolojik konumunu a\u00e7\u0131klayarak kendisine y\u00f6neltilen psikolojik sava\u015f\u0131 da hendeklere g\u00f6mmektedir. FET\u00d6\u2019ye kar\u015f\u0131 m\u00fccadele ve temizlik, TSK\u2019n\u0131n geleneklerine kavu\u015fmas\u0131nda ve T\u00fcrk subay\u0131 kimli\u011finin canlanmas\u0131nda bir d\u00f6n\u00fcm noktas\u0131d\u0131r. T\u00fcrk Silahl\u0131 Kuvvetleri, i\u00e7indeki Gladyo\u2019nun yerle bir olmas\u0131yla yeniden Cumhuriyet Ordusu karakterini kazanm\u0131\u015ft\u0131r. T\u00fcrk subay\u0131 Cumhuriyet\u00e7idir, Milliyet\u00e7idir veAtat\u00fcrk Devrimine ba\u011fl\u0131d\u0131r. T\u00fcrk subay\u0131 Atat\u00fcrk Devrimine, en ba\u015fta \u0130stikl\u00e2l Sava\u015f\u0131 de\u011ferlerine ba\u011fl\u0131 olmazsa subay de\u011fildir. Peki T\u00fcrk milletinin, T\u00fcrk ayd\u0131n\u0131n\u0131n, yurtta\u015f\u0131n T\u00fcrk ordusuna kar\u015f\u0131 sorumluluklar\u0131 yok mudur? Vatan Sava\u015f\u0131nda vatanda\u015f\u0131n g\u00f6revi yok mudur? Kitap, okuyucuya bu soruyu hat\u0131rlatmaktad\u0131r. <\/p>\n","protected":false},"excerpt":{"rendered":"<p>Bu kitap, temel olarak 30 Aral\u0131k 2016 tarihli \u201cF ethullah\u00e7\u0131 Ter\u00f6r \u00d6rg\u00fct\u00fc\/Paralel Devlet Yap\u0131lanmas\u0131 (FET\u00d6\/PDY) ve T\u00fcrk Silahl\u0131 Kuvvetleri\u201d ba\u015fl\u0131kl\u0131 Genelkurmay Ba\u015fkanl\u0131\u011f\u0131\u2019n\u0131n raporundan olu\u015fuyor. Rapor, T\u00fcrk<span class=\"excerpt-hellip\"> [\u2026]<\/span><\/p>\n","protected":false},"featured_media":0,"template":"","meta":{"_monsterinsights_skip_tracking":false,"_monsterinsights_sitenote_active":false,"_monsterinsights_sitenote_note":"","_monsterinsights_sitenote_category":0},"product_brand":[],"product_cat":[12337,14543],"product_tag":[],"class_list":{"0":"post-710086","1":"product","2":"type-product","3":"status-publish","5":"product_cat-politika-siyaset","6":"product_cat-turkiye-siyaseti-ve-politikasi","7":"pa_cilt-ciltsiz","8":"pa_tur-kitap","9":"pa_yayinevi-kaynak-yayinlari","10":"pa_yazar-masum-gok","12":"first","13":"instock","14":"sale","15":"shipping-taxable","16":"purchasable","17":"product-type-simple"},"_links":{"self":[{"href":"https:\/\/roveyayinevi.com.tr\/index.php\/wp-json\/wp\/v2\/product\/710086","targetHints":{"allow":["GET"]}}],"collection":[{"href":"https:\/\/roveyayinevi.com.tr\/index.php\/wp-json\/wp\/v2\/product"}],"about":[{"href":"https:\/\/roveyayinevi.com.tr\/index.php\/wp-json\/wp\/v2\/types\/product"}],"wp:attachment":[{"href":"https:\/\/roveyayinevi.com.tr\/index.php\/wp-json\/wp\/v2\/media?parent=710086"}],"wp:term":[{"taxonomy":"product_brand","embeddable":true,"href":"https:\/\/roveyayinevi.com.tr\/index.php\/wp-json\/wp\/v2\/product_brand?post=710086"},{"taxonomy":"product_cat","embeddable":true,"href":"https:\/\/roveyayinevi.com.tr\/index.php\/wp-json\/wp\/v2\/product_cat?post=710086"},{"taxonomy":"product_tag","embeddable":true,"href":"https:\/\/roveyayinevi.com.tr\/index.php\/wp-json\/wp\/v2\/product_tag?post=710086"}],"curies":[{"name":"wp","href":"https:\/\/api.w.org\/{rel}","templated":true}]}}