{"id":710083,"date":"2025-08-27T16:32:22","date_gmt":"2025-08-27T13:32:22","guid":{"rendered":"https:\/\/roveyayinevi.com.tr\/index.php\/urun\/canavarlar-gece-gelir\/"},"modified":"2025-11-19T16:19:40","modified_gmt":"2025-11-19T13:19:40","slug":"canavarlar-gece-gelir","status":"publish","type":"product","link":"https:\/\/roveyayinevi.com.tr\/index.php\/urun\/canavarlar-gece-gelir\/","title":{"rendered":"Canavarlar Gece Gelir"},"content":{"rendered":"<p>G\u00fcnd\u00fczleri pek e\u011flencelidir\u2026 Peki ya geceleri?\u201cMaya i\u00e7in g\u00fcnd\u00fczleri ne kadar e\u011flenceli ise geceleri de bir o kadar gizemlidir. Maya, geceleri evlerinde neler olup bitti\u011fini sorgulayan ve korkular\u0131yla y\u00fczle\u015fmeyi ba\u015farabilen cesur bir \u00e7ocuktur. Bu cesur \u00e7ocukla tan\u0131\u015fmaya haz\u0131r m\u0131s\u0131n\u0131z! Korkular\u0131n\u0131 yenmek isteyen cesur minikler i\u00e7in \u201cCanavarlar Gece Gelir!\u201d\u201cBu kitab\u0131 \u00e7ocu\u011funuza okuduktan sonra kendinizi \u00e7ocu\u011funuzla birlikte canavar avlama oyunu oynarken bulabilirsiniz. \u00c7ocu\u011funuz, Maya\u2019n\u0131n hayal etti\u011fi canavarlar\u0131n asl\u0131nda bamba\u015fka \u015feyler oldu\u011funu g\u00f6r\u00fcnce hem \u00e7ok \u015fa\u015f\u0131racak hem de bu maceradan b\u00fcy\u00fck keyif alacakt\u0131r. Keyifle okunan bir \u00f6yk\u00fc sayesinde \u00e7ocu\u011funuzun gece korkular\u0131 varsa; kronik hale gelmeden onu anlayabilecek ve bu korkular\u0131n \u00e7\u00f6z\u00fcm\u00fcne birlikte ula\u015fabileceksiniz\u2026\u201d-Psikolojik Dan\u0131\u015fman \/ Psikoterapist Tu\u011f\u00e7e Is\u0131yel- <\/p>\n","protected":false},"excerpt":{"rendered":"<p>G\u00fcnd\u00fczleri pek e\u011flencelidir\u2026 Peki ya geceleri?\u201cMaya i\u00e7in g\u00fcnd\u00fczleri ne kadar e\u011flenceli ise geceleri de bir o kadar gizemlidir. Maya, geceleri evlerinde neler olup bitti\u011fini sorgulayan ve<span class=\"excerpt-hellip\"> [\u2026]<\/span><\/p>\n","protected":false},"featured_media":0,"template":"","meta":{"_monsterinsights_skip_tracking":false,"_monsterinsights_sitenote_active":false,"_monsterinsights_sitenote_note":"","_monsterinsights_sitenote_category":0},"product_brand":[],"product_cat":[12274,12284],"product_tag":[],"class_list":{"0":"post-710083","1":"product","2":"type-product","3":"status-publish","5":"product_cat-cocuk-ve-genclik-kitaplari","6":"product_cat-hikayeler","7":"pa_cilt-ciltli","8":"pa_tur-kitap","9":"pa_yayinevi-timas-cocuk","10":"pa_yazar-komisyon","12":"first","13":"instock","14":"sale","15":"shipping-taxable","16":"purchasable","17":"product-type-simple"},"_links":{"self":[{"href":"https:\/\/roveyayinevi.com.tr\/index.php\/wp-json\/wp\/v2\/product\/710083","targetHints":{"allow":["GET"]}}],"collection":[{"href":"https:\/\/roveyayinevi.com.tr\/index.php\/wp-json\/wp\/v2\/product"}],"about":[{"href":"https:\/\/roveyayinevi.com.tr\/index.php\/wp-json\/wp\/v2\/types\/product"}],"wp:attachment":[{"href":"https:\/\/roveyayinevi.com.tr\/index.php\/wp-json\/wp\/v2\/media?parent=710083"}],"wp:term":[{"taxonomy":"product_brand","embeddable":true,"href":"https:\/\/roveyayinevi.com.tr\/index.php\/wp-json\/wp\/v2\/product_brand?post=710083"},{"taxonomy":"product_cat","embeddable":true,"href":"https:\/\/roveyayinevi.com.tr\/index.php\/wp-json\/wp\/v2\/product_cat?post=710083"},{"taxonomy":"product_tag","embeddable":true,"href":"https:\/\/roveyayinevi.com.tr\/index.php\/wp-json\/wp\/v2\/product_tag?post=710083"}],"curies":[{"name":"wp","href":"https:\/\/api.w.org\/{rel}","templated":true}]}}