{"id":710078,"date":"2025-08-27T16:32:19","date_gmt":"2025-08-27T13:32:19","guid":{"rendered":"https:\/\/roveyayinevi.com.tr\/index.php\/urun\/mevlana-celaleddin-ruminin-unutulmus-mesaji\/"},"modified":"2026-04-16T02:18:50","modified_gmt":"2026-04-15T23:18:50","slug":"mevlana-celaleddin-ruminin-unutulmus-mesaji","status":"publish","type":"product","link":"https:\/\/roveyayinevi.com.tr\/index.php\/urun\/mevlana-celaleddin-ruminin-unutulmus-mesaji\/","title":{"rendered":"Mevlana Celaleddin Rumi&#8217;nin Unutulmu\u015f Mesaj\u0131"},"content":{"rendered":"<p>Manevi unutkanl\u0131\u011f\u0131m\u0131z\u0131n en kesin \u00e7\u00f6z\u00fcm\u00fc asl\u0131nda Mevl\u00e2n\u00e2\u2019n\u0131n \u00f6\u011fretilerini g\u00fcnl\u00fck hayat\u0131m\u0131za uygulamakta yat\u0131yor. \u0130slam\u2019\u0131 modern zamanlarda en iyi \u015fekilde anlaman\u0131n ka\u00e7\u0131n\u0131lmaz \u00e7\u00f6z\u00fcm\u00fc tam olarak burada!Mevl\u00e2n\u00e2 Cel\u00e2leddin Rumi Hazretleri, k\u00f6k\u00fc do\u011frudan do\u011fruya \u2018Muhammed\u00ee Nur\u2019 olan bir lamba gibidir. Ancak g\u00fcn\u00fcm\u00fcz pop\u00fcler k\u00fclt\u00fcr\u00fc O\u2019nu neredeyse tamam\u0131yla yanl\u0131\u015f anla\u015f\u0131lm\u0131\u015f ve yanl\u0131\u015f yorumlanm\u0131\u015f bir yola s\u00fcr\u00fckl\u00fcyor.O\u2019nun Mesnev\u00ee\u2019si ve di\u011fer eserleri, bizi g\u00fcnl\u00fck ko\u015fu\u015fturmacalar\u0131m\u0131zdan ve gaflet halimizden kurtaracak \u2018Unutulmu\u015f Mesajlar\u2019 olarak bizleri bekliyor. Bug\u00fcn \u00e7ok say\u0131da insan Hz. Mevl\u00e2n\u00e2\u2019n\u0131n eserlerini severek okuyor olsa da ne yaz\u0131k ki bu okuma O\u2019nun as\u0131l referanslar\u0131 olan tasavvuf ve \u0130slam \u00f6\u011fretilerini d\u0131\u015far\u0131da b\u0131rak\u0131yor. Shems Friedlander, Hz. Mevl\u00e2n\u00e2\u2019y\u0131 bug\u00fcn art\u0131k unutulmuya y\u00fcz tutmu\u015f yerine, tasavvufa ve \u0130slam\u2019\u0131n kalbine yerle\u015ftirmeye \u00e7al\u0131\u015f\u0131yor; O\u2019nun vurgular\u0131n\u0131 kavraman\u0131n \u00f6z\u00fcn\u00fc ancak ve ancak Hz. Mevl\u00e2n\u00e2\u2019y\u0131 bir Allah dostu ve Mevlev\u00eeli\u011fi tesis eden, d\u00fcnyan\u0131n en tesirli edeb\u00ee fig\u00fcrlerinden biri ve bir \u015fair olarak tan\u0131mlamakta m\u00fcmk\u00fcn olabilece\u011fini s\u00f6yl\u00fcyor.Friedlander, ayr\u0131ca Hz. Mevl\u00e2n\u00e2 ile \u015eems-i Tebriz-i ili\u015fkisini yeni bulgular \u00fczerinden tan\u0131mlamaya ve \u015eems\u2019in ortadan kaybolu\u015funu daha \u00f6nce dile getirilmemi\u015f \u015fekilde yeni bir teori ortaya atarak a\u00e7\u0131klamaya \u00e7al\u0131\u015f\u0131yor.Hepimiz Hz. Mevl\u00e2n\u00e2\u2019n\u0131n v\u00e2risleriyiz. Peki bu miras\u0131 nas\u0131l devralaca\u011f\u0131z? Bug\u00fcn d\u00fcnyan\u0131n onu tan\u0131mlamakta oldu\u011fu \u015fekliyle mi? Dersliklerde ve kahvehanelerde bu d\u00fc\u015f\u00fcncelerin ge\u00e7erlili\u011fini tart\u0131\u015farak m\u0131? Veyahut arzulu kalplerimizi beslemeye \u00e7al\u0131\u015farak, gen\u00e7lerin entelekt\u00fcel arzular\u0131n\u0131 kam\u00e7\u0131layarak, olgunluk ve tek\u00e2m\u00fcl sahibi ki\u015filerin halen dolduramad\u0131klar\u0131 bu eksiklikleri tamamlamaya gayret ederek mi? <\/p>\n","protected":false},"excerpt":{"rendered":"<p>Manevi unutkanl\u0131\u011f\u0131m\u0131z\u0131n en kesin \u00e7\u00f6z\u00fcm\u00fc asl\u0131nda Mevl\u00e2n\u00e2\u2019n\u0131n \u00f6\u011fretilerini g\u00fcnl\u00fck hayat\u0131m\u0131za uygulamakta yat\u0131yor. \u0130slam\u2019\u0131 modern zamanlarda en iyi \u015fekilde anlaman\u0131n ka\u00e7\u0131n\u0131lmaz \u00e7\u00f6z\u00fcm\u00fc tam olarak burada!Mevl\u00e2n\u00e2 Cel\u00e2leddin Rumi<span class=\"excerpt-hellip\"> [\u2026]<\/span><\/p>\n","protected":false},"featured_media":0,"template":"","meta":{"_monsterinsights_skip_tracking":false,"_monsterinsights_sitenote_active":false,"_monsterinsights_sitenote_note":"","_monsterinsights_sitenote_category":0},"product_brand":[],"product_cat":[12718,12719,15238],"product_tag":[],"class_list":{"0":"post-710078","1":"product","2":"type-product","3":"status-publish","5":"product_cat-din","6":"product_cat-islam","7":"product_cat-tasavvuf","8":"pa_cilt-ciltsiz","9":"pa_tur-kitap","10":"pa_yayinevi-timas-yayinlari","11":"pa_yazar-shems-friedlander","13":"first","14":"instock","15":"sale","16":"shipping-taxable","17":"purchasable","18":"product-type-simple"},"_links":{"self":[{"href":"https:\/\/roveyayinevi.com.tr\/index.php\/wp-json\/wp\/v2\/product\/710078","targetHints":{"allow":["GET"]}}],"collection":[{"href":"https:\/\/roveyayinevi.com.tr\/index.php\/wp-json\/wp\/v2\/product"}],"about":[{"href":"https:\/\/roveyayinevi.com.tr\/index.php\/wp-json\/wp\/v2\/types\/product"}],"wp:attachment":[{"href":"https:\/\/roveyayinevi.com.tr\/index.php\/wp-json\/wp\/v2\/media?parent=710078"}],"wp:term":[{"taxonomy":"product_brand","embeddable":true,"href":"https:\/\/roveyayinevi.com.tr\/index.php\/wp-json\/wp\/v2\/product_brand?post=710078"},{"taxonomy":"product_cat","embeddable":true,"href":"https:\/\/roveyayinevi.com.tr\/index.php\/wp-json\/wp\/v2\/product_cat?post=710078"},{"taxonomy":"product_tag","embeddable":true,"href":"https:\/\/roveyayinevi.com.tr\/index.php\/wp-json\/wp\/v2\/product_tag?post=710078"}],"curies":[{"name":"wp","href":"https:\/\/api.w.org\/{rel}","templated":true}]}}