{"id":710077,"date":"2025-08-27T16:32:19","date_gmt":"2025-08-27T13:32:19","guid":{"rendered":"https:\/\/roveyayinevi.com.tr\/index.php\/urun\/cennet-genclerinin-efendileri-hz-hasan-hz-huseyin\/"},"modified":"2026-04-16T02:18:50","modified_gmt":"2026-04-15T23:18:50","slug":"cennet-genclerinin-efendileri-hz-hasan-hz-huseyin","status":"publish","type":"product","link":"https:\/\/roveyayinevi.com.tr\/index.php\/urun\/cennet-genclerinin-efendileri-hz-hasan-hz-huseyin\/","title":{"rendered":"Cennet Gen\u00e7lerinin Efendileri Hz. Hasan &#8211; Hz. H\u00fcseyin"},"content":{"rendered":"<p>\u201c(Birbirine kavu\u015fan o) iki denizden de inci ve mercan \u00e7\u0131kar.\u201d(Rahm\u00e2n, 22)N\u00fcb\u00fcvvet feyiz ve bereketinden olu\u015fan deniz Hz. Fat\u0131ma; velayet kemal ve y\u00fcceli\u011finin, ilim ve irfan\u0131n\u0131n umman\u0131 ise Hz. Ali idi. Bu iki mana denizinde cennet gen\u00e7lerinin efendileri Hz. Hasan(ra) ve Hz. H\u00fcseyin(ra) v\u00fccut buldu.Hz. Hasan, n\u00fcb\u00fcvvet ve velayetin sedefinde boy veren benzersiz bir inci idi. M\u00fcsl\u00fcmanlar\u0131 birbirine k\u0131rd\u0131rmak, kan d\u00f6kerek ittifaklar\u0131n\u0131 bozmak isteyenlerin \u00f6n\u00fcne, hakk\u0131 olan hilafetten feragat ederek set \u00e7ekmi\u015f ve in\u015fa etti\u011fi bar\u0131\u015f ile bir \u201cinci\u201d gibi de\u011ferli oldu\u011funu g\u00f6stermi\u015fti.Hz. H\u00fcseyin, denizin derinliklerinde \u0131zd\u0131rap g\u00f6rm\u00fc\u015f, \u0131zd\u0131rap ya\u015fam\u0131\u015f, kanda bo\u011fulmu\u015f bir mercan gibiydi. Hak ve adalet davas\u0131nda sert ve tavizsizdi. Onun duru\u015fu zulme ve haks\u0131zl\u0131\u011fa ba\u015fkald\u0131r\u0131yd\u0131. Ruhu her \u015feyin en m\u00fckemmelini istiyordu. \u0130stedi\u011fi m\u00fckemmelli\u011fi M\u00fcsl\u00fcmanlara kazand\u0131rmak i\u00e7in de hayat\u0131n\u0131 feda etti.Siyer \u00f6d\u00fcll\u00fc yazar Salih Suru\u00e7, Resulullah\u2019\u0131n(sav) \u201ciki reyhan\u0131m\u201d diyerek iltifat etti\u011fi Hz. Hasan(ra) ve Hz. H\u00fcseyin\u2019i(ra) yazd\u0131.Cennet Gen\u00e7lerinin Efendileri Hz. Hasan(ra) ve Hz. H\u00fcseyin(ra), Ehl-i Beyt sevgisiyle dolmak isteyenler i\u00e7in\u2026 <\/p>\n","protected":false},"excerpt":{"rendered":"<p>\u201c(Birbirine kavu\u015fan o) iki denizden de inci ve mercan \u00e7\u0131kar.\u201d(Rahm\u00e2n, 22)N\u00fcb\u00fcvvet feyiz ve bereketinden olu\u015fan deniz Hz. Fat\u0131ma; velayet kemal ve y\u00fcceli\u011finin, ilim ve irfan\u0131n\u0131n umman\u0131<span class=\"excerpt-hellip\"> [\u2026]<\/span><\/p>\n","protected":false},"featured_media":0,"template":"","meta":{"_monsterinsights_skip_tracking":false,"_monsterinsights_sitenote_active":false,"_monsterinsights_sitenote_note":"","_monsterinsights_sitenote_category":0},"product_brand":[],"product_cat":[12718,12719],"product_tag":[],"class_list":{"0":"post-710077","1":"product","2":"type-product","3":"status-publish","5":"product_cat-din","6":"product_cat-islam","7":"pa_cilt-ciltsiz","8":"pa_tur-kitap","9":"pa_yayinevi-timas-yayinlari","10":"pa_yazar-salih-suruc","12":"first","13":"instock","14":"sale","15":"shipping-taxable","16":"purchasable","17":"product-type-simple"},"_links":{"self":[{"href":"https:\/\/roveyayinevi.com.tr\/index.php\/wp-json\/wp\/v2\/product\/710077","targetHints":{"allow":["GET"]}}],"collection":[{"href":"https:\/\/roveyayinevi.com.tr\/index.php\/wp-json\/wp\/v2\/product"}],"about":[{"href":"https:\/\/roveyayinevi.com.tr\/index.php\/wp-json\/wp\/v2\/types\/product"}],"wp:attachment":[{"href":"https:\/\/roveyayinevi.com.tr\/index.php\/wp-json\/wp\/v2\/media?parent=710077"}],"wp:term":[{"taxonomy":"product_brand","embeddable":true,"href":"https:\/\/roveyayinevi.com.tr\/index.php\/wp-json\/wp\/v2\/product_brand?post=710077"},{"taxonomy":"product_cat","embeddable":true,"href":"https:\/\/roveyayinevi.com.tr\/index.php\/wp-json\/wp\/v2\/product_cat?post=710077"},{"taxonomy":"product_tag","embeddable":true,"href":"https:\/\/roveyayinevi.com.tr\/index.php\/wp-json\/wp\/v2\/product_tag?post=710077"}],"curies":[{"name":"wp","href":"https:\/\/api.w.org\/{rel}","templated":true}]}}