{"id":710075,"date":"2025-08-27T16:32:18","date_gmt":"2025-08-27T13:32:18","guid":{"rendered":"https:\/\/roveyayinevi.com.tr\/index.php\/urun\/guney-postasi\/"},"modified":"2026-04-16T02:18:50","modified_gmt":"2026-04-15T23:18:50","slug":"guney-postasi","status":"publish","type":"product","link":"https:\/\/roveyayinevi.com.tr\/index.php\/urun\/guney-postasi\/","title":{"rendered":"G\u00fcney Postas\u0131"},"content":{"rendered":"<p>Antoine de Saint-Exup\u00e9ry, bu ilk roman\u0131nda, havac\u0131l\u0131\u011f\u0131n kutsal de\u011ferleri olan geceye, g\u00fcnd\u00fcze, da\u011fa, denize ve f\u0131rt\u0131naya \u015fiirsel bir dille sayg\u0131s\u0131n\u0131 sunarak, Fransa ve Kuzey Afrika aras\u0131ndaki s\u0131radan bir posta u\u00e7u\u015funu ticari havac\u0131l\u0131\u011f\u0131n ba\u015flang\u0131\u00e7 destan\u0131na d\u00f6n\u00fc\u015ft\u00fcr\u00fcyor. G\u00f6ky\u00fcz\u00fc her defas\u0131nda engin bir ser\u00fcven co\u015fkusu ya\u015fat\u0131yor ona. Havada yol al\u0131rken iliklerine kadar insan sevgisini duyumsayan ve bunu ar\u0131, duru bir anlat\u0131ma kavu\u015fturan yazar, \u00f6teki yap\u0131tlar\u0131nda da ayn\u0131 co\u015fkuyu payla\u015f\u0131yor. <\/p>\n","protected":false},"excerpt":{"rendered":"<p>Antoine de Saint-Exup\u00e9ry, bu ilk roman\u0131nda, havac\u0131l\u0131\u011f\u0131n kutsal de\u011ferleri olan geceye, g\u00fcnd\u00fcze, da\u011fa, denize ve f\u0131rt\u0131naya \u015fiirsel bir dille sayg\u0131s\u0131n\u0131 sunarak, Fransa ve Kuzey Afrika aras\u0131ndaki<span class=\"excerpt-hellip\"> [\u2026]<\/span><\/p>\n","protected":false},"featured_media":0,"template":"","meta":{"_monsterinsights_skip_tracking":false,"_monsterinsights_sitenote_active":false,"_monsterinsights_sitenote_note":"","_monsterinsights_sitenote_category":0},"product_brand":[],"product_cat":[12291,12711],"product_tag":[],"class_list":{"0":"post-710075","1":"product","2":"type-product","3":"status-publish","5":"product_cat-edebiyat","6":"product_cat-roman-oyku","7":"pa_cilt-ciltsiz","8":"pa_tur-kitap","9":"pa_yayinevi-remzi-kitabevi","10":"pa_yazar-antoine-de-saint-exupery","12":"first","13":"instock","14":"sale","15":"shipping-taxable","16":"purchasable","17":"product-type-simple"},"_links":{"self":[{"href":"https:\/\/roveyayinevi.com.tr\/index.php\/wp-json\/wp\/v2\/product\/710075","targetHints":{"allow":["GET"]}}],"collection":[{"href":"https:\/\/roveyayinevi.com.tr\/index.php\/wp-json\/wp\/v2\/product"}],"about":[{"href":"https:\/\/roveyayinevi.com.tr\/index.php\/wp-json\/wp\/v2\/types\/product"}],"wp:attachment":[{"href":"https:\/\/roveyayinevi.com.tr\/index.php\/wp-json\/wp\/v2\/media?parent=710075"}],"wp:term":[{"taxonomy":"product_brand","embeddable":true,"href":"https:\/\/roveyayinevi.com.tr\/index.php\/wp-json\/wp\/v2\/product_brand?post=710075"},{"taxonomy":"product_cat","embeddable":true,"href":"https:\/\/roveyayinevi.com.tr\/index.php\/wp-json\/wp\/v2\/product_cat?post=710075"},{"taxonomy":"product_tag","embeddable":true,"href":"https:\/\/roveyayinevi.com.tr\/index.php\/wp-json\/wp\/v2\/product_tag?post=710075"}],"curies":[{"name":"wp","href":"https:\/\/api.w.org\/{rel}","templated":true}]}}