{"id":710074,"date":"2025-08-27T16:32:17","date_gmt":"2025-08-27T13:32:17","guid":{"rendered":"https:\/\/roveyayinevi.com.tr\/index.php\/urun\/cocuklar-icin-gercek-yasam-becerileri\/"},"modified":"2026-04-16T02:18:50","modified_gmt":"2026-04-15T23:18:50","slug":"cocuklar-icin-gercek-yasam-becerileri","status":"publish","type":"product","link":"https:\/\/roveyayinevi.com.tr\/index.php\/urun\/cocuklar-icin-gercek-yasam-becerileri\/","title":{"rendered":"\u00c7ocuklar \u0130\u00e7in Ger\u00e7ek Ya\u015fam Becerileri"},"content":{"rendered":"<p>Sosyal becerileri geli\u015fmi\u015f \u00e7ocuklar\u0131n \u00f6zg\u00fcvenleri y\u00fckselir, aile,arkada\u015f ili\u015fkileri g\u00fc\u00e7lenir ve okul ba\u015far\u0131lar\u0131 artar. \u00c7ocuklukd\u00f6neminde kazan\u0131lmayan sosyal beceriler, yeti\u015fkinin i\u015f, sosyal ve\u00f6zel ya\u015fam\u0131nda sorunlara ve mutsuzlu\u011fa yol a\u00e7ar. Unutmay\u0131n ki,ya\u015fam doyumu b\u00fcy\u00fck oranda sosyal becerilere ba\u011fl\u0131d\u0131r.\u00c7ocuklar \u0130\u00e7in Ger\u00e7ek Ya\u015fam Becerileri kitab\u0131, 6 ana ba\u015fl\u0131k alt\u0131nda 56sosyal beceriyi pratik \u00f6neriler, oyunlar ve uygulamalarla ele alan birk\u0131lavuz olma \u00f6zelli\u011fi ta\u015f\u0131yor.Bu kitapta yer alan temel beceriler:\u2022 \u0130li\u015fki ba\u015flatma ve s\u00fcrd\u00fcrme becerileri\u2022 At\u0131lganl\u0131k becerileri\u2022 Duygulara y\u00f6nelik beceriler\u2022Sald\u0131rgan davran\u0131\u015f ve d\u00fcrt\u00fclerle ba\u015fa \u00e7\u0131kma <\/p>\n","protected":false},"excerpt":{"rendered":"<p>Sosyal becerileri geli\u015fmi\u015f \u00e7ocuklar\u0131n \u00f6zg\u00fcvenleri y\u00fckselir, aile,arkada\u015f ili\u015fkileri g\u00fc\u00e7lenir ve okul ba\u015far\u0131lar\u0131 artar. \u00c7ocuklukd\u00f6neminde kazan\u0131lmayan sosyal beceriler, yeti\u015fkinin i\u015f, sosyal ve\u00f6zel ya\u015fam\u0131nda sorunlara ve mutsuzlu\u011fa yol<span class=\"excerpt-hellip\"> [\u2026]<\/span><\/p>\n","protected":false},"featured_media":0,"template":"","meta":{"_monsterinsights_skip_tracking":false,"_monsterinsights_sitenote_active":false,"_monsterinsights_sitenote_note":"","_monsterinsights_sitenote_category":0},"product_brand":[],"product_cat":[12831,12324],"product_tag":[],"class_list":{"0":"post-710074","1":"product","2":"type-product","3":"status-publish","5":"product_cat-aile-ve-cocuk","6":"product_cat-sosyoloji","7":"pa_cilt-ciltsiz","8":"pa_tur-kitap","9":"pa_yayinevi-remzi-kitabevi","10":"pa_yazar-aygun-tuce-atas-ilknur-efecinar","12":"first","13":"instock","14":"sale","15":"shipping-taxable","16":"purchasable","17":"product-type-simple"},"_links":{"self":[{"href":"https:\/\/roveyayinevi.com.tr\/index.php\/wp-json\/wp\/v2\/product\/710074","targetHints":{"allow":["GET"]}}],"collection":[{"href":"https:\/\/roveyayinevi.com.tr\/index.php\/wp-json\/wp\/v2\/product"}],"about":[{"href":"https:\/\/roveyayinevi.com.tr\/index.php\/wp-json\/wp\/v2\/types\/product"}],"wp:attachment":[{"href":"https:\/\/roveyayinevi.com.tr\/index.php\/wp-json\/wp\/v2\/media?parent=710074"}],"wp:term":[{"taxonomy":"product_brand","embeddable":true,"href":"https:\/\/roveyayinevi.com.tr\/index.php\/wp-json\/wp\/v2\/product_brand?post=710074"},{"taxonomy":"product_cat","embeddable":true,"href":"https:\/\/roveyayinevi.com.tr\/index.php\/wp-json\/wp\/v2\/product_cat?post=710074"},{"taxonomy":"product_tag","embeddable":true,"href":"https:\/\/roveyayinevi.com.tr\/index.php\/wp-json\/wp\/v2\/product_tag?post=710074"}],"curies":[{"name":"wp","href":"https:\/\/api.w.org\/{rel}","templated":true}]}}