{"id":710052,"date":"2025-08-27T16:32:07","date_gmt":"2025-08-27T13:32:07","guid":{"rendered":"https:\/\/roveyayinevi.com.tr\/index.php\/urun\/sirlar-kulubu-1-alice-sahnede\/"},"modified":"2026-04-16T02:18:49","modified_gmt":"2026-04-15T23:18:49","slug":"sirlar-kulubu-1-alice-sahnede","status":"publish","type":"product","link":"https:\/\/roveyayinevi.com.tr\/index.php\/urun\/sirlar-kulubu-1-alice-sahnede\/","title":{"rendered":"S\u0131rlar Kul\u00fcb\u00fc &#8211; 1 Alice Sahnede"},"content":{"rendered":"<p>\u201c\u00d6nemli de\u011fil.  Biz bir grubuz unuttun mu? S\u0131r Yok Kul\u00fcb\u00fc\u2019y\u00fcz.\u201dTash\u2019in ciddi y\u00fcz\u00fc, tan\u0131d\u0131k bir g\u00fcl\u00fcmsemeyle yumu\u015fad\u0131 ve d\u00fcnyam yeniden ayd\u0131nland\u0131. Fakat k\u0131sa bir s\u00fcreli\u011fine\u2026 Yak\u0131nda kara bulutlar geri gelecekti. \u00c7\u00fcnk\u00fc bir s\u0131rr\u0131m vard\u0131. \u00dcstelik bu, B\u00fcy\u00fck bir s\u0131rd\u0131. Arkada\u015flar\u0131ma anlatmay\u0131 ger\u00e7ekten \u00e7ok istiyordum. Ama saklad\u0131k\u00e7a anlatmak g\u00fc\u00e7le\u015fiyordu\u2026 Alice ve arkada\u015flar\u0131n\u0131n kurdu\u011fu S\u0131rlar Kul\u00fcb\u00fc\u2019ne kat\u0131larak onlar\u0131n Riverside K\u0131zlar Akademisi\u2019nde ba\u015flayan ya\u015famlar\u0131n\u0131, arkada\u015fl\u0131klar\u0131n\u0131, korkular\u0131n\u0131 ve payla\u015ft\u0131klar\u0131 s\u0131rlar\u0131  \u00f6\u011frenebilirsiniz. <\/p>\n","protected":false},"excerpt":{"rendered":"<p>\u201c\u00d6nemli de\u011fil. Biz bir grubuz unuttun mu? S\u0131r Yok Kul\u00fcb\u00fc\u2019y\u00fcz.\u201dTash\u2019in ciddi y\u00fcz\u00fc, tan\u0131d\u0131k bir g\u00fcl\u00fcmsemeyle yumu\u015fad\u0131 ve d\u00fcnyam yeniden ayd\u0131nland\u0131. Fakat k\u0131sa bir s\u00fcreli\u011fine\u2026 Yak\u0131nda kara<span class=\"excerpt-hellip\"> [\u2026]<\/span><\/p>\n","protected":false},"featured_media":0,"template":"","meta":{"_monsterinsights_skip_tracking":false,"_monsterinsights_sitenote_active":false,"_monsterinsights_sitenote_note":"","_monsterinsights_sitenote_category":0},"product_brand":[],"product_cat":[12275,12274],"product_tag":[],"class_list":{"0":"post-710052","1":"product","2":"type-product","3":"status-publish","5":"product_cat-6-12-yas-kitaplari","6":"product_cat-cocuk-ve-genclik-kitaplari","7":"pa_cilt-ciltsiz","8":"pa_tur-kitap","9":"pa_yayinevi-beyaz-balina-yayinlari","10":"pa_yazar-chris-higgins","12":"first","13":"instock","14":"sale","15":"shipping-taxable","16":"purchasable","17":"product-type-simple"},"_links":{"self":[{"href":"https:\/\/roveyayinevi.com.tr\/index.php\/wp-json\/wp\/v2\/product\/710052","targetHints":{"allow":["GET"]}}],"collection":[{"href":"https:\/\/roveyayinevi.com.tr\/index.php\/wp-json\/wp\/v2\/product"}],"about":[{"href":"https:\/\/roveyayinevi.com.tr\/index.php\/wp-json\/wp\/v2\/types\/product"}],"wp:attachment":[{"href":"https:\/\/roveyayinevi.com.tr\/index.php\/wp-json\/wp\/v2\/media?parent=710052"}],"wp:term":[{"taxonomy":"product_brand","embeddable":true,"href":"https:\/\/roveyayinevi.com.tr\/index.php\/wp-json\/wp\/v2\/product_brand?post=710052"},{"taxonomy":"product_cat","embeddable":true,"href":"https:\/\/roveyayinevi.com.tr\/index.php\/wp-json\/wp\/v2\/product_cat?post=710052"},{"taxonomy":"product_tag","embeddable":true,"href":"https:\/\/roveyayinevi.com.tr\/index.php\/wp-json\/wp\/v2\/product_tag?post=710052"}],"curies":[{"name":"wp","href":"https:\/\/api.w.org\/{rel}","templated":true}]}}