{"id":710051,"date":"2025-08-27T16:32:07","date_gmt":"2025-08-27T13:32:07","guid":{"rendered":"https:\/\/roveyayinevi.com.tr\/index.php\/urun\/sirlar-kulubu-2-tashin-gizli-yasam\/"},"modified":"2026-04-16T02:18:49","modified_gmt":"2026-04-15T23:18:49","slug":"sirlar-kulubu-2-tashin-gizli-yasam","status":"publish","type":"product","link":"https:\/\/roveyayinevi.com.tr\/index.php\/urun\/sirlar-kulubu-2-tashin-gizli-yasam\/","title":{"rendered":"S\u0131rlar Kul\u00fcb\u00fc 2 &#8211; Tash&#8217;in Gizli Ya\u015fam"},"content":{"rendered":"<p>Alice, \u201cBirbirimizden hi\u00e7bir \u015fey saklamayaca\u011f\u0131m\u0131z\u0131 s\u00f6ylemi\u015ftin, hat\u0131rlad\u0131n m\u0131? Bize, \u2018S\u0131r Yok Kul\u00fcb\u00fc\u2019 ad\u0131n\u0131 vermi\u015ftin,\u201d dedi. Dani, \u201cEvet! Belki de kendimize \u2018S\u0131rlar Kul\u00fcb\u00fc\u2019 demeliyiz,\u201d diye ekledi. \u201cNeden?\u201d diye sordu Lissa. \u201cYoksa bir s\u0131rr\u0131n m\u0131 var?\u201dTash, Alice, Lissa ve Dani yak\u0131n arkada\u015flar.  Birbirlerinden s\u0131r saklamayacaklar\u0131na s\u00f6z verdiler.  Tash arkada\u015flar\u0131na, ya\u015fam\u0131yla ilgili ger\u00e7ekleri a\u00e7\u0131klamay\u0131 \u00e7ok istiyor ama \u00f6nemli biri ona engel oluyor\u2026<\/p>\n","protected":false},"excerpt":{"rendered":"<p>Alice, \u201cBirbirimizden hi\u00e7bir \u015fey saklamayaca\u011f\u0131m\u0131z\u0131 s\u00f6ylemi\u015ftin, hat\u0131rlad\u0131n m\u0131? Bize, \u2018S\u0131r Yok Kul\u00fcb\u00fc\u2019 ad\u0131n\u0131 vermi\u015ftin,\u201d dedi. Dani, \u201cEvet! Belki de kendimize \u2018S\u0131rlar Kul\u00fcb\u00fc\u2019 demeliyiz,\u201d diye ekledi. \u201cNeden?\u201d<span class=\"excerpt-hellip\"> [\u2026]<\/span><\/p>\n","protected":false},"featured_media":0,"template":"","meta":{"_monsterinsights_skip_tracking":false,"_monsterinsights_sitenote_active":false,"_monsterinsights_sitenote_note":"","_monsterinsights_sitenote_category":0},"product_brand":[],"product_cat":[12275,12274],"product_tag":[],"class_list":{"0":"post-710051","1":"product","2":"type-product","3":"status-publish","5":"product_cat-6-12-yas-kitaplari","6":"product_cat-cocuk-ve-genclik-kitaplari","7":"pa_cilt-ciltsiz","8":"pa_tur-kitap","9":"pa_yayinevi-beyaz-balina-yayinlari","10":"pa_yazar-chris-higgins","12":"first","13":"instock","14":"sale","15":"shipping-taxable","16":"purchasable","17":"product-type-simple"},"_links":{"self":[{"href":"https:\/\/roveyayinevi.com.tr\/index.php\/wp-json\/wp\/v2\/product\/710051","targetHints":{"allow":["GET"]}}],"collection":[{"href":"https:\/\/roveyayinevi.com.tr\/index.php\/wp-json\/wp\/v2\/product"}],"about":[{"href":"https:\/\/roveyayinevi.com.tr\/index.php\/wp-json\/wp\/v2\/types\/product"}],"wp:attachment":[{"href":"https:\/\/roveyayinevi.com.tr\/index.php\/wp-json\/wp\/v2\/media?parent=710051"}],"wp:term":[{"taxonomy":"product_brand","embeddable":true,"href":"https:\/\/roveyayinevi.com.tr\/index.php\/wp-json\/wp\/v2\/product_brand?post=710051"},{"taxonomy":"product_cat","embeddable":true,"href":"https:\/\/roveyayinevi.com.tr\/index.php\/wp-json\/wp\/v2\/product_cat?post=710051"},{"taxonomy":"product_tag","embeddable":true,"href":"https:\/\/roveyayinevi.com.tr\/index.php\/wp-json\/wp\/v2\/product_tag?post=710051"}],"curies":[{"name":"wp","href":"https:\/\/api.w.org\/{rel}","templated":true}]}}