{"id":710049,"date":"2025-08-27T16:32:06","date_gmt":"2025-08-27T13:32:06","guid":{"rendered":"https:\/\/roveyayinevi.com.tr\/index.php\/urun\/kuklaci-cocuk\/"},"modified":"2026-04-16T02:18:49","modified_gmt":"2026-04-15T23:18:49","slug":"kuklaci-cocuk","status":"publish","type":"product","link":"https:\/\/roveyayinevi.com.tr\/index.php\/urun\/kuklaci-cocuk\/","title":{"rendered":"Kuklac\u0131 \u00c7ocuk"},"content":{"rendered":"<p>Hayat\u0131n en zor d\u00f6nemlerinde bile umutlar\u0131 ye\u015ferten olaylar olur. Bazen umut; prens, k\u0131z, \u015fap\u015fal g\u00f6r\u00fcn\u00fcml\u00fc ve di\u015flerinin \u00e7o\u011fu d\u00f6k\u00fclm\u00fc\u015f  timsah kuklas\u0131yla oyunlar sergileyen kuklac\u0131 bir \u00e7ocuk olarak gelir.\u201cPalto dikildi\u011finde 12 ya\u015f\u0131ndayd\u0131m. Terzimiz ve sevgili dostumuz Nathan paltoyu,  1938 Mart\u2019\u0131n\u0131n ilk haftas\u0131nda b\u00fcy\u00fckbabam i\u00e7in dikmi\u015fti.  O hafta, Var\u015fova ve bizim i\u00e7in \u00f6zg\u00fcrl\u00fc\u011f\u00fcn son haftas\u0131yd\u0131.\u201dVar\u015fova Gettosu\u2019nda \u00f6len b\u00fcy\u00fckbabas\u0131 Mika\u2019ya, muhte\u015fem paltosuyla birlikte  paltonun s\u0131rlar\u0131n\u0131 da miras b\u0131rakt\u0131. Bir g\u00fcn Mika paltonun gizli cebinde, kafas\u0131 k\u00e2\u011f\u0131t hamurundan, g\u00f6vdesi bir par\u00e7a kuma\u015ftan yap\u0131lm\u0131\u015f prens kuklas\u0131n\u0131 buldu.  Ve kuzeni ile birlikte, \u00e7ocuklar\u0131 ne\u015felendirmek i\u00e7in bir kukla g\u00f6sterisi yapt\u0131. K\u0131sa zamanda t\u00fcm getto, kuklac\u0131 \u00e7ocu\u011fu konu\u015fmaya ba\u015flad\u0131. Ta ki Mika, Alman polisi taraf\u0131ndan durdurulup gizli bir hayat ya\u015famaya zorlanana kadar\u2026Bu bir hayatta kalma hik\u00e2yesi. K\u0131talara ve nesillere yay\u0131lan, Var\u015fova\u2019dan Sibirya\u2019n\u0131n esir kamplar\u0131na uzanan, sava\u015f\u0131n kaosu i\u00e7inde kar\u015f\u0131la\u015fm\u0131\u015f iki hayat\u0131n destans\u0131 yolculu\u011fu.<\/p>\n","protected":false},"excerpt":{"rendered":"<p>Hayat\u0131n en zor d\u00f6nemlerinde bile umutlar\u0131 ye\u015ferten olaylar olur. Bazen umut; prens, k\u0131z, \u015fap\u015fal g\u00f6r\u00fcn\u00fcml\u00fc ve di\u015flerinin \u00e7o\u011fu d\u00f6k\u00fclm\u00fc\u015f timsah kuklas\u0131yla oyunlar sergileyen kuklac\u0131 bir \u00e7ocuk<span class=\"excerpt-hellip\"> [\u2026]<\/span><\/p>\n","protected":false},"featured_media":0,"template":"","meta":{"_monsterinsights_skip_tracking":false,"_monsterinsights_sitenote_active":false,"_monsterinsights_sitenote_note":"","_monsterinsights_sitenote_category":0},"product_brand":[],"product_cat":[12291,12745],"product_tag":[],"class_list":{"0":"post-710049","1":"product","2":"type-product","3":"status-publish","5":"product_cat-edebiyat","6":"product_cat-tarihi-roman","7":"pa_cilt-ciltsiz","8":"pa_tur-kitap","9":"pa_yayinevi-beyaz-balina-yayinlari","10":"pa_yazar-eva-weaver","12":"first","13":"instock","14":"sale","15":"shipping-taxable","16":"purchasable","17":"product-type-simple"},"_links":{"self":[{"href":"https:\/\/roveyayinevi.com.tr\/index.php\/wp-json\/wp\/v2\/product\/710049","targetHints":{"allow":["GET"]}}],"collection":[{"href":"https:\/\/roveyayinevi.com.tr\/index.php\/wp-json\/wp\/v2\/product"}],"about":[{"href":"https:\/\/roveyayinevi.com.tr\/index.php\/wp-json\/wp\/v2\/types\/product"}],"wp:attachment":[{"href":"https:\/\/roveyayinevi.com.tr\/index.php\/wp-json\/wp\/v2\/media?parent=710049"}],"wp:term":[{"taxonomy":"product_brand","embeddable":true,"href":"https:\/\/roveyayinevi.com.tr\/index.php\/wp-json\/wp\/v2\/product_brand?post=710049"},{"taxonomy":"product_cat","embeddable":true,"href":"https:\/\/roveyayinevi.com.tr\/index.php\/wp-json\/wp\/v2\/product_cat?post=710049"},{"taxonomy":"product_tag","embeddable":true,"href":"https:\/\/roveyayinevi.com.tr\/index.php\/wp-json\/wp\/v2\/product_tag?post=710049"}],"curies":[{"name":"wp","href":"https:\/\/api.w.org\/{rel}","templated":true}]}}