{"id":710047,"date":"2025-08-27T16:32:04","date_gmt":"2025-08-27T13:32:04","guid":{"rendered":"https:\/\/roveyayinevi.com.tr\/index.php\/urun\/babalar-ve-ogullar-bez-ciltli\/"},"modified":"2026-04-16T02:18:49","modified_gmt":"2026-04-15T23:18:49","slug":"babalar-ve-ogullar-bez-ciltli","status":"publish","type":"product","link":"https:\/\/roveyayinevi.com.tr\/index.php\/urun\/babalar-ve-ogullar-bez-ciltli\/","title":{"rendered":"Babalar ve O\u011fullar (Bez Ciltli)"},"content":{"rendered":"<p>En \u00e7ok okunan klasikler, \u00f6zenli \u00e7evirilerle ve alan\u0131nda uzman akademisyenlerin edit\u00f6rl\u00fc\u011f\u00fcnde okuyucuyla bulu\u015fuyor.Rus edebiyat\u0131ndaki ilk modern roman kabul edilen Babalar ve O\u011fullar ku\u015faklar aras\u0131 \u00e7at\u0131\u015fmay\u0131 ger\u00e7ek\u00e7ilik penceresinden ele alan, yay\u0131mland\u0131\u011f\u0131 ilk g\u00fcnk\u00fc kadar sars\u0131c\u0131 ve heyecan verici bir ba\u015fyap\u0131tt\u0131r.Arkadi baba evine, yak\u0131n dostu ve ak\u0131l hocas\u0131 Bazarov ile beraber d\u00f6ner. \u0130nsanlara tepeden bakan ve hemen her konuda fikri olan Bazarov k\u0131sa s\u00fcrede ev halk\u0131 i\u00e7in bir tehdit olu\u015fturur. Bat\u0131 taraftar\u0131 bu kentsoylu ayd\u0131nlar\u0131n yan\u0131ndan, muhafazakar toprak sahibi ailenin yan\u0131na gittiklerinde ise Bazarov\u2019un tav\u0131rlar\u0131nda ac\u0131mayla kar\u0131\u015f\u0131k bir kay\u0131ts\u0131zl\u0131k g\u00f6ze \u00e7arpar. Yeninin eskiyle, modernin gelenekselle, \u00fcretimin y\u0131k\u0131mla \u00e7at\u0131\u015ft\u0131\u011f\u0131 bu atmosferde Bazarov, kendisini asla anlamayan \u201cbaba\u201d fig\u00fcr\u00fcyle daima ters d\u00fc\u015fer.\u0130nsan ruhundaki dalgalanmalar\u0131 ve bulutlanmalar\u0131 i\u015flerken a\u015fk\u0131n her t\u00fcrl\u00fc prensibi alt\u00fcst edi\u015fini \u00e7arp\u0131c\u0131 bir \u015fekilde ortaya koyan bu eseri U\u011fur B\u00fcke\u2019nin \u00f6zenli \u00e7evirisiyle sunuyoruz.<\/p>\n","protected":false},"excerpt":{"rendered":"<p>En \u00e7ok okunan klasikler, \u00f6zenli \u00e7evirilerle ve alan\u0131nda uzman akademisyenlerin edit\u00f6rl\u00fc\u011f\u00fcnde okuyucuyla bulu\u015fuyor.Rus edebiyat\u0131ndaki ilk modern roman kabul edilen Babalar ve O\u011fullar ku\u015faklar aras\u0131 \u00e7at\u0131\u015fmay\u0131 ger\u00e7ek\u00e7ilik<span class=\"excerpt-hellip\"> [\u2026]<\/span><\/p>\n","protected":false},"featured_media":0,"template":"","meta":{"_monsterinsights_skip_tracking":false,"_monsterinsights_sitenote_active":false,"_monsterinsights_sitenote_note":"","_monsterinsights_sitenote_category":0},"product_brand":[],"product_cat":[12291,13872],"product_tag":[],"class_list":{"0":"post-710047","1":"product","2":"type-product","3":"status-publish","5":"product_cat-edebiyat","6":"product_cat-klasikler","7":"pa_cilt-ciltli","8":"pa_tur-kitap","9":"pa_yayinevi-koridor-yayincilik","10":"pa_yazar-ivan-sergeyevic-turgenyev","12":"first","13":"instock","14":"sale","15":"shipping-taxable","16":"purchasable","17":"product-type-simple"},"_links":{"self":[{"href":"https:\/\/roveyayinevi.com.tr\/index.php\/wp-json\/wp\/v2\/product\/710047","targetHints":{"allow":["GET"]}}],"collection":[{"href":"https:\/\/roveyayinevi.com.tr\/index.php\/wp-json\/wp\/v2\/product"}],"about":[{"href":"https:\/\/roveyayinevi.com.tr\/index.php\/wp-json\/wp\/v2\/types\/product"}],"wp:attachment":[{"href":"https:\/\/roveyayinevi.com.tr\/index.php\/wp-json\/wp\/v2\/media?parent=710047"}],"wp:term":[{"taxonomy":"product_brand","embeddable":true,"href":"https:\/\/roveyayinevi.com.tr\/index.php\/wp-json\/wp\/v2\/product_brand?post=710047"},{"taxonomy":"product_cat","embeddable":true,"href":"https:\/\/roveyayinevi.com.tr\/index.php\/wp-json\/wp\/v2\/product_cat?post=710047"},{"taxonomy":"product_tag","embeddable":true,"href":"https:\/\/roveyayinevi.com.tr\/index.php\/wp-json\/wp\/v2\/product_tag?post=710047"}],"curies":[{"name":"wp","href":"https:\/\/api.w.org\/{rel}","templated":true}]}}