{"id":710044,"date":"2025-08-27T16:32:03","date_gmt":"2025-08-27T13:32:03","guid":{"rendered":"https:\/\/roveyayinevi.com.tr\/index.php\/urun\/ataturkun-hayati-ciltli\/"},"modified":"2026-04-16T02:18:49","modified_gmt":"2026-04-15T23:18:49","slug":"ataturkun-hayati-ciltli","status":"publish","type":"product","link":"https:\/\/roveyayinevi.com.tr\/index.php\/urun\/ataturkun-hayati-ciltli\/","title":{"rendered":"Atat\u00fcrk&#8217;\u00fcn Hayat\u0131 (Ciltli)"},"content":{"rendered":"<p>D\u00fcnyada pek \u00e7ok tarih\u00e7i Atat\u00fcrk\u2019\u00fcn 20. Y\u00fczy\u0131l\u0131n en b\u00fcy\u00fck lideri oldu\u011funu belirtmi\u015ftir. Her T\u00fcrk \u00e7ocu\u011fu bu b\u00fcy\u00fck lideri yak\u0131ndan tan\u0131mal\u0131 ve bug\u00fcnk\u00fc T\u00fcrkiye Cumhuriyeti\u2019nin nas\u0131l kuruldu\u011funu \u00f6\u011frenmelidir. <\/p>\n","protected":false},"excerpt":{"rendered":"<p>D\u00fcnyada pek \u00e7ok tarih\u00e7i Atat\u00fcrk\u2019\u00fcn 20. Y\u00fczy\u0131l\u0131n en b\u00fcy\u00fck lideri oldu\u011funu belirtmi\u015ftir. Her T\u00fcrk \u00e7ocu\u011fu bu b\u00fcy\u00fck lideri yak\u0131ndan tan\u0131mal\u0131 ve bug\u00fcnk\u00fc T\u00fcrkiye Cumhuriyeti\u2019nin nas\u0131l kuruldu\u011funu<span class=\"excerpt-hellip\"> [\u2026]<\/span><\/p>\n","protected":false},"featured_media":0,"template":"","meta":{"_monsterinsights_skip_tracking":false,"_monsterinsights_sitenote_active":false,"_monsterinsights_sitenote_note":"","_monsterinsights_sitenote_category":0},"product_brand":[],"product_cat":[12530,12304],"product_tag":[],"class_list":{"0":"post-710044","1":"product","2":"type-product","3":"status-publish","5":"product_cat-mustafa-kemal-ataturk","6":"product_cat-tarih","7":"pa_cilt-ciltli","8":"pa_tur-kitap","9":"pa_yayinevi-engin-yayinevi","10":"pa_yazar-mehmet-hengirmen","12":"first","13":"instock","14":"sale","15":"shipping-taxable","16":"purchasable","17":"product-type-simple"},"_links":{"self":[{"href":"https:\/\/roveyayinevi.com.tr\/index.php\/wp-json\/wp\/v2\/product\/710044","targetHints":{"allow":["GET"]}}],"collection":[{"href":"https:\/\/roveyayinevi.com.tr\/index.php\/wp-json\/wp\/v2\/product"}],"about":[{"href":"https:\/\/roveyayinevi.com.tr\/index.php\/wp-json\/wp\/v2\/types\/product"}],"wp:attachment":[{"href":"https:\/\/roveyayinevi.com.tr\/index.php\/wp-json\/wp\/v2\/media?parent=710044"}],"wp:term":[{"taxonomy":"product_brand","embeddable":true,"href":"https:\/\/roveyayinevi.com.tr\/index.php\/wp-json\/wp\/v2\/product_brand?post=710044"},{"taxonomy":"product_cat","embeddable":true,"href":"https:\/\/roveyayinevi.com.tr\/index.php\/wp-json\/wp\/v2\/product_cat?post=710044"},{"taxonomy":"product_tag","embeddable":true,"href":"https:\/\/roveyayinevi.com.tr\/index.php\/wp-json\/wp\/v2\/product_tag?post=710044"}],"curies":[{"name":"wp","href":"https:\/\/api.w.org\/{rel}","templated":true}]}}