{"id":710043,"date":"2025-08-27T16:32:02","date_gmt":"2025-08-27T13:32:02","guid":{"rendered":"https:\/\/roveyayinevi.com.tr\/index.php\/urun\/inkilap-mektuplari\/"},"modified":"2026-04-16T02:18:49","modified_gmt":"2026-04-15T23:18:49","slug":"inkilap-mektuplari","status":"publish","type":"product","link":"https:\/\/roveyayinevi.com.tr\/index.php\/urun\/inkilap-mektuplari\/","title":{"rendered":"\u0130nk\u0131lap Mektuplar\u0131"},"content":{"rendered":"<p>&#8220;\u0130htilal \u00f6rg\u00fctleri ni\u00e7in kuruldu? \u0130lk ihtilal \u00f6rg\u00fct\u00fcn\u00fc kuranlar\u0131n d\u00fc\u015f\u00fcnceleri neydi? D\u00fcnyaya ve T\u00fcrkiye&#8217;nin sorunlar\u0131na nas\u0131l bak\u0131yorlard\u0131? Nas\u0131l \u00f6rg\u00fctlenmi\u015f ve nas\u0131l ba\u015far\u0131ya ula\u015fm\u0131\u015flard\u0131? Bunlar\u0131 bilmeden, sa\u011flam temellere dayal\u0131 sa\u011flam bir demokrasi kurmaya olanak yoktur&#8230; 27 May\u0131s, cumhuriyet d\u00f6neminde ya\u015fanan bir 2&#8217;nci Me\u015frutiyet gibidir. 27 May\u0131s\u00e7\u0131lar da ittihat\u00e7\u0131lara benzer. \u0130ttihat\u00e7\u0131lar i\u00e7in &#8216;yoksul \u00f6ld\u00fcler&#8217; derler. K\u00f6ksal da, eylemiyle son ittihat\u00e7\u0131lardan biriydi. Onlar gibi yoksul ve yaln\u0131z \u00f6ld\u00fc. Son y\u0131llarda devlet y\u00f6netiminde, Osman K\u00f6ksal benzeri g\u00f6revler \u00fcstlenen ka\u00e7 ki\u015fi, son g\u00fcnlerini s\u0131k\u0131nt\u0131 ve yoksullukla pen\u00e7ele\u015ferek ge\u00e7irdi, s\u00f6yler misiniz? \ufffc<\/p>\n","protected":false},"excerpt":{"rendered":"<p>&#8220;\u0130htilal \u00f6rg\u00fctleri ni\u00e7in kuruldu? \u0130lk ihtilal \u00f6rg\u00fct\u00fcn\u00fc kuranlar\u0131n d\u00fc\u015f\u00fcnceleri neydi? D\u00fcnyaya ve T\u00fcrkiye&#8217;nin sorunlar\u0131na nas\u0131l bak\u0131yorlard\u0131? Nas\u0131l \u00f6rg\u00fctlenmi\u015f ve nas\u0131l ba\u015far\u0131ya ula\u015fm\u0131\u015flard\u0131? Bunlar\u0131 bilmeden, sa\u011flam temellere<span class=\"excerpt-hellip\"> [\u2026]<\/span><\/p>\n","protected":false},"featured_media":0,"template":"","meta":{"_monsterinsights_skip_tracking":false,"_monsterinsights_sitenote_active":false,"_monsterinsights_sitenote_note":"","_monsterinsights_sitenote_category":0},"product_brand":[],"product_cat":[12337,14543],"product_tag":[],"class_list":{"0":"post-710043","1":"product","2":"type-product","3":"status-publish","5":"product_cat-politika-siyaset","6":"product_cat-turkiye-siyaseti-ve-politikasi","7":"pa_cilt-ciltsiz","8":"pa_tur-kitap","9":"pa_yayinevi-umag-yayinevi","10":"pa_yazar-ugur-mumcu","12":"first","13":"instock","14":"sale","15":"shipping-taxable","16":"purchasable","17":"product-type-simple"},"_links":{"self":[{"href":"https:\/\/roveyayinevi.com.tr\/index.php\/wp-json\/wp\/v2\/product\/710043","targetHints":{"allow":["GET"]}}],"collection":[{"href":"https:\/\/roveyayinevi.com.tr\/index.php\/wp-json\/wp\/v2\/product"}],"about":[{"href":"https:\/\/roveyayinevi.com.tr\/index.php\/wp-json\/wp\/v2\/types\/product"}],"wp:attachment":[{"href":"https:\/\/roveyayinevi.com.tr\/index.php\/wp-json\/wp\/v2\/media?parent=710043"}],"wp:term":[{"taxonomy":"product_brand","embeddable":true,"href":"https:\/\/roveyayinevi.com.tr\/index.php\/wp-json\/wp\/v2\/product_brand?post=710043"},{"taxonomy":"product_cat","embeddable":true,"href":"https:\/\/roveyayinevi.com.tr\/index.php\/wp-json\/wp\/v2\/product_cat?post=710043"},{"taxonomy":"product_tag","embeddable":true,"href":"https:\/\/roveyayinevi.com.tr\/index.php\/wp-json\/wp\/v2\/product_tag?post=710043"}],"curies":[{"name":"wp","href":"https:\/\/api.w.org\/{rel}","templated":true}]}}