{"id":710042,"date":"2025-08-27T16:32:02","date_gmt":"2025-08-27T13:32:02","guid":{"rendered":"https:\/\/roveyayinevi.com.tr\/index.php\/urun\/hasmetli-yosmalar-osmanli-tarihinde-yasaklar\/"},"modified":"2026-04-16T02:18:49","modified_gmt":"2026-04-15T23:18:49","slug":"hasmetli-yosmalar-osmanli-tarihinde-yasaklar","status":"publish","type":"product","link":"https:\/\/roveyayinevi.com.tr\/index.php\/urun\/hasmetli-yosmalar-osmanli-tarihinde-yasaklar\/","title":{"rendered":"Ha\u015fmetli Yosmalar Osmanl\u0131 Tarihinde Yasaklar"},"content":{"rendered":"<p>Re\u015fad Ekrem\u2019in dilinde tarih ger\u00e7ek hayattan daha canl\u0131, daha g\u00fczel, daha b\u00fcy\u00fcl\u00fc\u2026Ko\u00e7u\u2019dan iki kitap bir arada. \u0130lkinde Troya Sava\u015f\u0131\u2019n\u0131n \u00e7\u0131kmas\u0131na neden olan G\u00fczel Helena\u2019dan Sappho\u2019ya, Kleopatra, Messalina, Theodora ve Lucrezia Borgia gibi iktidar sahibi kad\u0131nlardan \u201csahte \u0130spanyol dans\u00f6z\u00fc \u0130ngiliz k\u0131z\u0131 Lola Montez\u201de, 18 \u201ca\u015fk kad\u0131n\u0131\u201d anlat\u0131l\u0131yor. \u0130kincide ise Osmanl\u0131 tarihinden i\u00e7ki, t \u00fct\u00fcn, afyon, esrar ve kahve yasaklar\u0131 gibi \u00e7ok bilinenler yan\u0131nda \u201chamama giden gayrim\u00fcslimlere nal\u0131n giyme yasa\u011f\u0131\u201d, \u201cumumi yerlerde ve bilhassa kahvehanelerde devlet sohbeti yasa\u011f\u0131\u201d, \u201cay-y\u0131ld\u0131z yasa\u011f\u0131\u201d ve hatta \u201cevlerde yemek \u00e7e\u015fidi yasa\u011f\u0131\u201d gibi pek bilinmeyen ilgin\u00e7 yasaklar yer al\u0131yor. <\/p>\n","protected":false},"excerpt":{"rendered":"<p>Re\u015fad Ekrem\u2019in dilinde tarih ger\u00e7ek hayattan daha canl\u0131, daha g\u00fczel, daha b\u00fcy\u00fcl\u00fc\u2026Ko\u00e7u\u2019dan iki kitap bir arada. \u0130lkinde Troya Sava\u015f\u0131\u2019n\u0131n \u00e7\u0131kmas\u0131na neden olan G\u00fczel Helena\u2019dan Sappho\u2019ya, Kleopatra,<span class=\"excerpt-hellip\"> [\u2026]<\/span><\/p>\n","protected":false},"featured_media":0,"template":"","meta":{"_monsterinsights_skip_tracking":false,"_monsterinsights_sitenote_active":false,"_monsterinsights_sitenote_note":"","_monsterinsights_sitenote_category":0},"product_brand":[],"product_cat":[13517,12304],"product_tag":[],"class_list":{"0":"post-710042","1":"product","2":"type-product","3":"status-publish","5":"product_cat-osmanli-tarihi","6":"product_cat-tarih","7":"pa_cilt-ciltsiz","8":"pa_tur-kitap","9":"pa_yayinevi-dogan-kitap","10":"pa_yazar-resad-ekrem-kocu","12":"first","13":"instock","14":"sale","15":"shipping-taxable","16":"purchasable","17":"product-type-simple"},"_links":{"self":[{"href":"https:\/\/roveyayinevi.com.tr\/index.php\/wp-json\/wp\/v2\/product\/710042","targetHints":{"allow":["GET"]}}],"collection":[{"href":"https:\/\/roveyayinevi.com.tr\/index.php\/wp-json\/wp\/v2\/product"}],"about":[{"href":"https:\/\/roveyayinevi.com.tr\/index.php\/wp-json\/wp\/v2\/types\/product"}],"wp:attachment":[{"href":"https:\/\/roveyayinevi.com.tr\/index.php\/wp-json\/wp\/v2\/media?parent=710042"}],"wp:term":[{"taxonomy":"product_brand","embeddable":true,"href":"https:\/\/roveyayinevi.com.tr\/index.php\/wp-json\/wp\/v2\/product_brand?post=710042"},{"taxonomy":"product_cat","embeddable":true,"href":"https:\/\/roveyayinevi.com.tr\/index.php\/wp-json\/wp\/v2\/product_cat?post=710042"},{"taxonomy":"product_tag","embeddable":true,"href":"https:\/\/roveyayinevi.com.tr\/index.php\/wp-json\/wp\/v2\/product_tag?post=710042"}],"curies":[{"name":"wp","href":"https:\/\/api.w.org\/{rel}","templated":true}]}}