{"id":710041,"date":"2025-08-27T16:32:01","date_gmt":"2025-08-27T13:32:01","guid":{"rendered":"https:\/\/roveyayinevi.com.tr\/index.php\/urun\/ihanet-ve-direnis\/"},"modified":"2026-04-16T02:18:49","modified_gmt":"2026-04-15T23:18:49","slug":"ihanet-ve-direnis","status":"publish","type":"product","link":"https:\/\/roveyayinevi.com.tr\/index.php\/urun\/ihanet-ve-direnis\/","title":{"rendered":"\u0130hanet ve Direni\u015f"},"content":{"rendered":"<p>15 Temmuz Darbe Ara\u015ft\u0131rma Komisyonu Ba\u015fkan\u0131 Re\u015fat Petek&#8217;in kaleminden&#8230;Paralel yap\u0131lanmadan Milletin Yap\u0131lanmas\u0131na 1960\u2019lar\u0131n hen\u00fcz ilk yar\u0131s\u0131nda \u201cke\u015ffedilen\u201d ve bir \u201cgizli el\u201d taraf\u0131ndan on y\u0131llar boyunca himaye edilen ve parlat\u0131lan bir \u201cs\u00f6zde\u201d din adam\u0131, bu topraklar\u0131n g\u00f6r\u00fcp g\u00f6rebilece\u011fi en b\u00fcy\u00fck ihanetlerden birinin lideri oldu!S\u00f6zde \u201calt\u0131n nesiller\u201d yeti\u015ftirme yalan\u0131 ile y\u00fcz binlerce insan\u0131n hayat\u0131n\u0131 karart\u0131p \u201ckay\u0131p nesiller\u201d ortaya \u00e7\u0131kmas\u0131na sebep olan bu ki\u015fi, \u00e7ocuklu\u011fundan itibaren t\u00fcm ya\u015fam\u0131 soru i\u015faretleri ve bilinmezlerle dolu olan F etullah G\u00fclen\u2019dir.Bu kitapta, \u201cy\u00fczy\u0131l\u0131n ihaneti\u201d olarak tan\u0131mlanan 15 Temmuz darbe giri\u015fimini ger\u00e7ekle\u015ftiren FE*T\u00d6\u2019n\u00fcn lideri G\u00fclen t\u00fcm y\u00f6nleriyle anlat\u0131lm\u0131\u015ft\u0131r.Kimsenin dikkatini \u00e7ekmeyen ama \u201cbirilerinin\u201d dikkatini \u00e7ekti\u011fi i\u00e7in FE*T\u00d6\u2019n\u00fcn liderli\u011fine se\u00e7ilen bir \u201ckullan\u0131\u015fl\u0131 piyon\u201dun hayat\u0131na dair t\u00fcm ayr\u0131nt\u0131lar\u0131 bulaca\u011f\u0131n\u0131z bu kitab\u0131n temel odak noktas\u0131 F etullah G\u00fclen\u2019dir.\u201c1 Numara\u201ds\u0131n\u0131n F etullah G\u00fclen oldu\u011fu 15 Temmuz darbe giri\u015fimi ise t\u00fcm detaylar\u0131 ile ayr\u0131ca ele al\u0131nm\u0131\u015ft\u0131r. <\/p>\n","protected":false},"excerpt":{"rendered":"<p>15 Temmuz Darbe Ara\u015ft\u0131rma Komisyonu Ba\u015fkan\u0131 Re\u015fat Petek&#8217;in kaleminden&#8230;Paralel yap\u0131lanmadan Milletin Yap\u0131lanmas\u0131na 1960\u2019lar\u0131n hen\u00fcz ilk yar\u0131s\u0131nda \u201cke\u015ffedilen\u201d ve bir \u201cgizli el\u201d taraf\u0131ndan on y\u0131llar boyunca himaye<span class=\"excerpt-hellip\"> [\u2026]<\/span><\/p>\n","protected":false},"featured_media":0,"template":"","meta":{"_monsterinsights_skip_tracking":false,"_monsterinsights_sitenote_active":false,"_monsterinsights_sitenote_note":"","_monsterinsights_sitenote_category":0},"product_brand":[],"product_cat":[12337,14543],"product_tag":[],"class_list":{"0":"post-710041","1":"product","2":"type-product","3":"status-publish","5":"product_cat-politika-siyaset","6":"product_cat-turkiye-siyaseti-ve-politikasi","7":"pa_cilt-ciltsiz","8":"pa_tur-kitap","9":"pa_yayinevi-hayat-yayinlari","10":"pa_yazar-resat-petek","12":"first","13":"instock","14":"sale","15":"shipping-taxable","16":"purchasable","17":"product-type-simple"},"_links":{"self":[{"href":"https:\/\/roveyayinevi.com.tr\/index.php\/wp-json\/wp\/v2\/product\/710041","targetHints":{"allow":["GET"]}}],"collection":[{"href":"https:\/\/roveyayinevi.com.tr\/index.php\/wp-json\/wp\/v2\/product"}],"about":[{"href":"https:\/\/roveyayinevi.com.tr\/index.php\/wp-json\/wp\/v2\/types\/product"}],"wp:attachment":[{"href":"https:\/\/roveyayinevi.com.tr\/index.php\/wp-json\/wp\/v2\/media?parent=710041"}],"wp:term":[{"taxonomy":"product_brand","embeddable":true,"href":"https:\/\/roveyayinevi.com.tr\/index.php\/wp-json\/wp\/v2\/product_brand?post=710041"},{"taxonomy":"product_cat","embeddable":true,"href":"https:\/\/roveyayinevi.com.tr\/index.php\/wp-json\/wp\/v2\/product_cat?post=710041"},{"taxonomy":"product_tag","embeddable":true,"href":"https:\/\/roveyayinevi.com.tr\/index.php\/wp-json\/wp\/v2\/product_tag?post=710041"}],"curies":[{"name":"wp","href":"https:\/\/api.w.org\/{rel}","templated":true}]}}