{"id":710040,"date":"2025-08-27T16:32:01","date_gmt":"2025-08-27T13:32:01","guid":{"rendered":"https:\/\/roveyayinevi.com.tr\/index.php\/urun\/muhafazakarlik-akil-toplum-siyaset\/"},"modified":"2026-04-16T02:18:49","modified_gmt":"2026-04-15T23:18:49","slug":"muhafazakarlik-akil-toplum-siyaset","status":"publish","type":"product","link":"https:\/\/roveyayinevi.com.tr\/index.php\/urun\/muhafazakarlik-akil-toplum-siyaset\/","title":{"rendered":"Muhafazakarl\u0131k &#8211; Ak\u0131l, Toplum, Siyaset"},"content":{"rendered":"<p>Muhafazak\u00e2rl\u0131k, kendisinden s\u0131k\u00e7a s\u00f6z edilen, \u00f6v\u00fclen veya yerilen ama yeterince tan\u0131nmayan bir d\u00fc\u015f\u00fcnce gelene\u011fi ve bir siyasi ideoloji. Kavrama ili\u015fkin bu genel bilgisizlik durumu, kolayl\u0131kla onun de\u011fi\u015fime kar\u015f\u0131 olmakla \u00f6zde\u015fle\u015ftirilmesine veya \u201ctutuculuk\u201d olarak damgalan\u0131p mahk\u00fbm edilmesine neden oluyor.Oysa muhafazak\u00e2rl\u0131k, Bat\u0131 tarihinde zengin bir felsefi miras\u0131n ta\u015f\u0131y\u0131c\u0131s\u0131 olan ciddi bir d\u00fc\u015f\u00fcnce gelene\u011fini, modern zamanlar\u0131n hem bir par\u00e7as\u0131, hem de muhalifi olan kapsaml\u0131 bir doktrini ve i\u00e7inde ya\u015fad\u0131\u011f\u0131m\u0131z tarih d\u00f6nemine liberalizm ve sosyalizmle birlikte damgas\u0131n\u0131 vuran bir siyasi ideolojiyi ifade ediyor.Bu \u00e7al\u0131\u015fma, muhafazak\u00e2r siyasi ideolojinin d\u00fcnyan\u0131n \u00e7e\u015fitli \u00fclkelerinde ald\u0131\u011f\u0131 farkl\u0131 g\u00f6r\u00fcn\u00fcmlerin ard\u0131ndaki ortak felsefi ve epistemolojik k\u00f6klere \u0131\u015f\u0131k tutuyor; onun ana omurgas\u0131n\u0131 ak\u0131l, toplum ve siyasete ili\u015fkin temel kabulleri \u00fczerinden anlat\u0131yor. <\/p>\n","protected":false},"excerpt":{"rendered":"<p>Muhafazak\u00e2rl\u0131k, kendisinden s\u0131k\u00e7a s\u00f6z edilen, \u00f6v\u00fclen veya yerilen ama yeterince tan\u0131nmayan bir d\u00fc\u015f\u00fcnce gelene\u011fi ve bir siyasi ideoloji. Kavrama ili\u015fkin bu genel bilgisizlik durumu, kolayl\u0131kla onun<span class=\"excerpt-hellip\"> [\u2026]<\/span><\/p>\n","protected":false},"featured_media":0,"template":"","meta":{"_monsterinsights_skip_tracking":false,"_monsterinsights_sitenote_active":false,"_monsterinsights_sitenote_note":"","_monsterinsights_sitenote_category":0},"product_brand":[],"product_cat":[13590,12337],"product_tag":[],"class_list":{"0":"post-710040","1":"product","2":"type-product","3":"status-publish","5":"product_cat-arastirma-inceleme-politika-siyaset","6":"product_cat-politika-siyaset","7":"pa_cilt-ciltsiz","8":"pa_tur-kitap","9":"pa_yayinevi-liberte-yayinlari","10":"pa_yazar-bekir-berat-ozipek","12":"first","13":"instock","14":"sale","15":"shipping-taxable","16":"purchasable","17":"product-type-simple"},"_links":{"self":[{"href":"https:\/\/roveyayinevi.com.tr\/index.php\/wp-json\/wp\/v2\/product\/710040","targetHints":{"allow":["GET"]}}],"collection":[{"href":"https:\/\/roveyayinevi.com.tr\/index.php\/wp-json\/wp\/v2\/product"}],"about":[{"href":"https:\/\/roveyayinevi.com.tr\/index.php\/wp-json\/wp\/v2\/types\/product"}],"wp:attachment":[{"href":"https:\/\/roveyayinevi.com.tr\/index.php\/wp-json\/wp\/v2\/media?parent=710040"}],"wp:term":[{"taxonomy":"product_brand","embeddable":true,"href":"https:\/\/roveyayinevi.com.tr\/index.php\/wp-json\/wp\/v2\/product_brand?post=710040"},{"taxonomy":"product_cat","embeddable":true,"href":"https:\/\/roveyayinevi.com.tr\/index.php\/wp-json\/wp\/v2\/product_cat?post=710040"},{"taxonomy":"product_tag","embeddable":true,"href":"https:\/\/roveyayinevi.com.tr\/index.php\/wp-json\/wp\/v2\/product_tag?post=710040"}],"curies":[{"name":"wp","href":"https:\/\/api.w.org\/{rel}","templated":true}]}}