{"id":710038,"date":"2025-08-27T16:32:00","date_gmt":"2025-08-27T13:32:00","guid":{"rendered":"https:\/\/roveyayinevi.com.tr\/index.php\/urun\/dort-gelecek-kapitalizmden-sonra-hayat\/"},"modified":"2026-04-16T02:18:49","modified_gmt":"2026-04-15T23:18:49","slug":"dort-gelecek-kapitalizmden-sonra-hayat","status":"publish","type":"product","link":"https:\/\/roveyayinevi.com.tr\/index.php\/urun\/dort-gelecek-kapitalizmden-sonra-hayat\/","title":{"rendered":"D\u00f6rt Gelecek &#8211; Kapitalizmden Sonra Hayat"},"content":{"rendered":"<p>K\u00fcresel iklim krizi, ak\u0131l almaz boyutlardaki gelir e\u015fitsizli\u011fi, sosyal medya \u201cbe\u011feni\u201dlerinin y\u00f6netti\u011fi bir toplumsal hiyerar\u015fi, otomasyonun h\u0131zla devreden \u00e7\u0131kard\u0131\u011f\u0131 insan eme\u011fi, gittik\u00e7e askerile\u015fen polis g\u00fc\u00e7leri, vatanda\u015flar\u0131n\u0131 g\u00f6zetleyen devletler, insans\u0131z hava ara\u00e7lar\u0131, ba\u015fka bir gezegene ta\u015f\u0131nma haz\u0131rl\u0131klar\u0131\u2026 Peter Frase, bu \u00e7a\u011f manzaras\u0131n\u0131n i\u00e7inden \u00e7\u0131kar\u0131labilecek gelecek senaryolar\u0131 \u00fczerine d\u00fc\u015f\u00fcn\u00fcrken hem sosyal bilimlerden hem de edebi \u00fctopya ve distopyalardan faydalan\u0131yor.Yery\u00fcz\u00fcn\u00fcn kaynaklar\u0131n\u0131 b\u00fct\u00fcn insanlar\u0131n adil bir \u015fekilde payla\u015fmas\u0131n\u0131n sa\u011fland\u0131\u011f\u0131 bir t\u00fcr sosyalizm mi, bir avu\u00e7 zenginin daha da zenginle\u015fip b\u00fcy\u00fck insan kitlelerinin daha da yoksulla\u015ft\u0131\u011f\u0131 bir barbarl\u0131k d\u00fczeni mi? Fredric Jameson, \u201cBug\u00fcn d\u00fcnyan\u0131n sona erdi\u011fini hayal etmek, kapitalizmin sona erdi\u011fini hayal etmekten daha kolay,\u201d demi\u015fti. D\u00f6rt Gelecek, ikincisinin o kadar da zor olmad\u0131\u011f\u0131n\u0131 g\u00f6steriyor.Peter Frase, Jacobin dergisinde edit\u00f6r ve CUNY Graduate Center Sosyoloji b\u00f6l\u00fcm\u00fcnde doktora aday\u0131. <\/p>\n","protected":false},"excerpt":{"rendered":"<p>K\u00fcresel iklim krizi, ak\u0131l almaz boyutlardaki gelir e\u015fitsizli\u011fi, sosyal medya \u201cbe\u011feni\u201dlerinin y\u00f6netti\u011fi bir toplumsal hiyerar\u015fi, otomasyonun h\u0131zla devreden \u00e7\u0131kard\u0131\u011f\u0131 insan eme\u011fi, gittik\u00e7e askerile\u015fen polis g\u00fc\u00e7leri, vatanda\u015flar\u0131n\u0131<span class=\"excerpt-hellip\"> [\u2026]<\/span><\/p>\n","protected":false},"featured_media":0,"template":"","meta":{"_monsterinsights_skip_tracking":false,"_monsterinsights_sitenote_active":false,"_monsterinsights_sitenote_note":"","_monsterinsights_sitenote_category":0},"product_brand":[],"product_cat":[12338,12337],"product_tag":[],"class_list":{"0":"post-710038","1":"product","2":"type-product","3":"status-publish","5":"product_cat-dunya-siyaseti-ve-politikasi","6":"product_cat-politika-siyaset","7":"pa_cilt-ciltsiz","8":"pa_tur-kitap","9":"pa_yayinevi-koc-universitesi-yayinlari","10":"pa_yazar-peter-frase","12":"first","13":"instock","14":"sale","15":"shipping-taxable","16":"purchasable","17":"product-type-simple"},"_links":{"self":[{"href":"https:\/\/roveyayinevi.com.tr\/index.php\/wp-json\/wp\/v2\/product\/710038","targetHints":{"allow":["GET"]}}],"collection":[{"href":"https:\/\/roveyayinevi.com.tr\/index.php\/wp-json\/wp\/v2\/product"}],"about":[{"href":"https:\/\/roveyayinevi.com.tr\/index.php\/wp-json\/wp\/v2\/types\/product"}],"wp:attachment":[{"href":"https:\/\/roveyayinevi.com.tr\/index.php\/wp-json\/wp\/v2\/media?parent=710038"}],"wp:term":[{"taxonomy":"product_brand","embeddable":true,"href":"https:\/\/roveyayinevi.com.tr\/index.php\/wp-json\/wp\/v2\/product_brand?post=710038"},{"taxonomy":"product_cat","embeddable":true,"href":"https:\/\/roveyayinevi.com.tr\/index.php\/wp-json\/wp\/v2\/product_cat?post=710038"},{"taxonomy":"product_tag","embeddable":true,"href":"https:\/\/roveyayinevi.com.tr\/index.php\/wp-json\/wp\/v2\/product_tag?post=710038"}],"curies":[{"name":"wp","href":"https:\/\/api.w.org\/{rel}","templated":true}]}}