{"id":710036,"date":"2025-08-27T16:31:52","date_gmt":"2025-08-27T13:31:52","guid":{"rendered":"https:\/\/roveyayinevi.com.tr\/index.php\/urun\/doktor-moreaunun-adasi\/"},"modified":"2026-04-16T02:18:49","modified_gmt":"2026-04-15T23:18:49","slug":"doktor-moreaunun-adasi","status":"publish","type":"product","link":"https:\/\/roveyayinevi.com.tr\/index.php\/urun\/doktor-moreaunun-adasi\/","title":{"rendered":"Doktor Moreau\u2019nun Adas\u0131"},"content":{"rendered":"<p>MODERN KLAS\u0130KLER D\u0130Z\u0130S\u0130 100. K\u0130TAPWells\u2019in \u00f6nc\u00fc niteli\u011findeki bilimkurgu klasi\u011fi Doktor Moreau\u2019nun Adas\u0131yay\u0131mland\u0131\u011f\u0131 g\u00fcnden beri \u201csars\u0131c\u0131\u201d etkisinden hi\u00e7bir \u015fey yitirmedi.Bilimsel y\u00f6ntemlerinin do\u011furaca\u011f\u0131 sonu\u00e7lar konusunda hi\u00e7bir sorumlulukhissetmeyen \u00e7\u0131lg\u0131n bilim insan\u0131n\u0131n hik\u00e2yesi, unutulmaz filmlere ilhamvermi\u015ftir. Ac\u0131, zul\u00fcm, ahlaki sorumluluk, insan\u0131n do\u011faya m\u00fcdahalesigibi felsefi temalar\u0131yla dikkat \u00e7eken yap\u0131t\u0131nda, Wells daha sonra genetikalan\u0131ndaki \u00e7al\u0131\u015fmalar\u0131n g\u00fcndeme getirece\u011fi etik meseleleri \u00f6ng\u00f6rm\u00fc\u015ft\u00fcr. Bir deniz kazas\u0131ndan kurtulan Edward Prendick, mahsur kald\u0131\u011f\u0131 adadagarip yarat\u0131klar ve karanl\u0131k s\u0131rlarla kar\u015f\u0131la\u015f\u0131r. Bu ada, insan\u0131 ve yazg\u0131s\u0131n\u0131kollayacak bir Tanr\u0131\u2019n\u0131n bulunmad\u0131\u011f\u0131, b\u00fct\u00fcn\u00fcyle ahlaktan yoksun birevrenin mikrokozmosudur adeta. Doktor Moreau\u2019nun Adas\u0131 bilimin kontrolden \u00e7\u0131kt\u0131\u011f\u0131 zamanbar\u0131nd\u0131rabilece\u011fi potansiyel tehlikelere kar\u015f\u0131 bir uyar\u0131 niteli\u011fi ta\u015f\u0131r. <\/p>\n","protected":false},"excerpt":{"rendered":"<p>MODERN KLAS\u0130KLER D\u0130Z\u0130S\u0130 100. K\u0130TAPWells\u2019in \u00f6nc\u00fc niteli\u011findeki bilimkurgu klasi\u011fi Doktor Moreau\u2019nun Adas\u0131yay\u0131mland\u0131\u011f\u0131 g\u00fcnden beri \u201csars\u0131c\u0131\u201d etkisinden hi\u00e7bir \u015fey yitirmedi.Bilimsel y\u00f6ntemlerinin do\u011furaca\u011f\u0131 sonu\u00e7lar konusunda hi\u00e7bir sorumlulukhissetmeyen \u00e7\u0131lg\u0131n<span class=\"excerpt-hellip\"> [\u2026]<\/span><\/p>\n","protected":false},"featured_media":0,"template":"","meta":{"_monsterinsights_skip_tracking":false,"_monsterinsights_sitenote_active":false,"_monsterinsights_sitenote_note":"","_monsterinsights_sitenote_category":0},"product_brand":[],"product_cat":[12540,12291],"product_tag":[],"class_list":{"0":"post-710036","1":"product","2":"type-product","3":"status-publish","5":"product_cat-bilim-kurgu","6":"product_cat-edebiyat","7":"pa_cilt-ciltsiz","8":"pa_tur-kitap","9":"pa_yayinevi-is-bankasi-kultur-yayinlari","10":"pa_yazar-h-g-wells","12":"first","13":"instock","14":"sale","15":"shipping-taxable","16":"purchasable","17":"product-type-simple"},"_links":{"self":[{"href":"https:\/\/roveyayinevi.com.tr\/index.php\/wp-json\/wp\/v2\/product\/710036","targetHints":{"allow":["GET"]}}],"collection":[{"href":"https:\/\/roveyayinevi.com.tr\/index.php\/wp-json\/wp\/v2\/product"}],"about":[{"href":"https:\/\/roveyayinevi.com.tr\/index.php\/wp-json\/wp\/v2\/types\/product"}],"wp:attachment":[{"href":"https:\/\/roveyayinevi.com.tr\/index.php\/wp-json\/wp\/v2\/media?parent=710036"}],"wp:term":[{"taxonomy":"product_brand","embeddable":true,"href":"https:\/\/roveyayinevi.com.tr\/index.php\/wp-json\/wp\/v2\/product_brand?post=710036"},{"taxonomy":"product_cat","embeddable":true,"href":"https:\/\/roveyayinevi.com.tr\/index.php\/wp-json\/wp\/v2\/product_cat?post=710036"},{"taxonomy":"product_tag","embeddable":true,"href":"https:\/\/roveyayinevi.com.tr\/index.php\/wp-json\/wp\/v2\/product_tag?post=710036"}],"curies":[{"name":"wp","href":"https:\/\/api.w.org\/{rel}","templated":true}]}}