{"id":710035,"date":"2025-08-27T16:31:51","date_gmt":"2025-08-27T13:31:51","guid":{"rendered":"https:\/\/roveyayinevi.com.tr\/index.php\/urun\/gencler-icin-en-guzel-deniz\/"},"modified":"2025-11-22T04:16:34","modified_gmt":"2025-11-22T01:16:34","slug":"gencler-icin-en-guzel-deniz","status":"publish","type":"product","link":"https:\/\/roveyayinevi.com.tr\/index.php\/urun\/gencler-icin-en-guzel-deniz\/","title":{"rendered":"Gen\u00e7ler I\u00e7in En G\u00fczel Deniz"},"content":{"rendered":"<p>\u201cDeniz bizim i\u00e7in vazge\u00e7ilmez bir unsur! Denizin k\u00f6kenleri, fiziksel yap\u0131s\u0131, hareketleri ve iklim de\u011fi\u015fikliklerindeki rol\u00fc konular\u0131nda bilimden \u00f6\u011frendiklerimiz, bizleri denizi, gezegenin dengesinin ba\u011fl\u0131 oldu\u011fu k\u00fcresel bir sistemin kalbi gibi g\u00f6rmeye itiyor. Onu t\u00fcm y\u00f6nleriyle ortaya koymak i\u00e7in, bilgilerimizi ve bak\u0131\u015f a\u00e7\u0131lar\u0131m\u0131z\u0131 birle\u015ftirdik. Evrendeki yerini anlatmas\u0131 ve bize G\u00fcne\u015f Sistemi\u2019yle ilgili \u00f6\u011frettiklerini a\u00e7\u0131klamas\u0131 i\u00e7in bir astrofizik\u00e7iye gerek vard\u0131. Denizi D\u00fcnya \u00fczerinden, derinlerine kadar g\u00f6zlemlemek i\u00e7inse bir okyanus bilimciye&#8230; Bu gezegeni torunlar\u0131m\u0131za istikrars\u0131z bir halde miras b\u0131rakaca\u011f\u0131z; onlarsa, D\u00fcnya\u2019ya \u00f6zen g\u00f6stermeleri gerekti\u011finin bilincindeler. \u00d6te yandan, torunlar\u0131m\u0131z\u0131n meraklar\u0131n\u0131 uyand\u0131rmay\u0131 ve g\u00f6zlerinde par\u0131lt\u0131lar\u0131n\u0131 g\u00f6rmekten \u00e7ok ho\u015fland\u0131\u011f\u0131m\u0131z hayran olma yeteneklerini korumalar\u0131n\u0131 da \u00e7ok istiyoruz&#8230;\u201d Hubert Reeves: Astrofizik\u00e7i. Geni\u015f bir okuyucu kitlesi taraf\u0131ndan severek okunan bir\u00e7ok pop\u00fcler eserin yazar\u0131. Yves Lancelot: Okyanus bilimci. Fransa Ulusal Bilimsel Ara\u015ft\u0131rma Merkezi\u2019nin (CNRS) eski ara\u015ft\u0131rma direkt\u00f6r\u00fc ve \u00fcniversitelerde \u00f6\u011fretim \u00fcyesi. \ufffcTan\u0131t\u0131m Metni<\/p>\n","protected":false},"excerpt":{"rendered":"<p>\u201cDeniz bizim i\u00e7in vazge\u00e7ilmez bir unsur! Denizin k\u00f6kenleri, fiziksel yap\u0131s\u0131, hareketleri ve iklim de\u011fi\u015fikliklerindeki rol\u00fc konular\u0131nda bilimden \u00f6\u011frendiklerimiz, bizleri denizi, gezegenin dengesinin ba\u011fl\u0131 oldu\u011fu k\u00fcresel bir<span class=\"excerpt-hellip\"> [\u2026]<\/span><\/p>\n","protected":false},"featured_media":0,"template":"","meta":{"_monsterinsights_skip_tracking":false,"_monsterinsights_sitenote_active":false,"_monsterinsights_sitenote_note":"","_monsterinsights_sitenote_category":0},"product_brand":[],"product_cat":[13829,12274],"product_tag":[],"class_list":{"0":"post-710035","1":"product","2":"type-product","3":"status-publish","5":"product_cat-bilimsel-kitaplar","6":"product_cat-cocuk-ve-genclik-kitaplari","7":"pa_cilt-ciltsiz","8":"pa_tur-kitap","9":"pa_yayinevi-is-bankasi-kultur-yayinlari","10":"pa_yazar-hubert-reeves-yves-lancelot","12":"first","13":"instock","14":"sale","15":"shipping-taxable","16":"purchasable","17":"product-type-simple"},"_links":{"self":[{"href":"https:\/\/roveyayinevi.com.tr\/index.php\/wp-json\/wp\/v2\/product\/710035","targetHints":{"allow":["GET"]}}],"collection":[{"href":"https:\/\/roveyayinevi.com.tr\/index.php\/wp-json\/wp\/v2\/product"}],"about":[{"href":"https:\/\/roveyayinevi.com.tr\/index.php\/wp-json\/wp\/v2\/types\/product"}],"wp:attachment":[{"href":"https:\/\/roveyayinevi.com.tr\/index.php\/wp-json\/wp\/v2\/media?parent=710035"}],"wp:term":[{"taxonomy":"product_brand","embeddable":true,"href":"https:\/\/roveyayinevi.com.tr\/index.php\/wp-json\/wp\/v2\/product_brand?post=710035"},{"taxonomy":"product_cat","embeddable":true,"href":"https:\/\/roveyayinevi.com.tr\/index.php\/wp-json\/wp\/v2\/product_cat?post=710035"},{"taxonomy":"product_tag","embeddable":true,"href":"https:\/\/roveyayinevi.com.tr\/index.php\/wp-json\/wp\/v2\/product_tag?post=710035"}],"curies":[{"name":"wp","href":"https:\/\/api.w.org\/{rel}","templated":true}]}}