{"id":710031,"date":"2025-08-27T16:31:49","date_gmt":"2025-08-27T13:31:49","guid":{"rendered":"https:\/\/roveyayinevi.com.tr\/index.php\/urun\/manzaradan-parcalar-hayat-sokaklar-edebiyat\/"},"modified":"2026-04-16T02:18:49","modified_gmt":"2026-04-15T23:18:49","slug":"manzaradan-parcalar-hayat-sokaklar-edebiyat","status":"publish","type":"product","link":"https:\/\/roveyayinevi.com.tr\/index.php\/urun\/manzaradan-parcalar-hayat-sokaklar-edebiyat\/","title":{"rendered":"Manzaradan Par\u00e7alar &#8211; Hayat Sokaklar Edebiyat"},"content":{"rendered":"<p>Pamuk g\u00fcnl\u00fck hayat\u0131n\u0131, yolculuklar\u0131n\u0131, okuduklar\u0131n\u0131, duygular\u0131n\u0131 ve hat\u0131ralar\u0131n\u0131 anlat\u0131yor&#8230; T\u0131ra\u015f olmaktan asans\u00f6re binmeye, d\u00fcnyay\u0131 \u00e7ocuk gibi seyretmekten deprem endi\u015felerimize, trafik ve dinden eski yang\u0131nlar ve y\u0131k\u0131mlara uzanan bu kitap, Orhan Pamuk\u2019un g\u00f6z\u00fcnden bak\u0131ld\u0131\u011f\u0131nda d\u00fcnyan\u0131n ne kadar ilgin\u00e7 ve yeni olabilece\u011fini bir kere daha kan\u0131tl\u0131yor. Orhan Pamuk bu kitab\u0131nda, \u00e7ocuklu\u011fundan ba\u015flayarak hayat\u0131ndan, ya\u015fad\u0131klar\u0131ndan b\u00fct\u00fcn i\u00e7tenli\u011fiyle s\u00f6z ediyor. Yazar\u0131n babas\u0131n\u0131n \u00f6l\u00fcm\u00fc, siyasi dertleri, futbol oynarken ya da romanlar\u0131n\u0131 yazarken hissettikleri, t\u0131pk\u0131 annesinin sigara b\u00f6re\u011fi yap\u0131\u015f\u0131, yaz gecesi bir sivrisine\u011fin hareketleri ve Bo\u011faz gemileri hakk\u0131ndaki g\u00f6zlemleri gibi b\u00fcy\u00fck bir manzaran\u0131n par\u00e7as\u0131 olarak dikkatle i\u015fleniyor. Pamuk Istanbul\u2019dan, Adalar\u2019dan, New York\u2019tan, Venedik ya da Kalk\u00fcta\u2019dan s\u00f6z ederken yapt\u0131\u011f\u0131 gibi, kendi su\u00e7luluk duygular\u0131ndan, r\u00fcyalar\u0131ndan, eski berberlerden ya da \u00e7ocuklu\u011funda sokaklarda at\u0131\u015ft\u0131rd\u0131\u011f\u0131 \u015feylerden de b\u00fct\u00fcn dikkatiyle hik\u00e2yeler \u00e7\u0131kar\u0131yor. Konu ister Binbir Gece Masallar\u0131, ister Dostoyevski\u2019nin romanlar\u0131, ister eski ressamlar, ister Selimiye Camii olsun, Pamuk g\u00f6zlemlerini, duygular\u0131n\u0131 s\u0131ralarken ak\u0131lda sevdi\u011fimiz bir hik\u00e2yecinin tan\u0131d\u0131k ve unutulmaz sesi kal\u0131yor. \ufffcTan\u0131t\u0131m Metni<\/p>\n","protected":false},"excerpt":{"rendered":"<p>Pamuk g\u00fcnl\u00fck hayat\u0131n\u0131, yolculuklar\u0131n\u0131, okuduklar\u0131n\u0131, duygular\u0131n\u0131 ve hat\u0131ralar\u0131n\u0131 anlat\u0131yor&#8230; T\u0131ra\u015f olmaktan asans\u00f6re binmeye, d\u00fcnyay\u0131 \u00e7ocuk gibi seyretmekten deprem endi\u015felerimize, trafik ve dinden eski yang\u0131nlar ve y\u0131k\u0131mlara<span class=\"excerpt-hellip\"> [\u2026]<\/span><\/p>\n","protected":false},"featured_media":0,"template":"","meta":{"_monsterinsights_skip_tracking":false,"_monsterinsights_sitenote_active":false,"_monsterinsights_sitenote_note":"","_monsterinsights_sitenote_category":0},"product_brand":[],"product_cat":[12777,12291],"product_tag":[],"class_list":{"0":"post-710031","1":"product","2":"type-product","3":"status-publish","5":"product_cat-deneme","6":"product_cat-edebiyat","7":"pa_cilt-ciltsiz","8":"pa_tur-kitap","9":"pa_yayinevi-yapi-kredi-yayinlari","10":"pa_yazar-orhan-pamuk","12":"first","13":"instock","14":"sale","15":"shipping-taxable","16":"purchasable","17":"product-type-simple"},"_links":{"self":[{"href":"https:\/\/roveyayinevi.com.tr\/index.php\/wp-json\/wp\/v2\/product\/710031","targetHints":{"allow":["GET"]}}],"collection":[{"href":"https:\/\/roveyayinevi.com.tr\/index.php\/wp-json\/wp\/v2\/product"}],"about":[{"href":"https:\/\/roveyayinevi.com.tr\/index.php\/wp-json\/wp\/v2\/types\/product"}],"wp:attachment":[{"href":"https:\/\/roveyayinevi.com.tr\/index.php\/wp-json\/wp\/v2\/media?parent=710031"}],"wp:term":[{"taxonomy":"product_brand","embeddable":true,"href":"https:\/\/roveyayinevi.com.tr\/index.php\/wp-json\/wp\/v2\/product_brand?post=710031"},{"taxonomy":"product_cat","embeddable":true,"href":"https:\/\/roveyayinevi.com.tr\/index.php\/wp-json\/wp\/v2\/product_cat?post=710031"},{"taxonomy":"product_tag","embeddable":true,"href":"https:\/\/roveyayinevi.com.tr\/index.php\/wp-json\/wp\/v2\/product_tag?post=710031"}],"curies":[{"name":"wp","href":"https:\/\/api.w.org\/{rel}","templated":true}]}}