{"id":710030,"date":"2025-08-27T16:31:48","date_gmt":"2025-08-27T13:31:48","guid":{"rendered":"https:\/\/roveyayinevi.com.tr\/index.php\/urun\/tilki-fred-ve-yaban-dunya\/"},"modified":"2026-04-16T02:18:49","modified_gmt":"2026-04-15T23:18:49","slug":"tilki-fred-ve-yaban-dunya","status":"publish","type":"product","link":"https:\/\/roveyayinevi.com.tr\/index.php\/urun\/tilki-fred-ve-yaban-dunya\/","title":{"rendered":"Tilki Fred ve Yaban D\u00fcnya"},"content":{"rendered":"<p>Fred kentte do\u011fmu\u015f sevimli bir tilkiydi. Kentte ya\u015fam \u00e7ok g\u00fcr\u00fclt\u00fcl\u00fc, hava kirliydi. Bir g\u00fcn Fred k\u0131r diye bir yerden s\u00f6z edildi\u011fini i\u015fitti. Kentteki di\u011fer hayvanlar b\u00f6yle bir yerin varl\u0131\u011f\u0131na inanm\u0131yorlard\u0131,ama Fred iz s\u00fcrerek k\u0131rlar\u0131 bulmaya kararl\u0131yd\u0131. Acaba sonunda ne bulacakt\u0131? \ufffcTan\u0131t\u0131m Metni<\/p>\n","protected":false},"excerpt":{"rendered":"<p>Fred kentte do\u011fmu\u015f sevimli bir tilkiydi. Kentte ya\u015fam \u00e7ok g\u00fcr\u00fclt\u00fcl\u00fc, hava kirliydi. Bir g\u00fcn Fred k\u0131r diye bir yerden s\u00f6z edildi\u011fini i\u015fitti. Kentteki di\u011fer hayvanlar b\u00f6yle<span class=\"excerpt-hellip\"> [\u2026]<\/span><\/p>\n","protected":false},"featured_media":0,"template":"","meta":{"_monsterinsights_skip_tracking":false,"_monsterinsights_sitenote_active":false,"_monsterinsights_sitenote_note":"","_monsterinsights_sitenote_category":0},"product_brand":[],"product_cat":[12274,12518],"product_tag":[],"class_list":{"0":"post-710030","1":"product","2":"type-product","3":"status-publish","5":"product_cat-cocuk-ve-genclik-kitaplari","6":"product_cat-okul-oncesi-kitaplar","7":"pa_cilt-ciltsiz","8":"pa_tur-kitap","9":"pa_yayinevi-is-bankasi-kultur-yayinlari","10":"pa_yazar-clive-mcfarland","12":"first","13":"instock","14":"sale","15":"shipping-taxable","16":"purchasable","17":"product-type-simple"},"_links":{"self":[{"href":"https:\/\/roveyayinevi.com.tr\/index.php\/wp-json\/wp\/v2\/product\/710030","targetHints":{"allow":["GET"]}}],"collection":[{"href":"https:\/\/roveyayinevi.com.tr\/index.php\/wp-json\/wp\/v2\/product"}],"about":[{"href":"https:\/\/roveyayinevi.com.tr\/index.php\/wp-json\/wp\/v2\/types\/product"}],"wp:attachment":[{"href":"https:\/\/roveyayinevi.com.tr\/index.php\/wp-json\/wp\/v2\/media?parent=710030"}],"wp:term":[{"taxonomy":"product_brand","embeddable":true,"href":"https:\/\/roveyayinevi.com.tr\/index.php\/wp-json\/wp\/v2\/product_brand?post=710030"},{"taxonomy":"product_cat","embeddable":true,"href":"https:\/\/roveyayinevi.com.tr\/index.php\/wp-json\/wp\/v2\/product_cat?post=710030"},{"taxonomy":"product_tag","embeddable":true,"href":"https:\/\/roveyayinevi.com.tr\/index.php\/wp-json\/wp\/v2\/product_tag?post=710030"}],"curies":[{"name":"wp","href":"https:\/\/api.w.org\/{rel}","templated":true}]}}