{"id":710026,"date":"2025-08-27T16:31:46","date_gmt":"2025-08-27T13:31:46","guid":{"rendered":"https:\/\/roveyayinevi.com.tr\/index.php\/urun\/ekokurgu-ekolojik-sorunlarin-cozum-yolu-olarak-edebiyat\/"},"modified":"2026-04-16T02:18:49","modified_gmt":"2026-04-15T23:18:49","slug":"ekokurgu-ekolojik-sorunlarin-cozum-yolu-olarak-edebiyat","status":"publish","type":"product","link":"https:\/\/roveyayinevi.com.tr\/index.php\/urun\/ekokurgu-ekolojik-sorunlarin-cozum-yolu-olarak-edebiyat\/","title":{"rendered":"Ekokurgu &#8211; Ekolojik Sorunlar\u0131n \u00c7\u00f6z\u00fcm Yolu Olarak Edebiyat"},"content":{"rendered":"<p>Ekolojik felaketler ve zararlar\u0131yla m\u00fccadele etmenin birden fazla yolu vard\u0131r. Bu m\u00fccadelenin bir boyutu egemen yap\u0131n\u0131n de\u011fi\u015ftirilmesi ise \u00f6teki ekolojik bilgelik ve do\u011fayla empati yapmakt\u0131r. Do\u011faya tahakk\u00fcm kuran de\u011fil, do\u011fan\u0131n bir par\u00e7as\u0131 oldu\u011funu d\u00fc\u015f\u00fcnen bireyler i\u00e7in edebiyat yeni umut kap\u0131lar\u0131 a\u00e7ar.Ekokurgu, edebiyatta do\u011fa ve \u00e7evrenin nas\u0131l alg\u0131land\u0131\u011f\u0131n\u0131, onlara kar\u015f\u0131 i\u015flenmi\u015f su\u00e7lar\u0131n neler oldu\u011funu, nas\u0131l i\u015flendi\u011fini ve bunlar i\u00e7in ne gibi \u00e7\u00f6z\u00fcm yollar\u0131 geli\u015ftirildi\u011fini ara\u015ft\u0131rm\u0131\u015ft\u0131r. 21. y\u00fczy\u0131lda yaz\u0131lan ABD k\u00f6kenli ekokurgu eserler incelenip, g\u00fcn\u00fcm\u00fcz ve sonras\u0131na \u0131\u015f\u0131k tutacak \u00e7\u00f6z\u00fcmlemeler yap\u0131lm\u0131\u015ft\u0131r. Edebiyat varsa hala umut vard\u0131r.Sezgin Toska, insanlar\u0131 edebiyat ve edebiyat \u00e7al\u0131\u015fmalar\u0131 arac\u0131l\u0131\u011f\u0131yla ekoloji ve s\u00fcrd\u00fcr\u00fclebilir ya\u015fam \u00fczerine bir kez daha d\u00fc\u015f\u00fcnmeye ve harekete ge\u00e7mek i\u00e7in edebiyattan ilham almaya davet ediyor. Ekokurgunun geni\u015f yelpazesi edebiyat\u0131 ekolojik sorunlar\u0131n \u00e7\u00f6z\u00fcm yolu haline getiriyor.Elinizdeki kitap g\u00f6z g\u00f6re g\u00f6re yitip gidenleri \u00e7aresizce izlerken etraf\u0131m\u0131z\u0131 \u00e7evreleyen, \u00fcst\u00fcm\u00fcz\u00fc \u00f6rten, i\u00e7imize i\u015fleyen g\u00fcc\u00fcn, egemenli\u011fin sembol\u00fc kara bulutlar\u0131n asl\u0131nda birer beton, b\u00fck\u00fclmez demir, \u00e7\u00f6z\u00fcnmez kimyasal gibi in\u015fa edilmesine kar\u015f\u0131n romantizm, sevgi, emek ve umut ile \u00e7\u00f6z\u00fclece\u011finin resmidir. <\/p>\n","protected":false},"excerpt":{"rendered":"<p>Ekolojik felaketler ve zararlar\u0131yla m\u00fccadele etmenin birden fazla yolu vard\u0131r. Bu m\u00fccadelenin bir boyutu egemen yap\u0131n\u0131n de\u011fi\u015ftirilmesi ise \u00f6teki ekolojik bilgelik ve do\u011fayla empati yapmakt\u0131r. Do\u011faya<span class=\"excerpt-hellip\"> [\u2026]<\/span><\/p>\n","protected":false},"featured_media":0,"template":"","meta":{"_monsterinsights_skip_tracking":false,"_monsterinsights_sitenote_active":false,"_monsterinsights_sitenote_note":"","_monsterinsights_sitenote_category":0},"product_brand":[],"product_cat":[23323,12364],"product_tag":[],"class_list":{"0":"post-710026","1":"product","2":"type-product","3":"status-publish","5":"product_cat-ekoloji","6":"product_cat-genel-konular","7":"pa_cilt-ciltsiz","8":"pa_tur-kitap","9":"pa_yayinevi-yeni-insan-yayinlari","10":"pa_yazar-sezgin-toska","12":"first","13":"instock","14":"sale","15":"shipping-taxable","16":"purchasable","17":"product-type-simple"},"_links":{"self":[{"href":"https:\/\/roveyayinevi.com.tr\/index.php\/wp-json\/wp\/v2\/product\/710026","targetHints":{"allow":["GET"]}}],"collection":[{"href":"https:\/\/roveyayinevi.com.tr\/index.php\/wp-json\/wp\/v2\/product"}],"about":[{"href":"https:\/\/roveyayinevi.com.tr\/index.php\/wp-json\/wp\/v2\/types\/product"}],"wp:attachment":[{"href":"https:\/\/roveyayinevi.com.tr\/index.php\/wp-json\/wp\/v2\/media?parent=710026"}],"wp:term":[{"taxonomy":"product_brand","embeddable":true,"href":"https:\/\/roveyayinevi.com.tr\/index.php\/wp-json\/wp\/v2\/product_brand?post=710026"},{"taxonomy":"product_cat","embeddable":true,"href":"https:\/\/roveyayinevi.com.tr\/index.php\/wp-json\/wp\/v2\/product_cat?post=710026"},{"taxonomy":"product_tag","embeddable":true,"href":"https:\/\/roveyayinevi.com.tr\/index.php\/wp-json\/wp\/v2\/product_tag?post=710026"}],"curies":[{"name":"wp","href":"https:\/\/api.w.org\/{rel}","templated":true}]}}