{"id":710025,"date":"2025-08-27T16:31:46","date_gmt":"2025-08-27T13:31:46","guid":{"rendered":"https:\/\/roveyayinevi.com.tr\/index.php\/urun\/diktator\/"},"modified":"2026-04-08T02:24:25","modified_gmt":"2026-04-07T23:24:25","slug":"diktator","status":"publish","type":"product","link":"https:\/\/roveyayinevi.com.tr\/index.php\/urun\/diktator\/","title":{"rendered":"Diktat\u00f6r"},"content":{"rendered":"<p>OK GELD\u0130, ANKA&#8217;YI VURDU. KAYIPLAR B\u0130RB\u0130R\u0130N\u0130 DO\u011eURDU. GER\u00c7EKL\u0130K ELLER\u0130NDEN KAYDI. O, ARTIK SIFIR NOKTASINDAYDI.   D\u00fcnyas\u0131 tepetaklak olmu\u015f Edith Rosa Lofts i\u00e7in kendi hayat\u0131n\u0131 y\u00f6netmek dahi yeterince zorken, \u015fimdi ellerinde y\u00f6netmesi gereken bir de \u00fclkesi vard\u0131r. Ancak iktidar\u0131 tehlikeye girdi\u011finde her \u015fey daha da zorla\u015facakt\u0131r. Zamanla kontrol\u00fcn\u00fc kaybetmeye ba\u015flayan Edith, zihnini vah\u015fete kurban etmi\u015ftir. S\u0131rlar teker teker ayd\u0131nlan\u0131p arda kalan karanl\u0131k \u00fczerine \u00e7\u00f6kerken, sava\u015fmas\u0131 gerekti\u011finin fark\u0131ndad\u0131r. Fakat o, art\u0131k katliam\u0131n kuklas\u0131d\u0131r. \u0130hanet, ihtiras, yenilgiler ve sanr\u0131larla dolu bir s\u00fcre\u00e7 i\u00e7erisinde dosdo\u011fru y\u00fcr\u00fcmeye mahk\u00fbmdur. Bu yol bilinmezliklerle doludur ama bilinen bir ger\u00e7ek varsa o da \u015fudur ki; art\u0131k hi\u00e7bir \u015fey eskisi gibi olmayacakt\u0131r.   T\u00fcrkiye&#8217;nin ilk gen\u00e7-distopik serisi \u0130SYANKAR \u00dc\u00c7LEMES\u0130, ikinci kitab\u0131 D\u0130KTAT\u00d6R ile nefes kesici bir m\u00fccadele i\u00e7erisinde devam ediyor. <\/p>\n","protected":false},"excerpt":{"rendered":"<p>OK GELD\u0130, ANKA&#8217;YI VURDU. KAYIPLAR B\u0130RB\u0130R\u0130N\u0130 DO\u011eURDU. GER\u00c7EKL\u0130K ELLER\u0130NDEN KAYDI. O, ARTIK SIFIR NOKTASINDAYDI. D\u00fcnyas\u0131 tepetaklak olmu\u015f Edith Rosa Lofts i\u00e7in kendi hayat\u0131n\u0131 y\u00f6netmek dahi yeterince<span class=\"excerpt-hellip\"> [\u2026]<\/span><\/p>\n","protected":false},"featured_media":0,"template":"","meta":{"_monsterinsights_skip_tracking":false,"_monsterinsights_sitenote_active":false,"_monsterinsights_sitenote_note":"","_monsterinsights_sitenote_category":0},"product_brand":[],"product_cat":[12291,12711],"product_tag":[],"class_list":{"0":"post-710025","1":"product","2":"type-product","3":"status-publish","5":"product_cat-edebiyat","6":"product_cat-roman-oyku","7":"pa_cilt-ciltli","8":"pa_tur-kitap","9":"pa_yayinevi-ephesus-yayinlari","10":"pa_yazar-tolga-ra","12":"first","13":"instock","14":"sale","15":"shipping-taxable","16":"purchasable","17":"product-type-simple"},"_links":{"self":[{"href":"https:\/\/roveyayinevi.com.tr\/index.php\/wp-json\/wp\/v2\/product\/710025","targetHints":{"allow":["GET"]}}],"collection":[{"href":"https:\/\/roveyayinevi.com.tr\/index.php\/wp-json\/wp\/v2\/product"}],"about":[{"href":"https:\/\/roveyayinevi.com.tr\/index.php\/wp-json\/wp\/v2\/types\/product"}],"wp:attachment":[{"href":"https:\/\/roveyayinevi.com.tr\/index.php\/wp-json\/wp\/v2\/media?parent=710025"}],"wp:term":[{"taxonomy":"product_brand","embeddable":true,"href":"https:\/\/roveyayinevi.com.tr\/index.php\/wp-json\/wp\/v2\/product_brand?post=710025"},{"taxonomy":"product_cat","embeddable":true,"href":"https:\/\/roveyayinevi.com.tr\/index.php\/wp-json\/wp\/v2\/product_cat?post=710025"},{"taxonomy":"product_tag","embeddable":true,"href":"https:\/\/roveyayinevi.com.tr\/index.php\/wp-json\/wp\/v2\/product_tag?post=710025"}],"curies":[{"name":"wp","href":"https:\/\/api.w.org\/{rel}","templated":true}]}}