{"id":710019,"date":"2025-08-27T16:31:43","date_gmt":"2025-08-27T13:31:43","guid":{"rendered":"https:\/\/roveyayinevi.com.tr\/index.php\/urun\/beybabadan-masallar\/"},"modified":"2026-04-16T02:18:49","modified_gmt":"2026-04-15T23:18:49","slug":"beybabadan-masallar","status":"publish","type":"product","link":"https:\/\/roveyayinevi.com.tr\/index.php\/urun\/beybabadan-masallar\/","title":{"rendered":"Beybabadan Masallar"},"content":{"rendered":"<p>Usta yazar Ahmet \u00d6nel, bu kitab\u0131nda tatl\u0131 dilli, tonton bir beybaban\u0131n sesi oluyor. Oyun bah\u00e7elerinde ne\u015feyle ko\u015fu\u015fturuyor, sal\u0131ncaklarda doyas\u0131ya sallan\u0131yor, mutsuz korkuluklarla dertle\u015fiyor, yalanc\u0131 mantarlar\u0131 sobeliyor\u2026                                                                                                        Ceplerinde masal biriktiren beybabalar\u0131 bilir misiniz? Masallar\u0131n\u0131 ilk f\u0131rsatta ceplerinden \u00e7\u0131kar\u0131verir, anlatt\u0131klar\u0131yla hem \u015fa\u015f\u0131rt\u0131r hem de g\u00fcld\u00fcr\u00fcrler. Bizim beybabam\u0131z da b\u00f6yle biri. Yerinde duram\u0131yor. Masallar\u0131n\u0131 f\u0131s\u0131ldamak i\u00e7in kitab\u0131n kapa\u011f\u0131n\u0131 a\u00e7man\u0131z\u0131 bekliyor. <\/p>\n","protected":false},"excerpt":{"rendered":"<p>Usta yazar Ahmet \u00d6nel, bu kitab\u0131nda tatl\u0131 dilli, tonton bir beybaban\u0131n sesi oluyor. Oyun bah\u00e7elerinde ne\u015feyle ko\u015fu\u015fturuyor, sal\u0131ncaklarda doyas\u0131ya sallan\u0131yor, mutsuz korkuluklarla dertle\u015fiyor, yalanc\u0131 mantarlar\u0131 sobeliyor\u2026<span class=\"excerpt-hellip\"> [\u2026]<\/span><\/p>\n","protected":false},"featured_media":0,"template":"","meta":{"_monsterinsights_skip_tracking":false,"_monsterinsights_sitenote_active":false,"_monsterinsights_sitenote_note":"","_monsterinsights_sitenote_category":0},"product_brand":[],"product_cat":[12274,12284],"product_tag":[],"class_list":{"0":"post-710019","1":"product","2":"type-product","3":"status-publish","5":"product_cat-cocuk-ve-genclik-kitaplari","6":"product_cat-hikayeler","7":"pa_cilt-ciltsiz","8":"pa_tur-kitap","9":"pa_yayinevi-elma-cocuk","10":"pa_yazar-ahmet-onel","12":"first","13":"instock","14":"sale","15":"shipping-taxable","16":"purchasable","17":"product-type-simple"},"_links":{"self":[{"href":"https:\/\/roveyayinevi.com.tr\/index.php\/wp-json\/wp\/v2\/product\/710019","targetHints":{"allow":["GET"]}}],"collection":[{"href":"https:\/\/roveyayinevi.com.tr\/index.php\/wp-json\/wp\/v2\/product"}],"about":[{"href":"https:\/\/roveyayinevi.com.tr\/index.php\/wp-json\/wp\/v2\/types\/product"}],"wp:attachment":[{"href":"https:\/\/roveyayinevi.com.tr\/index.php\/wp-json\/wp\/v2\/media?parent=710019"}],"wp:term":[{"taxonomy":"product_brand","embeddable":true,"href":"https:\/\/roveyayinevi.com.tr\/index.php\/wp-json\/wp\/v2\/product_brand?post=710019"},{"taxonomy":"product_cat","embeddable":true,"href":"https:\/\/roveyayinevi.com.tr\/index.php\/wp-json\/wp\/v2\/product_cat?post=710019"},{"taxonomy":"product_tag","embeddable":true,"href":"https:\/\/roveyayinevi.com.tr\/index.php\/wp-json\/wp\/v2\/product_tag?post=710019"}],"curies":[{"name":"wp","href":"https:\/\/api.w.org\/{rel}","templated":true}]}}