{"id":710017,"date":"2025-08-27T16:31:42","date_gmt":"2025-08-27T13:31:42","guid":{"rendered":"https:\/\/roveyayinevi.com.tr\/index.php\/urun\/isa-dogmasi-ve-din-psikolojikultur-yazilari\/"},"modified":"2026-04-13T02:23:33","modified_gmt":"2026-04-12T23:23:33","slug":"isa-dogmasi-ve-din-psikolojikultur-yazilari","status":"publish","type":"product","link":"https:\/\/roveyayinevi.com.tr\/index.php\/urun\/isa-dogmasi-ve-din-psikolojikultur-yazilari\/","title":{"rendered":"\u0130sa Dogmas\u0131 ve Din, Psikoloji,K\u00fclt\u00fcr Yaz\u0131lar\u0131"},"content":{"rendered":"<p>Toplumumuz i\u015fleyi\u015fini d\u00fczg\u00fcn bir \u015fekilde s\u00fcrd\u00fcrebilmek i\u00e7in ne t\u00fcrden insanlara gereksinim duymaktad\u0131r acaba? B\u00fcy\u00fck gruplara kolay uyum sa\u011flayabilecek ve bu gruplar i\u00e7inde \u00e7al\u0131\u015fabilecek, daha fazla t\u00fcketme arzusu ta\u015f\u0131yan, tercihleri kolayl\u0131kla etki alt\u0131na al\u0131nabilen ve \u00f6nceden tahmin edilebilecek insanlara gereksinim duyulmaktad\u0131r. Kendini herhangi bir otorite, prensip ya da inanca ba\u011fl\u0131 g\u00f6rmeyen, \u00f6zg\u00fcr ve ba\u011f\u0131ms\u0131z oldu\u011funu hisseden ancak yine de kumanda alt\u0131na al\u0131nmaya istekli, kendisinden bekleneni yapmaya haz\u0131r, toplumsal makineyle s\u00fcrt\u00fc\u015fme ya\u015famadan ona uyum sa\u011flayabilecek insanlara gereksinim duyulmaktad\u0131r. Bunlar g\u00fc\u00e7 kullanmaks\u0131z\u0131n, bir lidere gereksinim duymaks\u0131z\u0131n y\u00f6nlendirilebilecek; hareket etmek, bir i\u015fe yaramak, ileri gitmek d\u0131\u015f\u0131nda hi\u00e7bir ama\u00e7 i\u00e7in harekete ge\u00e7mesi m\u00fcmk\u00fcn olmayan insanlard\u0131r. <\/p>\n","protected":false},"excerpt":{"rendered":"<p>Toplumumuz i\u015fleyi\u015fini d\u00fczg\u00fcn bir \u015fekilde s\u00fcrd\u00fcrebilmek i\u00e7in ne t\u00fcrden insanlara gereksinim duymaktad\u0131r acaba? B\u00fcy\u00fck gruplara kolay uyum sa\u011flayabilecek ve bu gruplar i\u00e7inde \u00e7al\u0131\u015fabilecek, daha fazla t\u00fcketme<span class=\"excerpt-hellip\"> [\u2026]<\/span><\/p>\n","protected":false},"featured_media":0,"template":"","meta":{"_monsterinsights_skip_tracking":false,"_monsterinsights_sitenote_active":false,"_monsterinsights_sitenote_note":"","_monsterinsights_sitenote_category":0},"product_brand":[],"product_cat":[12312,12304],"product_tag":[],"class_list":{"0":"post-710017","1":"product","2":"type-product","3":"status-publish","5":"product_cat-diger","6":"product_cat-tarih","7":"pa_cilt-ciltsiz","8":"pa_tur-kitap","9":"pa_yayinevi-say-yayinlari","10":"pa_yazar-erich-fromm","12":"first","13":"instock","14":"sale","15":"shipping-taxable","16":"purchasable","17":"product-type-simple"},"_links":{"self":[{"href":"https:\/\/roveyayinevi.com.tr\/index.php\/wp-json\/wp\/v2\/product\/710017","targetHints":{"allow":["GET"]}}],"collection":[{"href":"https:\/\/roveyayinevi.com.tr\/index.php\/wp-json\/wp\/v2\/product"}],"about":[{"href":"https:\/\/roveyayinevi.com.tr\/index.php\/wp-json\/wp\/v2\/types\/product"}],"wp:attachment":[{"href":"https:\/\/roveyayinevi.com.tr\/index.php\/wp-json\/wp\/v2\/media?parent=710017"}],"wp:term":[{"taxonomy":"product_brand","embeddable":true,"href":"https:\/\/roveyayinevi.com.tr\/index.php\/wp-json\/wp\/v2\/product_brand?post=710017"},{"taxonomy":"product_cat","embeddable":true,"href":"https:\/\/roveyayinevi.com.tr\/index.php\/wp-json\/wp\/v2\/product_cat?post=710017"},{"taxonomy":"product_tag","embeddable":true,"href":"https:\/\/roveyayinevi.com.tr\/index.php\/wp-json\/wp\/v2\/product_tag?post=710017"}],"curies":[{"name":"wp","href":"https:\/\/api.w.org\/{rel}","templated":true}]}}