{"id":710016,"date":"2025-08-27T16:31:42","date_gmt":"2025-08-27T13:31:42","guid":{"rendered":"https:\/\/roveyayinevi.com.tr\/index.php\/urun\/sevgili\/"},"modified":"2026-04-16T02:18:49","modified_gmt":"2026-04-15T23:18:49","slug":"sevgili","status":"publish","type":"product","link":"https:\/\/roveyayinevi.com.tr\/index.php\/urun\/sevgili\/","title":{"rendered":"Sevgili"},"content":{"rendered":"<p>Modern Frans\u0131z edebiyat\u0131n\u0131n en \u00f6nemli ve \u00fcretken isimlerinden Marguerite Duras, s\u00f6m\u00fcrge toplumunun de\u011fer yarg\u0131lar\u0131, ailesi ve yoksulluk aras\u0131nda s\u0131k\u0131\u015fm\u0131\u015f gen\u00e7 bir kad\u0131n\u0131n ilk a\u015fk\u0131n\u0131 ve ilk cinsel deneyimini kaleme ald\u0131\u011f\u0131 yar\u0131 otobiyografik roman\u0131 Sevgili\u2019de, kendi bedeni ve ya\u015fam\u0131 \u00fczerinde hakimiyet hakk\u0131n\u0131 kimseye vermeyen tavr\u0131yla, kad\u0131n \u00f6zg\u00fcrle\u015fmesi y\u00f6n\u00fcnde de \u00f6nemli bir yap\u0131ta imza atm\u0131\u015f olur.Ger\u00e7eklikle imgeselli\u011fin birbirine kar\u0131\u015ft\u0131\u011f\u0131 Sevgili, yasaklarla ve benli\u011fiyle bo\u011fu\u015fan bir gen\u00e7 k\u0131z\u0131n kendini yaratma s\u00fcrecine dair edebiyat tarihinin en \u015fairane, en olgun metinlerinden biri olarak unutulmazlar aras\u0131nda yerini alm\u0131\u015ft\u0131r.Yay\u0131nland\u0131\u011f\u0131 1984 y\u0131l\u0131nda Goncourt \u00d6d\u00fcl\u00fc\u2019ne, 1986\u2019da ise \u0130ngilizcede yay\u0131nlanan en iyi roman \u00f6d\u00fcl\u00fcne lay\u0131k g\u00f6r\u00fclen, t\u00fcm d\u00fcnyada milyonlarca okurla bulu\u015fmu\u015f ve sinemaya da uyarlanm\u0131\u015f bu \u00f6l\u00fcms\u00fcz eser Tahsin Y\u00fccel \u00e7evirisiyle yeniden T\u00fcrk\u00e7ede&#8230; <\/p>\n","protected":false},"excerpt":{"rendered":"<p>Modern Frans\u0131z edebiyat\u0131n\u0131n en \u00f6nemli ve \u00fcretken isimlerinden Marguerite Duras, s\u00f6m\u00fcrge toplumunun de\u011fer yarg\u0131lar\u0131, ailesi ve yoksulluk aras\u0131nda s\u0131k\u0131\u015fm\u0131\u015f gen\u00e7 bir kad\u0131n\u0131n ilk a\u015fk\u0131n\u0131 ve ilk<span class=\"excerpt-hellip\"> [\u2026]<\/span><\/p>\n","protected":false},"featured_media":0,"template":"","meta":{"_monsterinsights_skip_tracking":false,"_monsterinsights_sitenote_active":false,"_monsterinsights_sitenote_note":"","_monsterinsights_sitenote_category":0},"product_brand":[],"product_cat":[12291,13376],"product_tag":[],"class_list":{"0":"post-710016","1":"product","2":"type-product","3":"status-publish","5":"product_cat-edebiyat","6":"product_cat-fransiz-edebiyati","7":"pa_cilt-ciltsiz","8":"pa_tur-kitap","9":"pa_yayinevi-sel-yayincilik","10":"pa_yazar-marguerite-duras","12":"first","13":"instock","14":"sale","15":"shipping-taxable","16":"purchasable","17":"product-type-simple"},"_links":{"self":[{"href":"https:\/\/roveyayinevi.com.tr\/index.php\/wp-json\/wp\/v2\/product\/710016","targetHints":{"allow":["GET"]}}],"collection":[{"href":"https:\/\/roveyayinevi.com.tr\/index.php\/wp-json\/wp\/v2\/product"}],"about":[{"href":"https:\/\/roveyayinevi.com.tr\/index.php\/wp-json\/wp\/v2\/types\/product"}],"wp:attachment":[{"href":"https:\/\/roveyayinevi.com.tr\/index.php\/wp-json\/wp\/v2\/media?parent=710016"}],"wp:term":[{"taxonomy":"product_brand","embeddable":true,"href":"https:\/\/roveyayinevi.com.tr\/index.php\/wp-json\/wp\/v2\/product_brand?post=710016"},{"taxonomy":"product_cat","embeddable":true,"href":"https:\/\/roveyayinevi.com.tr\/index.php\/wp-json\/wp\/v2\/product_cat?post=710016"},{"taxonomy":"product_tag","embeddable":true,"href":"https:\/\/roveyayinevi.com.tr\/index.php\/wp-json\/wp\/v2\/product_tag?post=710016"}],"curies":[{"name":"wp","href":"https:\/\/api.w.org\/{rel}","templated":true}]}}