{"id":710015,"date":"2025-08-27T16:31:41","date_gmt":"2025-08-27T13:31:41","guid":{"rendered":"https:\/\/roveyayinevi.com.tr\/index.php\/urun\/yol-5\/"},"modified":"2026-04-16T02:18:49","modified_gmt":"2026-04-15T23:18:49","slug":"yol-5","status":"publish","type":"product","link":"https:\/\/roveyayinevi.com.tr\/index.php\/urun\/yol-5\/","title":{"rendered":"Yol"},"content":{"rendered":"<p>1982 Cannes Film Festivali\u2019nde Alt\u0131n Palmiye\u2019yi kazanan Yol, senaryo yaz\u0131m\u0131ndan \u00e7ekimlerine kadar d\u00fcnya sinemas\u0131nda benzeri olmayan bir fenomen niteli\u011finde. Bu kitapta, senaryo metninin yan\u0131 s\u0131ra filmin yurtd\u0131\u015f\u0131nda uyand\u0131rd\u0131\u011f\u0131 tepkileri ve Y\u0131lmaz G\u00fcney\u2019le Yol projesi \u00fczerine yap\u0131lan r\u00f6portajlar\u0131 da bulacaks\u0131n\u0131z.\u201cYol\u2019u ne denli zor ko\u015fullar alt\u0131nda ger\u00e7ekle\u015ftirdik, biliniyor. Buradan \u00e7\u0131kart\u0131lacak ders \u015fudur. En zor, en inan\u0131lmaz ko\u015fullar alt\u0131nda bile, ba\u015far\u0131ya giden yollar bulunabilir. Bu, sadece sanat alan\u0131nda de\u011fil, hayat\u0131n her alan\u0131nda m\u00fcmk\u00fcnd\u00fcr. Yeter ki, do\u011fru ve sa\u011flam bir siyaset izleyebilelim, kolektif \u00e7al\u0131\u015fman\u0131n sorumluluk ve g\u00f6revlerini iyi kavrayal\u0131m ve gereken sabr\u0131 g\u00f6sterelim\u2026\u201d-Y\u0131lmaz G\u00fcney-\u201c\u2026 Quartier Latin\u2019de pop\u00fcler bir sineman\u0131n \u00f6n\u00fcnde 45 dakikal\u0131k bir kuyruk. Salon t\u0131kl\u0131m t\u0131kl\u0131m, dikkatli, heyecanl\u0131. Film bittikten sonra \u00f6nce b\u00fcy\u00fck bir s\u00fck\u00fbnet, sonra alk\u0131\u015flar. Y\u0131lmaz G\u00fcney\u2019in Yol\u2019u hakk\u0131nda \u00e7ok \u015fey s\u00f6ylendi, \u00e7ok \u015fey yaz\u0131ld\u0131. Fakat filmin nas\u0131l kar\u015f\u0131land\u0131\u011f\u0131 da kendi ba\u015f\u0131na bir olay niteli\u011finde\u2026\u201d-Tahar ben Jelloun- <\/p>\n","protected":false},"excerpt":{"rendered":"<p>1982 Cannes Film Festivali\u2019nde Alt\u0131n Palmiye\u2019yi kazanan Yol, senaryo yaz\u0131m\u0131ndan \u00e7ekimlerine kadar d\u00fcnya sinemas\u0131nda benzeri olmayan bir fenomen niteli\u011finde. Bu kitapta, senaryo metninin yan\u0131 s\u0131ra filmin<span class=\"excerpt-hellip\"> [\u2026]<\/span><\/p>\n","protected":false},"featured_media":0,"template":"","meta":{"_monsterinsights_skip_tracking":false,"_monsterinsights_sitenote_active":false,"_monsterinsights_sitenote_note":"","_monsterinsights_sitenote_category":0},"product_brand":[],"product_cat":[12409,12408],"product_tag":[],"class_list":{"0":"post-710015","1":"product","2":"type-product","3":"status-publish","5":"product_cat-fotograf-sinema-tiyatro","6":"product_cat-sanat","7":"pa_cilt-ciltsiz","8":"pa_tur-kitap","9":"pa_yayinevi-ithaki-yayinlari","10":"pa_yazar-yilmaz-guney","12":"first","13":"instock","14":"sale","15":"shipping-taxable","16":"purchasable","17":"product-type-simple"},"_links":{"self":[{"href":"https:\/\/roveyayinevi.com.tr\/index.php\/wp-json\/wp\/v2\/product\/710015","targetHints":{"allow":["GET"]}}],"collection":[{"href":"https:\/\/roveyayinevi.com.tr\/index.php\/wp-json\/wp\/v2\/product"}],"about":[{"href":"https:\/\/roveyayinevi.com.tr\/index.php\/wp-json\/wp\/v2\/types\/product"}],"wp:attachment":[{"href":"https:\/\/roveyayinevi.com.tr\/index.php\/wp-json\/wp\/v2\/media?parent=710015"}],"wp:term":[{"taxonomy":"product_brand","embeddable":true,"href":"https:\/\/roveyayinevi.com.tr\/index.php\/wp-json\/wp\/v2\/product_brand?post=710015"},{"taxonomy":"product_cat","embeddable":true,"href":"https:\/\/roveyayinevi.com.tr\/index.php\/wp-json\/wp\/v2\/product_cat?post=710015"},{"taxonomy":"product_tag","embeddable":true,"href":"https:\/\/roveyayinevi.com.tr\/index.php\/wp-json\/wp\/v2\/product_tag?post=710015"}],"curies":[{"name":"wp","href":"https:\/\/api.w.org\/{rel}","templated":true}]}}